{"id":5097,"date":"2023-01-05T14:49:40","date_gmt":"2023-01-05T11:49:40","guid":{"rendered":"https:\/\/dentplus.com.tr\/V2\/?page_id=5097"},"modified":"2023-01-05T15:01:57","modified_gmt":"2023-01-05T12:01:57","slug":"methodes-de-traitement-des-dents-des-enfants","status":"publish","type":"page","link":"https:\/\/dentplus.com.tr\/V2\/fr\/methodes-de-traitement-des-dents-des-enfants\/","title":{"rendered":"METHODES DE TRAITEMENT DES DENTS DES ENFANTS"},"content":{"rendered":"<p><section id=\"bt_section69ec187a58ad1\"  class=\"boldSection topSemiSpaced btDarkSkin gutter inherit wBackground cover btAccentColorBackground\" style=\"background-image:url('https:\/\/dentplus.com.tr\/V2\/wp-content\/uploads\/bllurred-background.jpg');\"><div class=\"port\"><div class=\"boldCell\"><div class=\"boldCellInner\"><div class=\"boldRow  \" ><div class=\"boldRowInner\"><div class=\"rowItem col-md-9 col-ms-12  btTextLeft animate animate-fadein animate-moveleft inherit\"  ><div class=\"rowItemContent\" ><div class=\"btClear btSeparator topExtraSpaced bottomSmallSpaced noBorder\" ><hr><\/div><header class=\"header btClear extralarge btDash topDash  btNormalDash\" ><div class=\"btSuperTitle\">OPTIONS DE TRAITEMENT<\/div><div class=\"dash\"><h1><span class=\"headline\">METHODES DE TRAITEMENT DES DENTS DES ENFANTS<\/span><\/h1><\/div><\/header><div class=\"btClear btSeparator topSpaced noBorder\" ><hr><\/div><\/div><\/div><div class=\"rowItem col-md-3 col-sm-6 col-ms-12 btTextLeft\"  ><div class=\"rowItemContent\" ><\/div><\/div><\/div><\/div><\/div><\/div><\/div><\/section><section id=\"bt_section69ec187a58dc9\"  class=\"boldSection gutter inherit\" style=\"margin-top: -6px;\"><div class=\"port\"><div class=\"boldCell\"><div class=\"boldCellInner\"><div class=\"boldRow  \" ><div class=\"boldRowInner\"><div class=\"rowItem col-md-3 col-sm-6 col-ms-12 btTextLeft inherit\" style=\"background-color: rgba(0, 179, 204, 1);\" ><div class=\"rowItemContent\" ><div class=\"btClear btSeparator topExtraSmallSpaced noBorder\" ><hr><\/div><\/div><\/div><div class=\"rowItem col-md-3 col-sm-6 col-ms-12 btTextLeft inherit\" style=\"background-color: rgba(0, 161, 190, 1);\" ><div class=\"rowItemContent\" ><div class=\"btClear btSeparator topExtraSmallSpaced noBorder\" ><hr><\/div><\/div><\/div><div class=\"rowItem col-md-3 col-sm-6 col-ms-12 btTextLeft inherit\" style=\"background-color: rgba(0, 135, 170, 1);\" ><div class=\"rowItemContent\" ><div class=\"btClear btSeparator topExtraSmallSpaced noBorder\" ><hr><\/div><\/div><\/div><div class=\"rowItem col-md-3 col-sm-6 col-ms-12 btTextLeft inherit\" style=\"background-color: rgba(0, 109, 149, 1);\" ><div class=\"rowItemContent\" ><div class=\"btClear btSeparator topExtraSmallSpaced noBorder\" ><hr><\/div><\/div><\/div><\/div><\/div><\/div><\/div><\/div><\/section><section id=\"services\" data-parallax=\"0\" data-parallax-offset=\"0\" class=\"boldSection topSpaced bottomSemiSpaced gutter inherit btParallax\" ><div class=\"port\"><div class=\"boldCell\"><div class=\"boldCellInner\"><div class=\"boldRow  \" ><div class=\"boldRowInner\"><div class=\"rowItem col-md-4 col-ms-12 btTextLeft\"  ><div class=\"rowItemContent\" ><div class=\"bpgPhoto btTextCenter\" ><div class=\"btImage\"><img decoding=\"async\" src=\"https:\/\/dentplus.com.tr\/V2\/wp-content\/uploads\/pedodonti-2-320x200.png\" alt=\"\" title=\"\"><\/div><\/div><\/div><\/div><div class=\"rowItem col-md-8 col-ms-12 btTextLeft\"  ><div class=\"rowItemContent\" ><div class=\"btText\" ><\/p>\n<p><strong>Application de fluorure:<\/strong> C&#8217;est une application protectrice qui peut \u00eatre appliqu\u00e9e d\u00e8s l&#8217;\u00e2ge de 3 ans. Le mat\u00e9riau fluorure, qui peut \u00eatre appliqu\u00e9 sur le lait et les dents permanentes, renforce l&#8217;\u00e9mail des dents contre le caillage. Cependant, le mat\u00e9riau fluor\u00e9 \u00e0 lui seul ne peut pas emp\u00eacher le caillage; il doit \u00eatre soutenu par un r\u00e9gime sans caillage et un brossage r\u00e9gulier.<\/p>\n<p>&nbsp;<\/p>\n<p>combler les fissures: C&#8217;est une application protectrice appliqu\u00e9e sur les dents. Il est particuli\u00e8rement appliqu\u00e9 sur les rainures situ\u00e9es sur les surfaces de mastication des petites et grandes dents azi situ\u00e9es dans la r\u00e9gion post\u00e9rieure de la bouche. Ce mat\u00e9riau, qui emp\u00eache la mise en place de r\u00e9sidus alimentaires dans ces rainures, ne permet pas le caillage. Cependant, si un brossage r\u00e9gulier n&#8217;est pas effectu\u00e9, la formation de boucles est in\u00e9vitable.<\/p>\n<p><strong>Restauration composite:<\/strong> Lorsque la courbure ou la perte de tissu se produit dans les dents, ces tissus doivent \u00eatre reconstruits avec un mat\u00e9riau. Une fois le tissu caill\u00e9 ou malade nettoy\u00e9, la dent est restaur\u00e9e \u00e0 l&#8217;aide d&#8217;un mat\u00e9riau de restauration composite blanc similaire \u00e0 la couleur naturelle de la dent. M\u00eame apr\u00e8s la restauration du composite, un bon brossage doit \u00eatre poursuivi. Comme il y a encore du tissu dentaire naturel autour du mat\u00e9riau, le risque de d\u00e9velopper un caill\u00e9 persiste. Cette option de traitement est appliqu\u00e9e avec succ\u00e8s sur le lait et les dents permanentes.<\/p>\n<p><strong>Coiffure:<\/strong> Si la l\u00e9sion curative est proche du nerf externe mais ne l&#8217;a pas encore atteinte, un traitement de coiffure peut \u00eatre effectu\u00e9. Cependant, en m\u00eame temps, il ne devrait pas y avoir de douleur ou d&#8217;abc\u00e8s dans la r\u00e9gion distale. Une fois la cure nettoy\u00e9e, un mat\u00e9riau respectueux des tissus qui ne perturbera pas et ne prot\u00e9gera pas le nerf externe est plac\u00e9 et une restauration composite est effectu\u00e9e dessus. Cette option de traitement n&#8217;est pas appliqu\u00e9e aux dents de lait, elle est appliqu\u00e9e uniquement aux dents permanentes.<\/p>\n<p><strong>Pulpotomie (amputation) :<\/strong> Ce traitement ne convient que pour les dents de lait. Il est appliqu\u00e9 dans les courbes profondes o\u00f9 la douleur et l&#8217;infection n&#8217;ont pas encore commenc\u00e9 mais une partie du nerf dis est affect\u00e9e. La partie sup\u00e9rieure affect\u00e9e du tissu nerveux est enlev\u00e9e et un mat\u00e9riau respectueux des tissus est plac\u00e9 sur le tissu nerveux qui reste vivant dans la zone de la racine, puis une restauration composite est effectu\u00e9e. Dans certains cas, si la perte de tissu externe naturel est trop importante, il peut \u00eatre n\u00e9cessaire de fabriquer une couronne en acier inoxydable.<\/p>\n<p><strong>Pulpectomie( traitement de canal):<\/strong> Lorsque le nerf des dents de lait et permanentes est irr\u00e9m\u00e9diablement affect\u00e9 par une courbure ou enflamm\u00e9, le nerf doit \u00eatre compl\u00e8tement retir\u00e9. C&#8217;est aussi un facteur qui se r\u00e9alise dans certaines situations o\u00f9 un traumatisme survient. Dans les cas o\u00f9 l&#8217;infection, la douleur et la bu\u00e9e sont observ\u00e9es, l&#8217;utilisation d&#8217;antibiotiques peut \u00eatre n\u00e9cessaire avant la proc\u00e9dure. Une fois le nerf dans le coke retir\u00e9, un mat\u00e9riau respectueux des tissus est plac\u00e9 et une restauration composite ou une couronne en acier inoxydable est r\u00e9alis\u00e9e en fonction de la perte de tissu. Plus d&#8217;une s\u00e9ance est n\u00e9cessaire pour le traitement du canal radiculaire et la restauration externe.<\/p>\n<p><strong>Extraction dentaire:<\/strong> Les dents de lait ou permanentes qui ne peuvent pas \u00eatre trait\u00e9es pour des raisons telles qu&#8217;une infection, un traumatisme, une perte excessive de tissus sont retir\u00e9es. Dans certains cas, les dents sont arrach\u00e9es en raison de besoins orthodontiques.<\/p>\n<p><strong>Espace r\u00e9serv\u00e9:<\/strong> En raison de la perte pr\u00e9matur\u00e9e des dents de lait, certains enfants patients doivent avoir des espaces r\u00e9serv\u00e9s sp\u00e9ciaux pour la personne. Les dents voisines peuvent se d\u00e9placer vers la zone de retrait, provoquant la fermeture de l&#8217;espace de retrait et for\u00e7ant la sortie continue qui continuera \u00e0 \u00eatre forc\u00e9e ou m\u00eame emp\u00each\u00e9e. Le but des espaces r\u00e9serv\u00e9s est d&#8217;\u00e9liminer la perte d&#8217;espace qui peut survenir, de minimiser le besoin de traitement orthodontique et de pr\u00e9server les fonctions de la parole et de la cignature.<\/p>\n<p>&nbsp;<\/p>\n<p><strong>Couronne en acier inoxydable:<\/strong> L&#8217;application de la couronne en acier inoxydable peut \u00eatre effectu\u00e9e lorsqu&#8217;il y a trop de perte de tissu sur les dents de lait \u00e0 traiter avec un mat\u00e9riau de restauration composite. Cependant, si n\u00e9cessaire, des proc\u00e9dures de pulpotomie et de pulpectomie doivent \u00eatre effectu\u00e9es avant cette application. L&#8217;application de la couronne en acier inoxydable emp\u00eache la r\u00e9duction de la dimension verticale et permet la protection ou la r\u00e9cup\u00e9ration de la fonction de mastication.<\/p>\n<p>\n<\/div><\/div><\/div><\/div><\/div><div class=\"boldRow  \" ><div class=\"boldRowInner\"><\/div><\/div><div class=\"boldRow  \" ><div class=\"boldRowInner\"><div class=\"rowItem col-md-12 col-ms-12  btTextCenter animate animate-fadein btTextIndent inherit\"  ><div class=\"rowItemContent\" ><div class=\"btClear btSeparator topSemiSpaced noBorder\" ><hr><\/div><\/div><\/div><\/div><\/div><\/div><\/div><\/div><\/section><section id=\"bt_section69ec187a5979f\"  class=\"boldSection topSemiSpaced bottomSemiSpaced btDarkSkin gutter inherit btAccentColorBackground\" style=\"margin-top: -6px;\"><div class=\"port\"><div class=\"boldCell\"><div class=\"boldCellInner\"><div class=\"boldRow  \" ><div class=\"boldRowInner\"><div class=\"rowItem col-md-8 col-ms-12 btTextLeft animate animate-fadein animate-moveup btMiddleVertical\"  ><div class=\"rowItemContent\" ><header class=\"header btClear medium  btAccentDash\" ><div class=\"dash\"><h3><span class=\"headline\">VEUILLEZ NOUS CONTACTER POUR PRENDRE RENDEZ-VOUS<\/span><\/h3><\/div><\/header><\/div><\/div><div class=\"rowItem col-md-4 col-ms-12 btTextLeft animate animate-fadein animate-moveup btMiddleVertical\"  ><div class=\"rowItemContent\" ><a href=\"https:\/\/dentplus.com.tr\/V2\/fr\/rendez-vous-en-ligne\/\" class=\"btBtn btBtn btnFilledStyle btnNormalColor btnSmall btnNormalWidth btnRightPosition btnNoIcon\" ><span class=\"btnInnerText\">Rendez-vous en Ligne<\/span><\/a><\/div><\/div><\/div><\/div><\/div><\/div><\/div><\/section><\/p>\n","protected":false},"excerpt":{"rendered":"","protected":false},"author":1,"featured_media":0,"parent":0,"menu_order":0,"comment_status":"closed","ping_status":"closed","template":"","meta":{"ngg_post_thumbnail":0,"footnotes":""},"class_list":["post-5097","page","type-page","status-publish","hentry"],"_links":{"self":[{"href":"https:\/\/dentplus.com.tr\/V2\/wp-json\/wp\/v2\/pages\/5097","targetHints":{"allow":["GET"]}}],"collection":[{"href":"https:\/\/dentplus.com.tr\/V2\/wp-json\/wp\/v2\/pages"}],"about":[{"href":"https:\/\/dentplus.com.tr\/V2\/wp-json\/wp\/v2\/types\/page"}],"author":[{"embeddable":true,"href":"https:\/\/dentplus.com.tr\/V2\/wp-json\/wp\/v2\/users\/1"}],"replies":[{"embeddable":true,"href":"https:\/\/dentplus.com.tr\/V2\/wp-json\/wp\/v2\/comments?post=5097"}],"version-history":[{"count":3,"href":"https:\/\/dentplus.com.tr\/V2\/wp-json\/wp\/v2\/pages\/5097\/revisions"}],"predecessor-version":[{"id":5100,"href":"https:\/\/dentplus.com.tr\/V2\/wp-json\/wp\/v2\/pages\/5097\/revisions\/5100"}],"wp:attachment":[{"href":"https:\/\/dentplus.com.tr\/V2\/wp-json\/wp\/v2\/media?parent=5097"}],"curies":[{"name":"wp","href":"https:\/\/api.w.org\/{rel}","templated":true}]}}