{"id":5083,"date":"2023-01-05T12:58:14","date_gmt":"2023-01-05T09:58:14","guid":{"rendered":"https:\/\/dentplus.com.tr\/V2\/?page_id=5083"},"modified":"2023-01-05T13:00:03","modified_gmt":"2023-01-05T10:00:03","slug":"troubles-de-larticulation-de-la-machoire","status":"publish","type":"page","link":"https:\/\/dentplus.com.tr\/V2\/fr\/troubles-de-larticulation-de-la-machoire\/","title":{"rendered":"TROUBLES DE L&#8217;ARTICULATION DE LA M\u00c2CHOIRE"},"content":{"rendered":"<p><section id=\"bt_section69ebe7e187ee0\"  class=\"boldSection topSemiSpaced btDarkSkin gutter inherit wBackground cover btAccentColorBackground\" style=\"background-image:url('https:\/\/dentplus.com.tr\/V2\/wp-content\/uploads\/bllurred-background.jpg');\"><div class=\"port\"><div class=\"boldCell\"><div class=\"boldCellInner\"><div class=\"boldRow  \" ><div class=\"boldRowInner\"><div class=\"rowItem col-md-9 col-ms-12  btTextLeft animate animate-fadein animate-moveleft inherit\"  ><div class=\"rowItemContent\" ><div class=\"btClear btSeparator topExtraSpaced bottomSmallSpaced noBorder\" ><hr><\/div><header class=\"header btClear extralarge btDash topDash  btNormalDash\" ><div class=\"btSuperTitle\">OPTIONS DE TRAITEMENT<\/div><div class=\"dash\"><h1><span class=\"headline\">TROUBLES DE L&#8217;ARTICULATION DE LA M\u00c2CHOIRE<\/span><\/h1><\/div><\/header><div class=\"btClear btSeparator topSpaced noBorder\" ><hr><\/div><\/div><\/div><div class=\"rowItem col-md-3 col-sm-6 col-ms-12 btTextLeft\"  ><div class=\"rowItemContent\" ><\/div><\/div><\/div><\/div><\/div><\/div><\/div><\/section><section id=\"bt_section69ebe7e1881c0\"  class=\"boldSection gutter inherit\" style=\"margin-top: -6px;\"><div class=\"port\"><div class=\"boldCell\"><div class=\"boldCellInner\"><div class=\"boldRow  \" ><div class=\"boldRowInner\"><div class=\"rowItem col-md-3 col-sm-6 col-ms-12 btTextLeft inherit\" style=\"background-color: rgba(0, 179, 204, 1);\" ><div class=\"rowItemContent\" ><div class=\"btClear btSeparator topExtraSmallSpaced noBorder\" ><hr><\/div><\/div><\/div><div class=\"rowItem col-md-3 col-sm-6 col-ms-12 btTextLeft inherit\" style=\"background-color: rgba(0, 161, 190, 1);\" ><div class=\"rowItemContent\" ><div class=\"btClear btSeparator topExtraSmallSpaced noBorder\" ><hr><\/div><\/div><\/div><div class=\"rowItem col-md-3 col-sm-6 col-ms-12 btTextLeft inherit\" style=\"background-color: rgba(0, 135, 170, 1);\" ><div class=\"rowItemContent\" ><div class=\"btClear btSeparator topExtraSmallSpaced noBorder\" ><hr><\/div><\/div><\/div><div class=\"rowItem col-md-3 col-sm-6 col-ms-12 btTextLeft inherit\" style=\"background-color: rgba(0, 109, 149, 1);\" ><div class=\"rowItemContent\" ><div class=\"btClear btSeparator topExtraSmallSpaced noBorder\" ><hr><\/div><\/div><\/div><\/div><\/div><\/div><\/div><\/div><\/section><section id=\"services\" data-parallax=\"0\" data-parallax-offset=\"0\" class=\"boldSection topSpaced bottomSemiSpaced gutter inherit btParallax\" ><div class=\"port\"><div class=\"boldCell\"><div class=\"boldCellInner\"><div class=\"boldRow  \" ><div class=\"boldRowInner\"><div class=\"rowItem col-md-4 col-ms-12 btTextLeft\"  ><div class=\"rowItemContent\" ><div class=\"bpgPhoto btTextCenter\" ><div class=\"btImage\"><img decoding=\"async\" src=\"https:\/\/dentplus.com.tr\/V2\/wp-content\/uploads\/\u00e7enehasla\u011f\u0131-1-320x200.png\" alt=\"\" title=\"\"><\/div><\/div><\/div><\/div><div class=\"rowItem col-md-8 col-ms-12 btTextLeft\"  ><div class=\"rowItemContent\" ><div class=\"btText\" ><\/p>\n<div class=\"sixteen columns\">\n<p>Bien que les troubles de l&#8217;articulation de la m\u00e2choire puissent \u00eatre observ\u00e9s \u00e0 tout \u00e2ge dans la soci\u00e9t\u00e9, ils sont l&#8217;une des maladies qui peuvent toucher principalement les jeunes. Bien qu&#8217;il puisse parfois se produire sous forme de son pendant de nombreuses ann\u00e9es, sans donner de sympt\u00f4mes cliniques, il est parfois caract\u00e9ris\u00e9 par une douleur qui fatigue les gens de leur vie.<\/p>\n<p>Les troubles de l&#8217;ATM (articulation de la m\u00e2choire) sont caract\u00e9ris\u00e9s par divers sympt\u00f4mes allant des acouph\u00e8nes aux maux de t\u00eate, d&#8217;un simple bruit articulaire au blocage de la m\u00e2choire. En cons\u00e9quence, les patients avec un sp\u00e9cialiste des oreilles, du nez et de la gorge, un sp\u00e9cialiste en neurologie, des chirurgiens de la m\u00e2choire, des m\u00e9decins et des physioth\u00e9rapeutes en contact avec une solution \u00e0 leurs probl\u00e8mes sont diff\u00e9rents. Cependant, les approches multidisciplinaires peuvent \u00eatre incompl\u00e8tes sans l&#8217;\u00e9valuation de l&#8217;occlusion (fermeture des dents) et de la dimension verticale d&#8217;un prosthodontiste.<\/p>\n<p>L&#8217;articulation temporo-mandibulaire est le seul type d&#8217;articulation du corps qui peut effectuer un mouvement de glissement avec un mouvement de charni\u00e8re. Chez les patients pr\u00e9sentant des dysfonctionnements de l&#8217;ATM( troubles de l&#8217;articulation de la m\u00e2choire), des sympt\u00f4mes tels que douleur dans et autour de l&#8217;articulation, cliquetis dans l&#8217;articulation, sensibilit\u00e9 et douleur dans les muscles, maux de t\u00eate et limitation des mouvements de la m\u00e2choire sont observ\u00e9s. Les troubles dentaires, ainsi que l&#8217;articulation de la m\u00e2choire peuvent affecter l&#8217;articulation de la m\u00e2choire, les troubles articulaires et dentaires affectent \u00e9galement les tissus environnants, en particulier les muscles, trop. Ces troubles peuvent \u00e9galement affecter l&#8217;articulation de la m\u00e2choire.<\/p>\n<p>Options de traitement pour les maladies de l&#8217;ATM(maladies des articulations de la m\u00e2choire);<\/p>\n<ol>\n<li>Traitement de l&#8217;attelle occlusale<\/li>\n<li>Physioth\u00e9rapie<\/li>\n<li>Traitement pharmacologique<\/li>\n<li>Il s&#8217;agit d&#8217;une ou plusieurs des options de traitement de soutien psychiatrique.<\/li>\n<\/ol>\n<p>Dans notre clinique; Ces traitements sont effectu\u00e9s par notre sp\u00e9cialiste des proth\u00e8ses maxillo-faciales selon les indications et les besoins des patients.<\/p>\n<\/div>\n<p>\n<\/div><\/div><\/div><\/div><\/div><div class=\"boldRow  \" ><div class=\"boldRowInner\"><div class=\"rowItem col-md-12 col-ms-12  btTextCenter animate animate-fadein btTextIndent inherit\"  ><div class=\"rowItemContent\" ><div class=\"btClear btSeparator topSemiSpaced noBorder\" ><hr><\/div><\/div><\/div><\/div><\/div><\/div><\/div><\/div><\/section><section id=\"bt_section69ebe7e188939\"  class=\"boldSection topSemiSpaced bottomSemiSpaced btDarkSkin gutter inherit btAccentColorBackground\" style=\"margin-top: -6px;\"><div class=\"port\"><div class=\"boldCell\"><div class=\"boldCellInner\"><div class=\"boldRow  \" ><div class=\"boldRowInner\"><div class=\"rowItem col-md-8 col-ms-12 btTextLeft animate animate-fadein animate-moveup btMiddleVertical\"  ><div class=\"rowItemContent\" ><header class=\"header btClear medium  btAccentDash\" ><div class=\"dash\"><h3><span class=\"headline\">VEUILLEZ NOUS CONTACTER POUR PRENDRE RENDEZ-VOUS<\/span><\/h3><\/div><\/header><\/div><\/div><div class=\"rowItem col-md-4 col-ms-12 btTextLeft animate animate-fadein animate-moveup btMiddleVertical\"  ><div class=\"rowItemContent\" ><a href=\"https:\/\/dentplus.com.tr\/V2\/fr\/rendez-vous-en-ligne\/\" class=\"btBtn btBtn btnFilledStyle btnNormalColor btnSmall btnNormalWidth btnRightPosition btnNoIcon\" ><span class=\"btnInnerText\">Rendez-vous en Ligne<\/span><\/a><\/div><\/div><\/div><\/div><\/div><\/div><\/div><\/section><\/p>\n","protected":false},"excerpt":{"rendered":"","protected":false},"author":1,"featured_media":0,"parent":0,"menu_order":0,"comment_status":"closed","ping_status":"closed","template":"","meta":{"ngg_post_thumbnail":0,"footnotes":""},"class_list":["post-5083","page","type-page","status-publish","hentry"],"_links":{"self":[{"href":"https:\/\/dentplus.com.tr\/V2\/wp-json\/wp\/v2\/pages\/5083","targetHints":{"allow":["GET"]}}],"collection":[{"href":"https:\/\/dentplus.com.tr\/V2\/wp-json\/wp\/v2\/pages"}],"about":[{"href":"https:\/\/dentplus.com.tr\/V2\/wp-json\/wp\/v2\/types\/page"}],"author":[{"embeddable":true,"href":"https:\/\/dentplus.com.tr\/V2\/wp-json\/wp\/v2\/users\/1"}],"replies":[{"embeddable":true,"href":"https:\/\/dentplus.com.tr\/V2\/wp-json\/wp\/v2\/comments?post=5083"}],"version-history":[{"count":2,"href":"https:\/\/dentplus.com.tr\/V2\/wp-json\/wp\/v2\/pages\/5083\/revisions"}],"predecessor-version":[{"id":5086,"href":"https:\/\/dentplus.com.tr\/V2\/wp-json\/wp\/v2\/pages\/5083\/revisions\/5086"}],"wp:attachment":[{"href":"https:\/\/dentplus.com.tr\/V2\/wp-json\/wp\/v2\/media?parent=5083"}],"curies":[{"name":"wp","href":"https:\/\/api.w.org\/{rel}","templated":true}]}}