{"id":5075,"date":"2023-01-05T12:53:55","date_gmt":"2023-01-05T09:53:55","guid":{"rendered":"https:\/\/dentplus.com.tr\/V2\/?page_id=5075"},"modified":"2023-01-05T12:56:33","modified_gmt":"2023-01-05T09:56:33","slug":"maladies-des-gencives","status":"publish","type":"page","link":"https:\/\/dentplus.com.tr\/V2\/fr\/maladies-des-gencives\/","title":{"rendered":"MALADIES DES GENCIVES"},"content":{"rendered":"<p><section id=\"bt_section69ec18aee903b\"  class=\"boldSection topSemiSpaced btDarkSkin gutter inherit wBackground cover btAccentColorBackground\" style=\"background-image:url('https:\/\/dentplus.com.tr\/V2\/wp-content\/uploads\/bllurred-background.jpg');\"><div class=\"port\"><div class=\"boldCell\"><div class=\"boldCellInner\"><div class=\"boldRow  \" ><div class=\"boldRowInner\"><div class=\"rowItem col-md-9 col-ms-12  btTextLeft animate animate-fadein animate-moveleft inherit\"  ><div class=\"rowItemContent\" ><div class=\"btClear btSeparator topExtraSpaced bottomSmallSpaced noBorder\" ><hr><\/div><header class=\"header btClear extralarge btDash topDash  btNormalDash\" ><div class=\"btSuperTitle\">OPTIONS DE TRAITEMENT<\/div><div class=\"dash\"><h1><span class=\"headline\">MALADIES DES GENCIVES<\/span><\/h1><\/div><\/header><div class=\"btClear btSeparator topSpaced noBorder\" ><hr><\/div><\/div><\/div><div class=\"rowItem col-md-3 col-sm-6 col-ms-12 btTextLeft\"  ><div class=\"rowItemContent\" ><\/div><\/div><\/div><\/div><\/div><\/div><\/div><\/section><section id=\"bt_section69ec18aee923b\"  class=\"boldSection gutter inherit\" style=\"margin-top: -6px;\"><div class=\"port\"><div class=\"boldCell\"><div class=\"boldCellInner\"><div class=\"boldRow  \" ><div class=\"boldRowInner\"><div class=\"rowItem col-md-3 col-sm-6 col-ms-12 btTextLeft inherit\" style=\"background-color: rgba(0, 179, 204, 1);\" ><div class=\"rowItemContent\" ><div class=\"btClear btSeparator topExtraSmallSpaced noBorder\" ><hr><\/div><\/div><\/div><div class=\"rowItem col-md-3 col-sm-6 col-ms-12 btTextLeft inherit\" style=\"background-color: rgba(0, 161, 190, 1);\" ><div class=\"rowItemContent\" ><div class=\"btClear btSeparator topExtraSmallSpaced noBorder\" ><hr><\/div><\/div><\/div><div class=\"rowItem col-md-3 col-sm-6 col-ms-12 btTextLeft inherit\" style=\"background-color: rgba(0, 135, 170, 1);\" ><div class=\"rowItemContent\" ><div class=\"btClear btSeparator topExtraSmallSpaced noBorder\" ><hr><\/div><\/div><\/div><div class=\"rowItem col-md-3 col-sm-6 col-ms-12 btTextLeft inherit\" style=\"background-color: rgba(0, 109, 149, 1);\" ><div class=\"rowItemContent\" ><div class=\"btClear btSeparator topExtraSmallSpaced noBorder\" ><hr><\/div><\/div><\/div><\/div><\/div><\/div><\/div><\/div><\/section><section id=\"services\" data-parallax=\"0\" data-parallax-offset=\"0\" class=\"boldSection topSpaced bottomSemiSpaced gutter inherit btParallax\" ><div class=\"port\"><div class=\"boldCell\"><div class=\"boldCellInner\"><div class=\"boldRow  \" ><div class=\"boldRowInner\"><div class=\"rowItem col-md-4 col-ms-12 btTextLeft\"  ><div class=\"rowItemContent\" ><div class=\"bpgPhoto btTextCenter\" ><div class=\"btImage\"><img decoding=\"async\" src=\"https:\/\/dentplus.com.tr\/V2\/wp-content\/uploads\/8-1-320x322.jpg\" alt=\"\" title=\"\"><\/div><\/div><\/div><\/div><div class=\"rowItem col-md-8 col-ms-12 btTextLeft\"  ><div class=\"rowItemContent\" ><div class=\"btText\" ><\/p>\n<p><strong>Comment devrait \u00eatre une gencive saine ?<\/strong><\/p>\n<p>Une gencive saine, principalement de couleur rose clair, a une surface mate de consistance dure avec un aspect de peau d&#8217;orange et a des caract\u00e9ristiques qui se terminent comme une ar\u00eate de couteau.<\/p>\n<p><strong>Comment la maladie est-elle diagnostiqu\u00e9e ?<\/strong><\/p>\n<p>La maladie est diagnostiqu\u00e9e par un examen clinique et radiographique par le dentiste.<\/p>\n<p><strong>Quelles sont les maladies des gencives ?<\/strong><\/p>\n<p>La maladie des gencives couvre un large \u00e9ventail de domaines, de la simple gingivite (gingivite) aux infections graves (parodontite), dans lesquelles les os de la m\u00e2choire entourant les racines des dents fondent et les dents sont perdues.<\/p>\n<p>\n<\/div><\/div><\/div><\/div><\/div><div class=\"boldRow  \" ><div class=\"boldRowInner\"><div class=\"rowItem col-md-12 col-ms-12  btTextLeft\"  ><div class=\"rowItemContent\" ><strong>Quels sont les sympt\u00f4mes intra-oraux de la maladie parodontale ?<\/strong><\/p>\n<ul>\n<li>Saignement spontan\u00e9 ou brossage des gencives \u2022 * Changements de couleur rose p\u00e2le, rouge ou m\u00eame violet, \u2022 gonflement des gencives \u2022 * mauvaise haleine, \u00e9tanch\u00e9it\u00e9 de la nourriture entre les dents, est, \u2022 l&#8217;augmentation de l&#8217;accumulation de tartre, \u2022 d\u00e9mangeaisons dans les gencives, \u2022 retrait des gencives \u2022 dans les derniers stades de la maladie, ouvre l&#8217;os de la m\u00e2choire entourant les racines des dents entre les dents pour fondre, s&#8217;\u00e9tend en longueur et les dents commencent \u00e0 vaciller.<\/li>\n<\/ul>\n<p><strong>Causes de la Maladie Parodontale<\/strong><\/p>\n<p>La premi\u00e8re cause de la maladie est la plaque dentaire microbienne, qui est form\u00e9e par l&#8217;accumulation des nutriments que nous mangeons \u00e0 la surface des dents et entre elles \u00e0 la suite d&#8217;un brossage efficace non d\u00e9contaminant. Il existe de nombreux types et nombres de micro-organismes dans cette plaque.Les substances nocives produites par ces micro-organismes provoquent des maladies des gencives. La plaque dentaire microbienne est initialement molle, elle peut \u00eatre facilement enlev\u00e9e sur les dents \u00e0 l&#8217;aide d&#8217;une brosse \u00e0 dents et de fil dentaire.<\/p>\n<p>Cependant, si la plaque n&#8217;est pas nettoy\u00e9e correctement, elle durcit en se combinant avec la salive et du tartre dentaire se forme. Parce que la surface de la pierre dentaire est rugueuse, elle facilite l&#8217;accumulation de plaque, ce qui la rend difficile \u00e0 nettoyer.Pour cette raison, les calculs dentaires doivent \u00eatre nettoy\u00e9s \u00e0 intervalles r\u00e9guliers et retir\u00e9s de la bouche \u00e0 l&#8217;aide d&#8217;une brosse et la plaque doit \u00eatre retir\u00e9e de la bouche \u00e0 l&#8217;aide d&#8217;une brosse et d&#8217;un fil , alors qu&#8217;elle est douce, sans permettre la formation de tartre dentaire. Bien que la plaque dentaire microbienne soit la principale cause de la maladie, la maladie des gencives est un trouble multifactoriel. Les facteurs syst\u00e9miques, environnementaux et familiaux jouent un r\u00f4le de facteurs de risque dans l&#8217;\u00e9volution de la maladie.<\/p>\n<p><strong>Maladies Syst\u00e9miques et leurs Effets<\/strong><\/p>\n<p>Les maladies des gencives, les maladies cardiaques et pulmonaires, le diab\u00e8te et les b\u00e9b\u00e9s pr\u00e9matur\u00e9s \/ de faible poids \u00e0 la naissance jouent un r\u00f4le de facteur de risque lors de l&#8217;accouchement. Selon les recherches, les m\u00e9canismes de d\u00e9veloppement des maladies cardiaques et des maladies des gencives ont des caract\u00e9ristiques similaires. Les deux surviennent \u00e0 un \u00e2ge avanc\u00e9, chez les hommes, les fumeurs, les personnes souffrant d&#8217;hypertension art\u00e9rielle, les personnes stress\u00e9es. La recherche montre que les personnes atteintes d&#8217;infections buccales sont 30% plus susceptibles d&#8217;avoir une crise cardiaque que les personnes qui n&#8217;ont pas d&#8217;infection. Les micro-organismes responsables des maladies des gencives et les substances nocives qu&#8217;ils s\u00e9cr\u00e8tent jouent un r\u00f4le important dans le diab\u00e8te. Il a \u00e9t\u00e9 prouv\u00e9 par des \u00e9tudes scientifiques que les patients diab\u00e9tiques non contr\u00f4l\u00e9s d\u00e9veloppent plus de maladies des gencives que les patients diab\u00e9tiques contr\u00f4l\u00e9s avec le m\u00eame niveau d&#8217;hygi\u00e8ne bucco-dentaire.<\/p>\n<p>L&#8217;inhalation de micro-organismes efficaces dans le d\u00e9veloppement d&#8217;une maladie des gencives ou la collecte de ces micro-organismes dans les voies respiratoires entra\u00eene le d\u00e9veloppement de maladies pulmonaires. De la m\u00eame mani\u00e8re, les micro-organismes impliqu\u00e9s dans le d\u00e9veloppement de la maladie des gencives pr\u00e9sentent un risque de naissance pr\u00e9matur\u00e9e pour le f\u0153tus chez la femme enceinte et le risque de donner naissance \u00e0 un b\u00e9b\u00e9 de faible poids \u00e0 la naissance.<\/p>\n<p>Quelle est la relation entre la maladie des gencives et l&#8217;utilisation de m\u00e9dicaments? D\u00e9contamination<\/p>\n<p>Certains m\u00e9dicaments utilis\u00e9s pour traiter l&#8217;\u00e9pilepsie, traiter l&#8217;hypertension et supprimer le syst\u00e8me immunitaire apr\u00e8s une transplantation d&#8217;organe entra\u00eenent une croissance des gencives.<\/p>\n<p><strong>&nbsp;Pr\u00e9vention des Maladies Parodontales<\/strong><\/p>\n<p>Le traitement de la maladie vise \u00e0 corriger les tissus mous (gencive) et durs (os) entourant les dents et la destruction de ces tissus. La premi\u00e8re \u00e9tape du traitement chez les personnes dans la dent, appel\u00e9e \u00e9limination de la plaque microbienne et de l&#8217;\u00e9ducation dentaire au tartre et hygi\u00e8ne bucco-dentaire de la maladie (pour utiliser une brosse ordinaire, ip \/ interface, utilisez la brosse fournie. Cette m\u00e9thode, appel\u00e9e traitement parodontal initial, est utilis\u00e9e pour une inflammation simple des gencives, car il peut s&#8217;agir d&#8217;une m\u00e9thode de traitement autonome, ainsi que pour la pr\u00e9paration d&#8217;une chirurgie parodontale \u00e0 des stades avanc\u00e9s de la maladie. La chirurgie parodontale diff\u00e8re selon la gravit\u00e9 et le type de la disease. In les cas o\u00f9 la maladie se limite uniquement \u00e0 la gencive, l&#8217;objectif est d&#8217;\u00e9liminer la poche gingivale, tandis que dans les cas o\u00f9 l&#8217;os de la m\u00e2choire est \u00e9galement affect\u00e9, il vise \u00e0 traiter l&#8217;os en plus de l&#8217;\u00e9limination de la poche, l&#8217;os est corrig\u00e9 et, si n\u00e9cessaire, des biomat\u00e9riaux tels que poudre d&#8217;os, membrane sont utilis\u00e9s. L&#8217;op\u00e9ration commence par une anesth\u00e9sie locale et se poursuit avec l&#8217;ablation des gencives, une fois les gencives retir\u00e9es, les tissus inflammatoires sont nettoy\u00e9s, l&#8217;os est redress\u00e9, la poudre d&#8217;os est appliqu\u00e9e et sutur\u00e9e, et le tissu est laiss\u00e9 \u00e0 gu\u00e9rir. Les points de suture sont retir\u00e9s dans les 7 \u00e0 14 jours en fonction de la diff\u00e9rence de traitement. Au cours des 2 premi\u00e8res ann\u00e9es, le patient est appel\u00e9 pour un bilan de sant\u00e9 4 fois par an, puis 2 fois par an les ann\u00e9es suivantes. Si cela est jug\u00e9 n\u00e9cessaire, le m\u00e9decin augmente le nombre de contr\u00f4les.<\/p>\n<p><strong>Questions Fr\u00e9quemment Pos\u00e9es<\/strong><\/p>\n<p><strong>\u00c0 quelle fr\u00e9quence dois-je faire nettoyer les calculs dentaires ? <\/strong><\/p>\n<p>Si de tr\u00e8s bons soins bucco-dentaires sont fournis, il n&#8217;est pas n\u00e9cessaire de nettoyer le tartre dentaire. Cependant, il est utile de consulter r\u00e9guli\u00e8rement le dentiste au moins 2 fois par an, tous les 6 mois. Si cela est jug\u00e9 n\u00e9cessaire lors de ces contr\u00f4les, un nettoyage de la pierre dentaire peut \u00eatre effectu\u00e9. Que peut-il se passer apr\u00e8s une op\u00e9ration des gencives ou une op\u00e9ration du lambeau (curetage ouvert) ?&nbsp; Le premier jour, des saignements, des douleurs et un gonflement au site de l&#8217;op\u00e9ration peuvent appara\u00eetre. Au cours des 3 \u00e0 4 premi\u00e8res semaines, une sensibilit\u00e9 dentaire peut survenir. Il vise \u00e0 terminer la p\u00e9riode postop\u00e9ratoire confortablement avec des m\u00e9dicaments, un traitement \u00e0 la glace et de tr\u00e8s bons soins bucco-dentaires.<\/p>\n<p><strong>Qu&#8217;est-ce qu&#8217;un sourire de gencive(sourire gencive) ?<\/strong><\/p>\n<p>Souriez; pendant ce temps, les gencives apparaissent en petite quantit\u00e9 en harmonie avec les l\u00e8vres. Les situations dans lesquelles les gencives apparaissent trop sont appel\u00e9es un sourire gingival.<\/p>\n<p>Existe-t-il un traitement pour le sourire gencive(sourire gencive) ? Oui, il y en a. Avec le processus d&#8217;arrangement de gomme cosm\u00e9tique, les sections o\u00f9 la gomme appara\u00eet trop sont \u00e9limin\u00e9es. Les gencives re\u00e7oivent une nouvelle forme. Ainsi, un sourire plus beau peut \u00eatre obtenu, dans lequel les dents et les gencives semblent \u00e9quilibr\u00e9es.<\/p>\n<p><strong>Les maladies des gencives r\u00e9apparaissent-elles apr\u00e8s le traitement ?<\/strong><\/p>\n<p>Oui; il peut le r\u00e9p\u00e9ter. Si vous passez beaucoup de temps sans contr\u00f4le avec de mauvais soins bucco-dentaires, la maladie parodontale r\u00e9appara\u00eet. Il est tr\u00e8s important que les soins bucco-dentaires soient bons apr\u00e8s un traitement parodontal. De plus, les contr\u00f4les r\u00e9guliers ne doivent pas \u00eatre perturb\u00e9s. Apr\u00e8s de tr\u00e8s bons soins bucco-dentaires et des examens r\u00e9guliers qui ne sont pas interrompus, la maladie des gencives ne se reproduit pas.<\/p>\n<p><strong>Que faut-il faire pour que la maladie des gencives ne se reproduise pas ?<\/strong><\/p>\n<p>Les soins bucco-dentaires devraient \u00eatre tr\u00e8s bons. Les dents doivent \u00eatre bross\u00e9es r\u00e9guli\u00e8rement et efficacement. En plus du brossage des dents, la d\u00e9contamination avec des brosses dentaires, de d\u00e9contamination ou une douche buccale est \u00e9galement tr\u00e8s importante. De plus, les contr\u00f4les r\u00e9guliers, qui sont g\u00e9n\u00e9ralement effectu\u00e9s \u00e0 des intervalles de d\u00e9cembre de 3 \u00e0 6 mois, ne doivent pas \u00eatre perturb\u00e9s.<\/p>\n<p><strong>Quand faut-il changer la brosse \u00e0 dents ?<\/strong><\/p>\n<p>Il peut g\u00e9n\u00e9ralement \u00eatre utilis\u00e9 pendant 3-4 mois. Vous pouvez dire que la brosse \u00e0 dents est cass\u00e9e par la s\u00e9paration, la dispersion et la flexion des faisceaux de cheveux les uns des autres. Les brosses \u00e0 poils raides peuvent endommager vos dents. Les enfants, en revanche, vieillissent le pinceau plus rapidement qu&#8217;ils ne peuvent encore appliquer compl\u00e8tement le bon pinceau.<\/p>\n<p>Les dents seront-elles endommag\u00e9es si une technique appropri\u00e9e n&#8217;est pas utilis\u00e9e ? Oui&#8230; M\u00eame si les dents sont recouvertes d&#8217;\u00e9mail, qui est une couche tr\u00e8s dure, elles peuvent \u00eatre tr\u00e8s endommag\u00e9es m\u00eame par un pinceau que vous n&#8217;appliquerez qu&#8217;avec la mauvaise technique. Cela peut entra\u00eener des abrasions \u00e0 la fois dans la partie sup\u00e9rieure de la dent et dans la couche recouvrant la racine, ainsi que des retraits dans les gencives. Dans ce cas, les dents deviennent plus sujettes aux caries. Se brosser les dents avec une force suffisamment importante pour \u00e9roder les dents doit \u00eatre \u00e9vit\u00e9 et la brosse doit \u00eatre d\u00e9plac\u00e9e avec des mouvements doux.<\/p>\n<p><strong>Peut-on donner une garantie pour les implants ?<\/strong><\/p>\n<p>Dans des \u00e9tudes scientifiques, il a \u00e9t\u00e9 d\u00e9montr\u00e9 que le succ\u00e8s de l&#8217;implant varie entre 90 et 100% . Cependant, comme pour tout type d&#8217;intervention m\u00e9dicale, il n&#8217;est pas possible de donner une garantie pour les implants.<\/p>\n<p>Que Puis-Je Manger Apr\u00e8s l&#8217;Op\u00e9ration ? Vous devrez peut-\u00eatre manger des aliments mous et des aliments liquides. Les avertissements n\u00e9cessaires \u00e0 ce sujet seront faits par votre dentiste.<\/p>\n<p>Se Brosser Les Dents Suffit-Il ? M\u00eame avec une technique appropri\u00e9e, brossez, collez et brossez qui dure 2-3 minutes, comme il se doit, les surfaces o\u00f9 vos dents sont en contact les unes avec les autres ne peuvent pas \u00eatre compl\u00e8tement nettoy\u00e9es. Souvent, le point de d\u00e9part des ecchymoses est \u00e9galement ces zones ferm\u00e9es difficiles \u00e0 atteindre. Pour un nettoyage sain, il est absolument n\u00e9cessaire d&#8217;utiliser du fil dentaire et \/ ou une brosse \u00e0 dents apr\u00e8s le brossage (au moins 1 fois par <strong>jour). Apr\u00e8s chaque repas, faites glisser le fil dentaire entre vos dents pour d\u00e9contaminer les restes.<\/strong><\/p>\n<p><strong>Quelle est la relation entre le tabagisme et la maladie ?<\/strong><\/p>\n<p>Il a \u00e9t\u00e9 prouv\u00e9 par des \u00e9tudes scientifiques que le tabagisme augmente la perte osseuse dans les maladies des gencives. De la m\u00eame mani\u00e8re, le tabagisme r\u00e9duit le niveau d&#8217;hygi\u00e8ne bucco-dentaire et facilite l&#8217;accumulation de plaque dentaire microbienne. Il a \u00e9galement \u00e9t\u00e9 cliniquement observ\u00e9 que la r\u00e9cup\u00e9ration est plus lente chez les personnes qui fument apr\u00e8s un traitement des gencives.<\/p>\n<p><strong>Comment Les Facteurs Familiaux Affectent-Ils Les Maladies Des Gencives ?<\/strong><\/p>\n<p>On sait que dans certains types de la maladie, il existe une transmission g\u00e9n\u00e9tique de la maladie. De la m\u00eame mani\u00e8re, bien que ce ne soit pas la premi\u00e8re cause, on pense que certaines personnes ont un risque g\u00e9n\u00e9tiquement plus \u00e9lev\u00e9 de d\u00e9velopper cette maladie.<\/div><\/div><\/div><\/div><div class=\"boldRow  \" ><div class=\"boldRowInner\"><div class=\"rowItem col-md-12 col-ms-12  btTextCenter animate animate-fadein btTextIndent inherit\"  ><div class=\"rowItemContent\" ><div class=\"btClear btSeparator topSemiSpaced noBorder\" ><hr><\/div><\/div><\/div><\/div><\/div><\/div><\/div><\/div><\/section><section id=\"bt_section69ec18aee9c1a\"  class=\"boldSection topSemiSpaced bottomSemiSpaced btDarkSkin gutter inherit btAccentColorBackground\" style=\"margin-top: -6px;\"><div class=\"port\"><div class=\"boldCell\"><div class=\"boldCellInner\"><div class=\"boldRow  \" ><div class=\"boldRowInner\"><div class=\"rowItem col-md-8 col-ms-12 btTextLeft animate animate-fadein animate-moveup btMiddleVertical\"  ><div class=\"rowItemContent\" ><header class=\"header btClear medium  btAccentDash\" ><div class=\"dash\"><h3><span class=\"headline\">VEUILLEZ NOUS CONTACTER POUR PRENDRE RENDEZ-VOUS<\/span><\/h3><\/div><\/header><\/div><\/div><div class=\"rowItem col-md-4 col-ms-12 btTextLeft animate animate-fadein animate-moveup btMiddleVertical\"  ><div class=\"rowItemContent\" ><a href=\"https:\/\/dentplus.com.tr\/V2\/fr\/rendez-vous-en-ligne\/\" class=\"btBtn btBtn btnFilledStyle btnNormalColor btnSmall btnNormalWidth btnRightPosition btnNoIcon\" ><span class=\"btnInnerText\">Rendez-vous en Ligne<\/span><\/a><\/div><\/div><\/div><\/div><\/div><\/div><\/div><\/section><\/p>\n","protected":false},"excerpt":{"rendered":"","protected":false},"author":1,"featured_media":0,"parent":0,"menu_order":0,"comment_status":"closed","ping_status":"closed","template":"","meta":{"ngg_post_thumbnail":0,"footnotes":""},"class_list":["post-5075","page","type-page","status-publish","hentry"],"_links":{"self":[{"href":"https:\/\/dentplus.com.tr\/V2\/wp-json\/wp\/v2\/pages\/5075","targetHints":{"allow":["GET"]}}],"collection":[{"href":"https:\/\/dentplus.com.tr\/V2\/wp-json\/wp\/v2\/pages"}],"about":[{"href":"https:\/\/dentplus.com.tr\/V2\/wp-json\/wp\/v2\/types\/page"}],"author":[{"embeddable":true,"href":"https:\/\/dentplus.com.tr\/V2\/wp-json\/wp\/v2\/users\/1"}],"replies":[{"embeddable":true,"href":"https:\/\/dentplus.com.tr\/V2\/wp-json\/wp\/v2\/comments?post=5075"}],"version-history":[{"count":4,"href":"https:\/\/dentplus.com.tr\/V2\/wp-json\/wp\/v2\/pages\/5075\/revisions"}],"predecessor-version":[{"id":5079,"href":"https:\/\/dentplus.com.tr\/V2\/wp-json\/wp\/v2\/pages\/5075\/revisions\/5079"}],"wp:attachment":[{"href":"https:\/\/dentplus.com.tr\/V2\/wp-json\/wp\/v2\/media?parent=5075"}],"curies":[{"name":"wp","href":"https:\/\/api.w.org\/{rel}","templated":true}]}}