{"id":4973,"date":"2022-12-27T13:30:33","date_gmt":"2022-12-27T10:30:33","guid":{"rendered":"https:\/\/dentplus.com.tr\/V2\/?page_id=4973"},"modified":"2022-12-27T13:31:49","modified_gmt":"2022-12-27T10:31:49","slug":"exp-dr-emir-yilmaz","status":"publish","type":"page","link":"https:\/\/dentplus.com.tr\/V2\/de\/exp-dr-emir-yilmaz\/","title":{"rendered":"Exp. Dr. Emir Yilmaz"},"content":{"rendered":"<p><section id=\"bt_section69ec1c124d4ee\"  class=\"boldSection topSemiSpaced btDarkSkin gutter inherit wBackground cover btAccentColorBackground\" style=\"background-image:url('https:\/\/dentplus.com.tr\/V2\/wp-content\/uploads\/bllurred-background.jpg');padding-top: 150px !important;\"><div class=\"port\"><div class=\"boldCell\"><div class=\"boldCellInner\"><div class=\"boldRow  \" ><div class=\"boldRowInner\"><div class=\"rowItem col-md-4 col-ms-12 btTextLeft animate animate-fadein animate-moveright btBottomVertical btNoPadding\"  ><div class=\"rowItemContent\" ><div class=\"bpgPhoto btTextCenter\" ><div class=\"btImage\"><img decoding=\"async\" src=\"https:\/\/dentplus.com.tr\/V2\/wp-content\/uploads\/EM\u0130RPMG.png\" alt=\"\" title=\"\"><\/div><\/div><\/div><\/div><div class=\"rowItem col-md-8 col-ms-12 btTextLeft animate animate-fadein animate-moveleft inherit btDoublePadding\" style=\"padding-top:50px !important;\" ><div class=\"rowItemContent\" ><div class=\"btClear btSeparator topExtraSpaced bottomSmallSpaced noBorder\" ><hr><\/div><header class=\"header btClear extralarge btDash topDash  btNormalDash\" ><div class=\"btSuperTitle\">Endodontist<\/div><div class=\"dash\"><h1><span class=\"headline\">Exp. Dr. Emir Yilmaz<\/span><\/h1><\/div><\/header><div class=\"btClear btSeparator topExtraSmallSpaced noBorder\" ><hr><\/div><\/div><\/div><\/div><\/div><\/div><\/div><\/div><\/section><section id=\"bt_section69ec1c124dbbf\"  class=\"boldSection gutter inherit\" style=\"margin-top: -6px;\"><div class=\"port\"><div class=\"boldCell\"><div class=\"boldCellInner\"><div class=\"boldRow  \" ><div class=\"boldRowInner\"><div class=\"rowItem col-md-3 col-sm-6 col-ms-12 btTextLeft inherit\" style=\"background-color: rgba(0, 179, 204, 1);\" ><div class=\"rowItemContent\" ><div class=\"btClear btSeparator topExtraSmallSpaced noBorder\" ><hr><\/div><\/div><\/div><div class=\"rowItem col-md-3 col-sm-6 col-ms-12 btTextLeft inherit\" style=\"background-color: rgba(0, 161, 190, 1);\" ><div class=\"rowItemContent\" ><div class=\"btClear btSeparator topExtraSmallSpaced noBorder\" ><hr><\/div><\/div><\/div><div class=\"rowItem col-md-3 col-sm-6 col-ms-12 btTextLeft inherit\" style=\"background-color: rgba(0, 135, 170, 1);\" ><div class=\"rowItemContent\" ><div class=\"btClear btSeparator topExtraSmallSpaced noBorder\" ><hr><\/div><\/div><\/div><div class=\"rowItem col-md-3 col-sm-6 col-ms-12 btTextLeft inherit\" style=\"background-color: rgba(0, 109, 149, 1);\" ><div class=\"rowItemContent\" ><div class=\"btClear btSeparator topExtraSmallSpaced noBorder\" ><hr><\/div><\/div><\/div><\/div><\/div><\/div><\/div><\/div><\/section><section id=\"bt_section69ec1c124df77\"  class=\"boldSection topSemiSpaced bottomSpaced gutter inherit\" style=\"background-color:#f1f1f1;\"><div class=\"port\"><div class=\"boldCell\"><div class=\"boldCellInner\"><div class=\"boldRow  \" ><div class=\"boldRowInner\"><div class=\"rowItem col-md-12 col-ms-12  btTextLeft animate animate-fadein inherit btDoublePadding\"  ><div class=\"rowItemContent\" ><div class=\"boldRow boldInnerRow  \" ><div class=\"rowItem rowInnerItem col-md-12  btTextLeft\"  ><div class=\"rowItemContent\"><div class=\"btText\" ><\/p>\n<div class=\"sixteen columns\">\n<p>Ich wurde im Jahr 1985 in K\u0131r\u0131kkale geboren. Nach meinem Abschluss an der K\u0131r\u0131kkale Anatolian High School im Jahr 2003 begann ich 2006 meine Ausbildung an der Fakult\u00e4t f\u00fcr Zahnmedizin der Universit\u00e4t Ege. Nachdem er zwischen 2011 und 2012 als praktischer Arzt in der Privatwirtschaft t\u00e4tig war. Im Jahr 2017 habe ich meine Facharztausbildung abgeschlossen, die ich 2013 an der S\u00fcleyman Demirel Universit\u00e4t, Fakult\u00e4t f\u00fcr Zahnmedizin, Abteilung f\u00fcr Endodontie, begonnen habe. Ich arbeite immer noch auf dem Gebiet der Endodontie in der Klinik D-Arti Health Services.<\/p>\n<p>Beitr\u00e4ge<\/p>\n<ul>\n<li>Internationales Symposium f\u00fcr Endodontie der T\u00fcrkischen Gesellschaft f\u00fcr Endodontie, Erzurum, 2015<\/li>\n<li>Zweij\u00e4hrlicher ESE-Kongress, Barcelona, \u200b\u200b\u200b\u200b2015<\/li>\n<li>Zweij\u00e4hrlicher ESE-Kongress, Br\u00fcssel, 2017<\/li>\n<li>TDB 28. Uluda\u011f-Symposium, Bursa, 2019<\/li>\n<li>Wissenschaftlicher Kongress der APEC &amp; 14. Internationaler Kongress der T\u00fcrkischen Gesellschaft f\u00fcr Endodontie, Istanbul, 2019<\/li>\n<li>Fr\u00fchjahrstagung der Estnischen Endodontischen Gesellschaft, Tallinn, 2019<\/li>\n<li>Internationaler Kongress f\u00fcr Zahnmedizin, Istanbul, 2019<\/li>\n<\/ul>\n<p>&nbsp;<\/p>\n<div class=\"eight columns alpha\"><iframe loading=\"lazy\" src=\"https:\/\/www.youtube.com\/embed\/mFPapvLUBXY?rel=0\" width=\"390\" height=\"220\" frameborder=\"0\" allowfullscreen=\"allowfullscreen\" data-mce-fragment=\"1\"><\/iframe><\/div>\n<div class=\"eight columns alpha\"><iframe loading=\"lazy\" src=\"https:\/\/www.youtube.com\/embed\/4StvOPcHFCI?rel=0\" width=\"390\" height=\"220\" frameborder=\"0\" allowfullscreen=\"allowfullscreen\" data-mce-fragment=\"1\"><\/iframe><\/div>\n<p>&nbsp;<br \/>\n&nbsp;<\/p>\n<div class=\"eight columns alpha\"><iframe loading=\"lazy\" src=\"https:\/\/www.youtube.com\/embed\/TdbTJF1_xZs?rel=0\" width=\"390\" height=\"220\" frameborder=\"0\" allowfullscreen=\"allowfullscreen\" data-mce-fragment=\"1\"><\/iframe><\/div>\n<div class=\"eight columns alpha\"><iframe loading=\"lazy\" src=\"https:\/\/www.youtube.com\/embed\/XSbQ5A3lFeg?rel=0\" width=\"390\" height=\"220\" frameborder=\"0\" allowfullscreen=\"allowfullscreen\" data-mce-fragment=\"1\"><\/iframe><\/div>\n<p>&nbsp;<br \/>\n&nbsp;<\/p>\n<p>&nbsp;<\/p>\n<div class=\"sixteen columns alpha omega\"><iframe loading=\"lazy\" src=\"https:\/\/www.youtube.com\/embed\/1jabI1zewD8?rel=0\" width=\"390\" height=\"220\" frameborder=\"0\" allowfullscreen=\"allowfullscreen\" data-mce-fragment=\"1\"><\/iframe><\/div>\n<p>&nbsp;<\/p>\n<\/div>\n<p>\n<\/div><\/div><\/div><\/div><div class=\"btClear btSeparator topSmallSpaced bottomSmallSpaced border\" ><hr><\/div><\/div><\/div><\/div><\/div><\/div><\/div><\/div><\/section><\/p>\n","protected":false},"excerpt":{"rendered":"","protected":false},"author":1,"featured_media":0,"parent":0,"menu_order":0,"comment_status":"closed","ping_status":"closed","template":"","meta":{"ngg_post_thumbnail":0,"footnotes":""},"class_list":["post-4973","page","type-page","status-publish","hentry"],"_links":{"self":[{"href":"https:\/\/dentplus.com.tr\/V2\/wp-json\/wp\/v2\/pages\/4973","targetHints":{"allow":["GET"]}}],"collection":[{"href":"https:\/\/dentplus.com.tr\/V2\/wp-json\/wp\/v2\/pages"}],"about":[{"href":"https:\/\/dentplus.com.tr\/V2\/wp-json\/wp\/v2\/types\/page"}],"author":[{"embeddable":true,"href":"https:\/\/dentplus.com.tr\/V2\/wp-json\/wp\/v2\/users\/1"}],"replies":[{"embeddable":true,"href":"https:\/\/dentplus.com.tr\/V2\/wp-json\/wp\/v2\/comments?post=4973"}],"version-history":[{"count":3,"href":"https:\/\/dentplus.com.tr\/V2\/wp-json\/wp\/v2\/pages\/4973\/revisions"}],"predecessor-version":[{"id":4976,"href":"https:\/\/dentplus.com.tr\/V2\/wp-json\/wp\/v2\/pages\/4973\/revisions\/4976"}],"wp:attachment":[{"href":"https:\/\/dentplus.com.tr\/V2\/wp-json\/wp\/v2\/media?parent=4973"}],"curies":[{"name":"wp","href":"https:\/\/api.w.org\/{rel}","templated":true}]}}