{"id":4970,"date":"2022-12-27T13:28:26","date_gmt":"2022-12-27T10:28:26","guid":{"rendered":"https:\/\/dentplus.com.tr\/V2\/?page_id=4970"},"modified":"2022-12-27T13:29:15","modified_gmt":"2022-12-27T10:29:15","slug":"dr-deniz-noyun-4","status":"publish","type":"page","link":"https:\/\/dentplus.com.tr\/V2\/fr\/dr-deniz-noyun-4\/","title":{"rendered":"Dr. Deniz Noyun"},"content":{"rendered":"<p><section id=\"bt_section69ec29edd771b\"  class=\"boldSection topSemiSpaced btDarkSkin gutter inherit wBackground cover btAccentColorBackground\" style=\"background-image:url('https:\/\/dentplus.com.tr\/V2\/wp-content\/uploads\/bllurred-background.jpg');padding-top: 150px !important;\"><div class=\"port\"><div class=\"boldCell\"><div class=\"boldCellInner\"><div class=\"boldRow  \" ><div class=\"boldRowInner\"><div class=\"rowItem col-md-4 col-ms-12 btTextLeft animate animate-fadein animate-moveright btBottomVertical btNoPadding\"  ><div class=\"rowItemContent\" ><div class=\"bpgPhoto btTextCenter\" ><div class=\"btImage\"><img decoding=\"async\" src=\"https:\/\/dentplus.com.tr\/V2\/wp-content\/uploads\/denizs.png\" alt=\"\" title=\"\"><\/div><\/div><\/div><\/div><div class=\"rowItem col-md-8 col-ms-12 btTextLeft animate animate-fadein animate-moveleft inherit btDoublePadding\" style=\"padding-top:50px !important;\" ><div class=\"rowItemContent\" ><div class=\"btClear btSeparator topExtraSpaced bottomSmallSpaced noBorder\" ><hr><\/div><header class=\"header btClear extralarge btDash topDash  btNormalDash\" ><div class=\"btSuperTitle\">Sp\u00e9cialiste des Maladies des Gencives<\/div><div class=\"dash\"><h1><span class=\"headline\">Dr. Deniz Noyun<\/span><\/h1><\/div><\/header><div class=\"btClear btSeparator topExtraSmallSpaced noBorder\" ><hr><\/div><\/div><\/div><\/div><\/div><\/div><\/div><\/div><\/section><section id=\"bt_section69ec29edd7c45\"  class=\"boldSection gutter inherit\" style=\"margin-top: -6px;\"><div class=\"port\"><div class=\"boldCell\"><div class=\"boldCellInner\"><div class=\"boldRow  \" ><div class=\"boldRowInner\"><div class=\"rowItem col-md-3 col-sm-6 col-ms-12 btTextLeft inherit\" style=\"background-color: rgba(0, 179, 204, 1);\" ><div class=\"rowItemContent\" ><div class=\"btClear btSeparator topExtraSmallSpaced noBorder\" ><hr><\/div><\/div><\/div><div class=\"rowItem col-md-3 col-sm-6 col-ms-12 btTextLeft inherit\" style=\"background-color: rgba(0, 161, 190, 1);\" ><div class=\"rowItemContent\" ><div class=\"btClear btSeparator topExtraSmallSpaced noBorder\" ><hr><\/div><\/div><\/div><div class=\"rowItem col-md-3 col-sm-6 col-ms-12 btTextLeft inherit\" style=\"background-color: rgba(0, 135, 170, 1);\" ><div class=\"rowItemContent\" ><div class=\"btClear btSeparator topExtraSmallSpaced noBorder\" ><hr><\/div><\/div><\/div><div class=\"rowItem col-md-3 col-sm-6 col-ms-12 btTextLeft inherit\" style=\"background-color: rgba(0, 109, 149, 1);\" ><div class=\"rowItemContent\" ><div class=\"btClear btSeparator topExtraSmallSpaced noBorder\" ><hr><\/div><\/div><\/div><\/div><\/div><\/div><\/div><\/div><\/section><section id=\"bt_section69ec29edd7ee5\"  class=\"boldSection topSemiSpaced bottomSpaced gutter inherit\" style=\"background-color:#f1f1f1;\"><div class=\"port\"><div class=\"boldCell\"><div class=\"boldCellInner\"><div class=\"boldRow  \" ><div class=\"boldRowInner\"><div class=\"rowItem col-md-12 col-ms-12  btTextLeft animate animate-fadein inherit btDoublePadding\"  ><div class=\"rowItemContent\" ><div class=\"btText\" ><\/p>\n<section class=\"page-section\">\n<div class=\"row\">\n<div id=\"post-1994\" class=\"post-1994 page type-page status-publish hentry\">\n<div class=\"sixteen columns\">\n<p>il est n\u00e9 \u00e0 Adana en 1975. Il a termin\u00e9 ses \u00e9tudes primaires, secondaires et secondaires \u00e0 Bursa. il est dipl\u00f4m\u00e9 de la Facult\u00e9 de m\u00e9decine dentaire de l&#8217;Universit\u00e9 d&#8217;Istanbul, dans laquelle il est entr\u00e9 en 1993, en 1998. Il a travaill\u00e9 comme dentiste ind\u00e9pendant dans les cliniques Unident, Prodent et Dentplus. en 2002, il a commenc\u00e9 sa formation doctorale au D\u00e9partement de Parodontologie (Maladies des gencives) de la Facult\u00e9 de M\u00e9decine Dentaire de l&#8217;Universit\u00e9 Yeditepe. il a termin\u00e9 sa th\u00e8se \u00e0 la F\u00e9d\u00e9ration europ\u00e9enne de Parodontologie en 2005 et sa th\u00e8se de doctorat en 2006. Elle a eu la chance de devenir la premi\u00e8re dipl\u00f4m\u00e9e de l&#8217;EFP de Turquie en passant les examens de la F\u00e9d\u00e9ration Europ\u00e9enne de Parodontologie. Il est un ancien \u00e9l\u00e8ve de l&#8217;EFP. Elle est mari\u00e9e au dentiste Fuat Noyun. Elle est la m\u00e8re d&#8217;un gar\u00e7on nomm\u00e9 Demir. Il est membre de l&#8217;Association Turque de Parodontologie, de l&#8217;Association Turque d&#8217;Implantologie Buccale,de la F\u00e9d\u00e9ration Europ\u00e9enne de Parodontologie, de l&#8217;Acad\u00e9mie Am\u00e9ricaine de Parodontologie, de l&#8217;Ost\u00e9ologie, de l&#8217;Association Europ\u00e9enne d&#8217;Ost\u00e9oint\u00e9gration et du club ITI.<\/p>\n<p><strong>Deniz Noyun-Sp\u00e9cialiste des Maladies des gencives<\/strong><\/p>\n<\/div>\n<\/div>\n<\/div>\n<\/section>\n<section class=\"page-section\"><\/section>\n<p>\n<\/div><div class=\"btClear btSeparator topSmallSpaced bottomSmallSpaced border\" ><hr><\/div><\/div><\/div><\/div><\/div><div class=\"boldRow  \" ><div class=\"boldRowInner\"><div class=\"rowItem col-md-12 col-ms-12  btTextLeft animate animate-fadein inherit btDoublePadding\"  ><div class=\"rowItemContent\" ><div class=\"btText\" ><\/p>\n<p><strong>Participation au Congr\u00e8s<\/strong><\/p>\n<p>* Association Internationale pour la Recherche Dentaire, 24-27 ao\u00fbt 2000-Varsovie<\/p>\n<p>* S\u00e9minaire sur les proth\u00e8ses Unident Applications, 15-16 d\u00e9cembre 2000-Istanbul<\/p>\n<p>&nbsp;29 et 2 D\u00e9cembre 2000-Paris 29 novembre 2000-Congr\u00e8s Dentaire Mondial Annuel de la FDI 29 novembre 2000-Paris<\/p>\n<p>* Congr\u00e8s de l&#8217;EDAD, 21-23 septembre-Istanbul<\/p>\n<p>* Conf\u00e9rence Europerio 4, 19-21 juin 2003-Berlin<\/p>\n<p>* Association Turque de Parodontologie 33. Ao\u00fbt 31, 4 septembre 2003 Congr\u00e8s scientifique-Antalya<\/p>\n<ul>\n<li>2.Congr\u00e8s turc de l&#8217;ITI, 15-16 mai 2004-Istanbul<\/li>\n<\/ul>\n<p>* Symposium des utilisateurs de Brolase et Cours Laser, 23 septembre 2004-Istanbul<\/p>\n<p>* Cours d&#8217;Application du Syst\u00e8me d&#8217;Implant Dentaire ITI, 24 octobre 2004-Istanbul<\/p>\n<p>* Mises \u00e0 jour r\u00e9centes en Implantologie dentaire, 10 novembre 2004-Istanbul<\/p>\n<p>* Divisions d&#8217;Europe Continentale et de Scandinavie de l&#8217;Association Internationale de Recherche Dentaire, 15-17 septembre 2005-Pays-Bas<\/p>\n<ul>\n<li>4.Symposium International de la Quintessence, 28-29 avril 2006 &#8211; Istanbul<\/li>\n<\/ul>\n<p>* Conf\u00e9rence Europerio 5, 29-30 juin 2006-Madrid<\/p>\n<p>* La place du laser en parodontologie \u00e0 la lumi\u00e8re des preuves scientifiques, 26-27 octobre 2007-Adana<\/p>\n<p>* Association Turque d&#8217;Implantologie Buccale 4.Symposium international, 11 et 12 janvier 2008-Istanbul<\/p>\n<p>* Faits dans la Pratique de l&#8217;Implantologie Buccale, 3-4 mai 2008-Istanbul<\/p>\n<p>* Association Turque de Parodontologie 38. Congr\u00e8s Scientifique, 22-24 mai 2008 &#8211; Istanbul<\/p>\n<p>* Cours de Master en GBR et Proc\u00e9dures de greffe de Sinus, 25 juin 2008-Berne<\/p>\n<p>* Conf\u00e9rence Europerio 6, 4-6 juin 2009-Stockholm<\/p>\n<p>* XXIe Congr\u00e8s Scientifique International, 15-16 janvier 2010-Istanbul<\/p>\n<p>* Symposium mondial de l&#8217;ITI, 17 avril 2010-Suisse<\/p>\n<p>* Cours d&#8217;application de Base au Maintien de la Vie, 24-26 juin 2010-Bursa<\/p>\n<p>* TDB 17.Congr\u00e8s International de Dentisterie, 24-26 juin 2010 &#8211; Bursa<\/p>\n<ul>\n<li>19. R\u00e9union annuelle de l&#8217;Association Europ\u00e9enne pour l&#8217;Ost\u00e9oint\u00e9gration, 6-9 octobre 2010 &#8211; Glasgow<\/li>\n<\/ul>\n<p>* Parodontologie turque 41. Congr\u00e8s Scientifique, 20-22 mai 2011 &#8211; Istanbul<\/p>\n<p>* Pr\u00e9cision en Dentisterie Implantaire D\u00e9fi de l&#8217;Approche Conservatrice, 21-22 mai 2011-Istanbul<\/p>\n<p>* Formation en microchirurgie, 17-19 novembre 2011 &#8211; H\u00fcrzeler &amp; Zuhr, Munich (Allemagne)<\/p>\n<p>* Conf\u00e9rence Europerio 7, 6-9 juin 2012-Vienne<\/p>\n<p>* Congr\u00e8s sur le Diab\u00e8te et la Sant\u00e9 Bucco-dentaire, 12 octobre 2012-Gen\u00e8ve<\/p>\n<p>* R\u00e9cession Gingivale et L\u00e9sions Cervicales Non Carieuses Prise en Charge Int\u00e9gr\u00e9e de la Restauration Parodontale, 8 d\u00e9cembre 2012-Ath\u00e8nes<\/p>\n<p>* Applicabilit\u00e9 en chirurgie implantaire-encore une fois avec les preuves actuelles, 12-13 avril 2013-Ankara<\/p>\n<ul>\n<li>1.R\u00e9g\u00e9n\u00e9ration et Esth\u00e9tique en Parodontologie et Dentisterie, 8-9 novembre 2013-Berne<\/li>\n<\/ul>\n<p>* La Soci\u00e9t\u00e9 Turque de Parodontologie, 9 mai 2014-Istanbul<\/p>\n<p>* Istanbul Laser Congress, 6-7 novembre 2014-Istanbul<\/p>\n<p>* Association Turque d&#8217;Implantologie Buccale 16.International, 16-17 janvier 2015-Istanbul<\/p>\n<p>* Parodontologie 3-Chirurgie Esth\u00e9tique Plastique Parodontale, 16-18 avril 2015-H\u00fcrzeler &amp; Zuhr, Munich (Allemagne)<\/p>\n<p>* Conf\u00e9rence Europerio 8, 3-6 juin 2015-Londres<\/p>\n<p>* Chirurgie Parodontale Pr\u00e9proth\u00e9tique, 3-5 d\u00e9cembre 2015 \u2013 H\u00fcrzeler &amp; Zuhr, Munich (Allemagne)<\/p>\n<p>* Implantologie 1-La Th\u00e9rapie Implantaire Moderne dans la Pratique quotidienne, 14-16 janvier 2016-H\u00fcrzeler &amp; Zuhr, Munich (Allemagne)<\/p>\n<p>* Gu\u00e9rison Naturelle am\u00e9lior\u00e9e en Dentisterie, 14-16 octobre 2016-Belgique<\/p>\n<ul>\n<li>2.R\u00e9g\u00e9n\u00e9ration et Esth\u00e9tique en Parodontologie et Dentisterie, 18-19 novembre 2016-Berne<\/li>\n<\/ul>\n<p>&nbsp;Novembre 2 D\u00e9cembre 2016-R\u00e9union des chapitres de l&#8217;ITI Turquie et Azerba\u00efdjan, Antalya<\/p>\n<p>* Soci\u00e9t\u00e9 Turque d&#8217;Implantologie Buccale XXVIIIe Congr\u00e8s Scientifique International, 13-14 janvier 2017-Istanbul<\/p>\n<ul>\n<li>Le 16\u00e8me Congr\u00e8s Biennal International de l&#8217;Acad\u00e9mie Internationale de Parodontologie (IAP) 27 \u2013 29.04.2017-Brasov, Roumanie<\/li>\n<li>2. Symposium International, Gestion Des Tissus Mous Autour Des Dents Implants Buccaux 9-10 F\u00e9vrier 2018, Milan<\/li>\n<\/ul>\n<p>* EuroPerio9 du 20 au 23 juin 2018 RAI Amsterdam, Pays-Bas<\/p>\n<p>* Programme de dipl\u00f4me EAO Live Module 1, Universit\u00e9 de Malm\u00f6-Su\u00e8de 9 \u2013 11 Novembre 2018<\/p>\n<p>* Programme de dipl\u00f4me EAO \u00e0 l&#8217;Universit\u00e9 de Groningue Module 2 en direct-Pays-Bas 10-12 mai 2019<\/p>\n<p>\n<\/div><div class=\"btClear btSeparator topSmallSpaced bottomSmallSpaced border\" ><hr><\/div><\/div><\/div><\/div><\/div><\/div><\/div><\/div><\/section><\/p>\n","protected":false},"excerpt":{"rendered":"","protected":false},"author":1,"featured_media":0,"parent":0,"menu_order":0,"comment_status":"closed","ping_status":"closed","template":"","meta":{"ngg_post_thumbnail":0,"footnotes":""},"class_list":["post-4970","page","type-page","status-publish","hentry"],"_links":{"self":[{"href":"https:\/\/dentplus.com.tr\/V2\/wp-json\/wp\/v2\/pages\/4970","targetHints":{"allow":["GET"]}}],"collection":[{"href":"https:\/\/dentplus.com.tr\/V2\/wp-json\/wp\/v2\/pages"}],"about":[{"href":"https:\/\/dentplus.com.tr\/V2\/wp-json\/wp\/v2\/types\/page"}],"author":[{"embeddable":true,"href":"https:\/\/dentplus.com.tr\/V2\/wp-json\/wp\/v2\/users\/1"}],"replies":[{"embeddable":true,"href":"https:\/\/dentplus.com.tr\/V2\/wp-json\/wp\/v2\/comments?post=4970"}],"version-history":[{"count":2,"href":"https:\/\/dentplus.com.tr\/V2\/wp-json\/wp\/v2\/pages\/4970\/revisions"}],"predecessor-version":[{"id":4972,"href":"https:\/\/dentplus.com.tr\/V2\/wp-json\/wp\/v2\/pages\/4970\/revisions\/4972"}],"wp:attachment":[{"href":"https:\/\/dentplus.com.tr\/V2\/wp-json\/wp\/v2\/media?parent=4970"}],"curies":[{"name":"wp","href":"https:\/\/api.w.org\/{rel}","templated":true}]}}