{"id":4967,"date":"2022-12-27T13:26:09","date_gmt":"2022-12-27T10:26:09","guid":{"rendered":"https:\/\/dentplus.com.tr\/V2\/?page_id=4967"},"modified":"2022-12-27T13:26:26","modified_gmt":"2022-12-27T10:26:26","slug":"dr-deniz-noyun-3","status":"publish","type":"page","link":"https:\/\/dentplus.com.tr\/V2\/de\/dr-deniz-noyun-3\/","title":{"rendered":"Dr. Deniz Noyun"},"content":{"rendered":"<p><section id=\"bt_section69ec1c3217f3a\"  class=\"boldSection topSemiSpaced btDarkSkin gutter inherit wBackground cover btAccentColorBackground\" style=\"background-image:url('https:\/\/dentplus.com.tr\/V2\/wp-content\/uploads\/bllurred-background.jpg');padding-top: 150px !important;\"><div class=\"port\"><div class=\"boldCell\"><div class=\"boldCellInner\"><div class=\"boldRow  \" ><div class=\"boldRowInner\"><div class=\"rowItem col-md-4 col-ms-12 btTextLeft animate animate-fadein animate-moveright btBottomVertical btNoPadding\"  ><div class=\"rowItemContent\" ><div class=\"bpgPhoto btTextCenter\" ><div class=\"btImage\"><img decoding=\"async\" src=\"https:\/\/dentplus.com.tr\/V2\/wp-content\/uploads\/denizs.png\" alt=\"\" title=\"\"><\/div><\/div><\/div><\/div><div class=\"rowItem col-md-8 col-ms-12 btTextLeft animate animate-fadein animate-moveleft inherit btDoublePadding\" style=\"padding-top:50px !important;\" ><div class=\"rowItemContent\" ><div class=\"btClear btSeparator topExtraSpaced bottomSmallSpaced noBorder\" ><hr><\/div><header class=\"header btClear extralarge btDash topDash  btNormalDash\" ><div class=\"btSuperTitle\">Spezialist f\u00fcr Zahnfleischerkrankungen<\/div><div class=\"dash\"><h1><span class=\"headline\">Dr. Deniz Noyun<\/span><\/h1><\/div><\/header><div class=\"btClear btSeparator topExtraSmallSpaced noBorder\" ><hr><\/div><\/div><\/div><\/div><\/div><\/div><\/div><\/div><\/section><section id=\"bt_section69ec1c321872e\"  class=\"boldSection gutter inherit\" style=\"margin-top: -6px;\"><div class=\"port\"><div class=\"boldCell\"><div class=\"boldCellInner\"><div class=\"boldRow  \" ><div class=\"boldRowInner\"><div class=\"rowItem col-md-3 col-sm-6 col-ms-12 btTextLeft inherit\" style=\"background-color: rgba(0, 179, 204, 1);\" ><div class=\"rowItemContent\" ><div class=\"btClear btSeparator topExtraSmallSpaced noBorder\" ><hr><\/div><\/div><\/div><div class=\"rowItem col-md-3 col-sm-6 col-ms-12 btTextLeft inherit\" style=\"background-color: rgba(0, 161, 190, 1);\" ><div class=\"rowItemContent\" ><div class=\"btClear btSeparator topExtraSmallSpaced noBorder\" ><hr><\/div><\/div><\/div><div class=\"rowItem col-md-3 col-sm-6 col-ms-12 btTextLeft inherit\" style=\"background-color: rgba(0, 135, 170, 1);\" ><div class=\"rowItemContent\" ><div class=\"btClear btSeparator topExtraSmallSpaced noBorder\" ><hr><\/div><\/div><\/div><div class=\"rowItem col-md-3 col-sm-6 col-ms-12 btTextLeft inherit\" style=\"background-color: rgba(0, 109, 149, 1);\" ><div class=\"rowItemContent\" ><div class=\"btClear btSeparator topExtraSmallSpaced noBorder\" ><hr><\/div><\/div><\/div><\/div><\/div><\/div><\/div><\/div><\/section><section id=\"bt_section69ec1c3218a64\"  class=\"boldSection topSemiSpaced bottomSpaced gutter inherit\" style=\"background-color:#f1f1f1;\"><div class=\"port\"><div class=\"boldCell\"><div class=\"boldCellInner\"><div class=\"boldRow  \" ><div class=\"boldRowInner\"><div class=\"rowItem col-md-12 col-ms-12  btTextLeft animate animate-fadein inherit btDoublePadding\"  ><div class=\"rowItemContent\" ><div class=\"btText\" ><\/p>\n<p>Er wurde im Jahr 1975 in Adana geboren. Seine Grund-, Mittel- und Oberschulausbildung absolvierte er in Bursa. 1998 schloss er sein Studium an der zahnmedizinischen Fakult\u00e4t der Universit\u00e4t Istanbul ab, in die er 1993 eintrat. Er arbeitete als freiberuflicher Zahnarzt in den Kliniken Unident, Prodent, Dentplus. Im Jahr 2002 begann er seine Doktorandenausbildung an der zahnmedizinischen Fakult\u00e4t der Universit\u00e4t Yeditepe, Abteilung f\u00fcr Parodontologie (Zahnfleischerkrankungen). Seine Dissertation \u00fcber die European Federation of Periodontology schloss er 2005 und seine Doktorarbeit 2006 ab. Er hatte die Chance, der erste EFP-Absolvent der T\u00fcrkei zu werden, indem er die Pr\u00fcfungen der European Federation of Periodontology bestand. EFP-Absolventen. Sie ist mit Zahnarzt Fuat Noun verheiratet. Sie ist die Mutter eines Jungen namens Demir. Er ist Mitglied der Turkish Parodontology Association, der Turkish Oral Implantology Association, der European Federation of Periodontology, der American Academy of Periodontology, Osteology, der European Association Osseointegration und des ITI Clubs.<\/p>\n<p>Deniz Noyun \u2013 Spezialist f\u00fcr Zahnfleischerkrankungen<\/p>\n<p>\n<\/div><div class=\"btClear btSeparator topSmallSpaced bottomSmallSpaced border\" ><hr><\/div><\/div><\/div><\/div><\/div><div class=\"boldRow  \" ><div class=\"boldRowInner\"><div class=\"rowItem col-md-12 col-ms-12  btTextLeft animate animate-fadein inherit btDoublePadding\"  ><div class=\"rowItemContent\" ><div class=\"btText\" ><\/p>\n<p><strong>Kongressteilnahme<\/strong><\/p>\n<ul>\n<li>International Association for Dental Research, 24.-27. August 2000 \u2013 Warschau<\/li>\n<li>Prothesenseminar f\u00fcr nicht identifizierte Anwendungen, 15.-16. Dezember 2000 \u2013 Istanbul<\/li>\n<li>FDI-Jahresweltkongress der Zahn\u00e4rzte, 29. November \u2013 2. Dezember 2000 \u2013 Paris<\/li>\n<li>EDAD-Kongress, 21. \u2013 23. September \u2013 Istanbul<\/li>\n<li>Europerio 4 Konferenz, 19.-21. Juni 2003 \u2013 Berlin<\/li>\n<li>Wissenschaftlicher Kongress der T\u00fcrkischen Gesellschaft f\u00fcr Parodontologie, 31. August 4. September 2003 \u2013 Antalya<\/li>\n<li>T\u00fcrkischer ITI-Kongress, 15.-16. Mai 2004 \u2013 Istanbul<\/li>\n<li>Brolase-Anwendersymposium und Laserkurs, 23. September 2004 \u2013 Istanbul<\/li>\n<li>ITI Anwendungskurs f\u00fcr Zahnimplantatsysteme, 24. Oktober 2004 \u2013 Istanbul<\/li>\n<li>Neueste Aktualisierungen in der Zahnimplantologie, 10. November 2004 \u2013 Istanbul<\/li>\n<li>Kontinentaleurop\u00e4ische und skandinavische Abteilungen der International Association of Dental Research, 15.-17. September 2005 \u2013 Niederlande<\/li>\n<li>Internationales Quintessenz-Symposium, 28.-29. April 2006 \u2013 Istanbul<\/li>\n<li>Konferenz Europerio 5, 29.-30. Juni 2006 \u2013 Madrid<\/li>\n<li>Der Platz des Lasers in der Parodontologie im Lichte wissenschaftlicher Erkenntnisse, 26.-27. Oktober 2007 \u2013 Adana<\/li>\n<li>Internationales Symposium der Turkish Oral Implantology Society, 11.-12. Januar 2008 \u2013 Istanbul<\/li>\n<li>Fakten in der Praxis der oralen Implantologie, 3.-4. Mai 2008 \u2013 Istanbul<\/li>\n<li>Wissenschaftlicher Kongress der T\u00fcrkischen Gesellschaft f\u00fcr Parodontologie, 22.-24. Mai 2008 \u2013 Istanbul<\/li>\n<li>Masterkurs in GBR und Sinustransplantationsverfahren, 25. Juni 2008 \u2013 Bern<\/li>\n<li>Europerio 6-Konferenz, 4.-6. Juni 2009 \u2013 Stockholm<\/li>\n<li>Internationaler wissenschaftlicher Kongress, 15.-16. Januar 2010 \u2013 Istanbul<\/li>\n<li>ITI World Symposium, 17. April 2010 \u2013 Schweiz<\/li>\n<li>Basic Life Support Practice Course, 24.-26. Juni 2010 \u2013 Bursa<\/li>\n<li>TDB 17. Internationaler Zahnmedizinkongress, 24.-26. Juni 2010 \u2013 Bursa<\/li>\n<li>Jahrestreffen der European Association for Osseointegration, 6.-9. Oktober 2010 \u2013 Glasgow<\/li>\n<li>T\u00fcrkischer Parodontologie 41. Wissenschaftlicher Kongress, 20.-22. Mai 2011 \u2013 Istanbul<\/li>\n<li>Accuracy in Implant Dentistry Challenge of Conservative Approach, 21.-22. Mai 2011 \u2013 Istanbul<\/li>\n<li>Mikrochirurgische Schulung, 17.-19. November 2011 \u2013 H\u00fcrzeler &amp; Zuhr, M\u00fcnchen (Deutschland)<\/li>\n<li>Konferenz Europerio 7, 6.-9. Juni 2012 \u2013 Wien<\/li>\n<li>Kongress zu Diabetes und Mundgesundheit, 12. Oktober 2012 \u2013 Genf<\/li>\n<li>Gingivale Rezession und nicht kari\u00f6se zervikale L\u00e4sionen Integriertes restauratives Management der Periodantologie, 8. Dezember 2012 \u2013 Athen<\/li>\n<li>Anwendbarkeit in der Implantatchirurgie \u2013 erneut mit aktueller Evidenz, 12.-13. April 2013 \u2013 Ankara<\/li>\n<li>Regeneration und \u00c4sthetik in Parodontologie und Zahnheilkunde, 8.-9. November 2013 \u2013 Bern<\/li>\n<li>T\u00fcrkische Gesellschaft f\u00fcr Parodontologie, 9. Mai 2014 \u2013 Istanbul<\/li>\n<li>Istanbuler Laserkongress, 6.-7. November 2014 \u2013 Istanbul<\/li>\n<li>Turkish Oral Implantology Society 16. International, 16.-17. Januar 2015 \u2013 Istanbul<\/li>\n<li>Parodontologie 3 \u2013 Plastisch-\u00e4sthetische Parodontalchirurgie, 16.-18. April 2015 \u2013 H\u00fcrzeler &amp; Zuhr, M\u00fcnchen (Deutschland)<\/li>\n<li>Europerio 8-Konferenz, 3.-6. Juni 2015 \u2013 London<\/li>\n<li>Pr\u00e4prothetische Parodontalchirurgie, 3.-5. Dezember 2015 \u2013 H\u00fcrzeler &amp; Zuhr, M\u00fcnchen (Deutschland)<\/li>\n<li>Implantologie 1 \u2013 Moderne Implantattherapie in der t\u00e4glichen Praxis, 14.-16. Januar 2016 \u2013 H\u00fcrzeler &amp; Zuhr, M\u00fcnchen (Deutschland)<\/li>\n<li>Enhanced Natural Healing in Dentistry, 14.-16. Oktober 2016 \u2013 Belgien<\/li>\n<li>Regeneration und \u00c4sthetik in Parodontologie und Zahnheilkunde, 18.-19. November 2016 \u2013 Bern<\/li>\n<li>ITI-Kapiteltreffen T\u00fcrkei &amp; Aserbaidschan, 30. November \u2013 2. Dezember 2016 \u2013 Antalya<\/li>\n<li>T\u00fcrkische Gesellschaft f\u00fcr orale Implantologie XXVIII. Internationaler wissenschaftlicher Kongress, 13. \u2013 14. Januar 2017 \u2013 Istanbul<\/li>\n<li>Der 16. Internationale Zweijahreskongress der International Academy of Periodontology (IAP) 27. \u2013 29.04.2017 \u2013 Brasov, Rum\u00e4nien<\/li>\n<li>Internationales Symposium, Soft Tissue Management Around Teeth Oral Implants 9. \u2013 10. Februar 2018, Mailand<\/li>\n<li>EuroPerio9 vom 20. \u2013 23. Juni 2018 RAI Amsterdam, Niederlande<\/li>\n<li>Live-Modul 1 des EAO-Diplomprogramms, Universit\u00e4t Malm\u00f6 \u2013 Schweden, 9. \u2013 11. November 2018<\/li>\n<li>EAO-Diplomprogramm an der Universit\u00e4t Groningen, Live-Modul 2 \u2013 Niederlande, 10. \u2013 12. Mai 2019<\/li>\n<\/ul>\n<p>\n<\/div><div class=\"btClear btSeparator topSmallSpaced bottomSmallSpaced border\" ><hr><\/div><\/div><\/div><\/div><\/div><\/div><\/div><\/div><\/section><\/p>\n","protected":false},"excerpt":{"rendered":"","protected":false},"author":1,"featured_media":0,"parent":0,"menu_order":0,"comment_status":"closed","ping_status":"closed","template":"","meta":{"ngg_post_thumbnail":0,"footnotes":""},"class_list":["post-4967","page","type-page","status-publish","hentry"],"_links":{"self":[{"href":"https:\/\/dentplus.com.tr\/V2\/wp-json\/wp\/v2\/pages\/4967","targetHints":{"allow":["GET"]}}],"collection":[{"href":"https:\/\/dentplus.com.tr\/V2\/wp-json\/wp\/v2\/pages"}],"about":[{"href":"https:\/\/dentplus.com.tr\/V2\/wp-json\/wp\/v2\/types\/page"}],"author":[{"embeddable":true,"href":"https:\/\/dentplus.com.tr\/V2\/wp-json\/wp\/v2\/users\/1"}],"replies":[{"embeddable":true,"href":"https:\/\/dentplus.com.tr\/V2\/wp-json\/wp\/v2\/comments?post=4967"}],"version-history":[{"count":1,"href":"https:\/\/dentplus.com.tr\/V2\/wp-json\/wp\/v2\/pages\/4967\/revisions"}],"predecessor-version":[{"id":4968,"href":"https:\/\/dentplus.com.tr\/V2\/wp-json\/wp\/v2\/pages\/4967\/revisions\/4968"}],"wp:attachment":[{"href":"https:\/\/dentplus.com.tr\/V2\/wp-json\/wp\/v2\/media?parent=4967"}],"curies":[{"name":"wp","href":"https:\/\/api.w.org\/{rel}","templated":true}]}}