{"id":4963,"date":"2022-12-27T13:24:21","date_gmt":"2022-12-27T10:24:21","guid":{"rendered":"https:\/\/dentplus.com.tr\/V2\/?page_id=4963"},"modified":"2022-12-27T13:24:49","modified_gmt":"2022-12-27T10:24:49","slug":"dr-fuat-noyun-3","status":"publish","type":"page","link":"https:\/\/dentplus.com.tr\/V2\/fr\/dr-fuat-noyun-3\/","title":{"rendered":"Dr. Fuat Noyun"},"content":{"rendered":"<p><section id=\"bt_section69ec29ca58fb1\"  class=\"boldSection topSemiSpaced btDarkSkin gutter inherit wBackground cover btAccentColorBackground\" style=\"background-image:url('https:\/\/dentplus.com.tr\/V2\/wp-content\/uploads\/bllurred-background.jpg');padding-top: 150px !important;\"><div class=\"port\"><div class=\"boldCell\"><div class=\"boldCellInner\"><div class=\"boldRow  \" ><div class=\"boldRowInner\"><div class=\"rowItem col-md-4 col-ms-12 btTextLeft animate animate-fadein animate-moveright btBottomVertical btNoPadding\"  ><div class=\"rowItemContent\" ><div class=\"bpgPhoto btTextCenter\" ><div class=\"btImage\"><img decoding=\"async\" src=\"https:\/\/dentplus.com.tr\/V2\/wp-content\/uploads\/fuatnoyundecupe.png\" alt=\"\" title=\"\"><\/div><\/div><\/div><\/div><div class=\"rowItem col-md-8 col-ms-12 btTextLeft animate animate-fadein animate-moveleft inherit btDoublePadding\" style=\"padding-top:50px !important;\" ><div class=\"rowItemContent\" ><div class=\"btClear btSeparator topExtraSpaced bottomSmallSpaced noBorder\" ><hr><\/div><header class=\"header btClear extralarge btDash topDash  btNormalDash\" style=\"text-align:left !important;\"><div class=\"btSuperTitle\">Sp\u00e9cialiste en Proth\u00e8ses<\/div><div class=\"dash\"><h1><span class=\"headline\">Dr. Fuat Noyun<\/span><\/h1><\/div><\/header><div class=\"btClear btSeparator topExtraSmallSpaced noBorder\" ><hr><\/div><\/div><\/div><\/div><\/div><\/div><\/div><\/div><\/section><section id=\"bt_section69ec29ca594dc\"  class=\"boldSection gutter inherit\" style=\"margin-top: -6px;\"><div class=\"port\"><div class=\"boldCell\"><div class=\"boldCellInner\"><div class=\"boldRow  \" ><div class=\"boldRowInner\"><div class=\"rowItem col-md-3 col-sm-6 col-ms-12 btTextLeft inherit\" style=\"background-color: rgba(0, 179, 204, 1);\" ><div class=\"rowItemContent\" ><div class=\"btClear btSeparator topExtraSmallSpaced noBorder\" ><hr><\/div><\/div><\/div><div class=\"rowItem col-md-3 col-sm-6 col-ms-12 btTextLeft inherit\" style=\"background-color: rgba(0, 161, 190, 1);\" ><div class=\"rowItemContent\" ><div class=\"btClear btSeparator topExtraSmallSpaced noBorder\" ><hr><\/div><\/div><\/div><div class=\"rowItem col-md-3 col-sm-6 col-ms-12 btTextLeft inherit\" style=\"background-color: rgba(0, 135, 170, 1);\" ><div class=\"rowItemContent\" ><div class=\"btClear btSeparator topExtraSmallSpaced noBorder\" ><hr><\/div><\/div><\/div><div class=\"rowItem col-md-3 col-sm-6 col-ms-12 btTextLeft inherit\" style=\"background-color: rgba(0, 109, 149, 1);\" ><div class=\"rowItemContent\" ><div class=\"btClear btSeparator topExtraSmallSpaced noBorder\" ><hr><\/div><\/div><\/div><\/div><\/div><\/div><\/div><\/div><\/section><section id=\"bt_section69ec29ca59779\"  class=\"boldSection topSemiSpaced bottomSpaced gutter inherit\" style=\"background-color:#f1f1f1;\"><div class=\"port\"><div class=\"boldCell\"><div class=\"boldCellInner\"><div class=\"boldRow  \" ><div class=\"boldRowInner\"><div class=\"rowItem col-md-12 col-ms-12  btTextLeft animate animate-fadein inherit btDoublePadding\"  ><div class=\"rowItemContent\" ><div class=\"boldRow boldInnerRow  \" ><div class=\"rowItem rowInnerItem col-md-12  btTextLeft\"  ><div class=\"rowItemContent\"><div class=\"btText\" ><\/p>\n<section class=\"page-section\">\n<div class=\"row\">\n<div id=\"post-1994\" class=\"post-1994 page type-page status-publish hentry\">\n<div class=\"sixteen columns\">\n<p>il est n\u00e9 \u00e0 Adana en 1971. il est dipl\u00f4m\u00e9 de Tarsus American High School en 1989. Il est dipl\u00f4m\u00e9 de la Facult\u00e9 de m\u00e9decine dentaire de l&#8217;Universit\u00e9 d&#8217;Istanbul, dans laquelle il est entr\u00e9 en 1990, en 1995. Il est entr\u00e9 \u00e0 la Facult\u00e9 de M\u00e9decine dentaire de l&#8217;Universit\u00e9 d&#8217;Istanbul en 1996 et a termin\u00e9 ses \u00e9tudes doctorales au D\u00e9partement de Proth\u00e8se maxillo-faciale en 2001. en 2002, il a commenc\u00e9 sa vie universitaire dans l&#8217;unit\u00e9 mixte des maladies de l&#8217;ATM et de la m\u00e2choire de la Facult\u00e9 de m\u00e9decine dentaire de l&#8217;Universit\u00e9 Yeditepe. il est devenu professeur adjoint en 2005. en 2009, il a quitt\u00e9 l&#8217;universit\u00e9 de son propre chef.<\/p>\n<\/div>\n<\/div>\n<\/div>\n<\/section>\n<section class=\"page-section\"><\/section>\n<p>\n<\/div><\/div><\/div><\/div><div class=\"btClear btSeparator topSmallSpaced bottomSmallSpaced border\" ><hr><\/div><\/div><\/div><\/div><\/div><\/div><\/div><\/div><\/section><\/p>\n","protected":false},"excerpt":{"rendered":"","protected":false},"author":1,"featured_media":0,"parent":0,"menu_order":0,"comment_status":"closed","ping_status":"closed","template":"","meta":{"ngg_post_thumbnail":0,"footnotes":""},"class_list":["post-4963","page","type-page","status-publish","hentry"],"_links":{"self":[{"href":"https:\/\/dentplus.com.tr\/V2\/wp-json\/wp\/v2\/pages\/4963","targetHints":{"allow":["GET"]}}],"collection":[{"href":"https:\/\/dentplus.com.tr\/V2\/wp-json\/wp\/v2\/pages"}],"about":[{"href":"https:\/\/dentplus.com.tr\/V2\/wp-json\/wp\/v2\/types\/page"}],"author":[{"embeddable":true,"href":"https:\/\/dentplus.com.tr\/V2\/wp-json\/wp\/v2\/users\/1"}],"replies":[{"embeddable":true,"href":"https:\/\/dentplus.com.tr\/V2\/wp-json\/wp\/v2\/comments?post=4963"}],"version-history":[{"count":3,"href":"https:\/\/dentplus.com.tr\/V2\/wp-json\/wp\/v2\/pages\/4963\/revisions"}],"predecessor-version":[{"id":4966,"href":"https:\/\/dentplus.com.tr\/V2\/wp-json\/wp\/v2\/pages\/4963\/revisions\/4966"}],"wp:attachment":[{"href":"https:\/\/dentplus.com.tr\/V2\/wp-json\/wp\/v2\/media?parent=4963"}],"curies":[{"name":"wp","href":"https:\/\/api.w.org\/{rel}","templated":true}]}}