{"id":4927,"date":"2022-12-26T23:44:52","date_gmt":"2022-12-26T20:44:52","guid":{"rendered":"https:\/\/dentplus.com.tr\/V2\/?page_id=4927"},"modified":"2022-12-26T23:47:23","modified_gmt":"2022-12-26T20:47:23","slug":"kinderzahnheilkunde","status":"publish","type":"page","link":"https:\/\/dentplus.com.tr\/V2\/de\/kinderzahnheilkunde\/","title":{"rendered":"K\u0130NDERZAHNHE\u0130LKUNDE"},"content":{"rendered":"<p><section id=\"bt_section69ec52540a38a\"  class=\"boldSection topSemiSpaced btDarkSkin gutter inherit wBackground cover btAccentColorBackground\" style=\"background-image:url('https:\/\/dentplus.com.tr\/V2\/wp-content\/uploads\/bllurred-background.jpg');\"><div class=\"port\"><div class=\"boldCell\"><div class=\"boldCellInner\"><div class=\"boldRow  \" ><div class=\"boldRowInner\"><div class=\"rowItem col-md-9 col-ms-12  btTextLeft animate animate-fadein animate-moveleft inherit\"  ><div class=\"rowItemContent\" ><div class=\"btClear btSeparator topExtraSpaced bottomSmallSpaced noBorder\" ><hr><\/div><header class=\"header btClear extralarge btDash topDash  btNormalDash\" ><div class=\"btSuperTitle\">Behandlungsm\u00f6glichkeiten<\/div><div class=\"dash\"><h1><span class=\"headline\">K\u0130NDERZAHNHE\u0130LKUNDE<\/span><\/h1><\/div><\/header><div class=\"btClear btSeparator topSpaced noBorder\" ><hr><\/div><\/div><\/div><div class=\"rowItem col-md-3 col-sm-6 col-ms-12 btTextLeft\"  ><div class=\"rowItemContent\" ><\/div><\/div><\/div><\/div><\/div><\/div><\/div><\/section><section id=\"bt_section69ec52540a65c\"  class=\"boldSection gutter inherit\" style=\"margin-top: -6px;\"><div class=\"port\"><div class=\"boldCell\"><div class=\"boldCellInner\"><div class=\"boldRow  \" ><div class=\"boldRowInner\"><div class=\"rowItem col-md-3 col-sm-6 col-ms-12 btTextLeft inherit\" style=\"background-color: rgba(0, 179, 204, 1);\" ><div class=\"rowItemContent\" ><div class=\"btClear btSeparator topExtraSmallSpaced noBorder\" ><hr><\/div><\/div><\/div><div class=\"rowItem col-md-3 col-sm-6 col-ms-12 btTextLeft inherit\" style=\"background-color: rgba(0, 161, 190, 1);\" ><div class=\"rowItemContent\" ><div class=\"btClear btSeparator topExtraSmallSpaced noBorder\" ><hr><\/div><\/div><\/div><div class=\"rowItem col-md-3 col-sm-6 col-ms-12 btTextLeft inherit\" style=\"background-color: rgba(0, 135, 170, 1);\" ><div class=\"rowItemContent\" ><div class=\"btClear btSeparator topExtraSmallSpaced noBorder\" ><hr><\/div><\/div><\/div><div class=\"rowItem col-md-3 col-sm-6 col-ms-12 btTextLeft inherit\" style=\"background-color: rgba(0, 109, 149, 1);\" ><div class=\"rowItemContent\" ><div class=\"btClear btSeparator topExtraSmallSpaced noBorder\" ><hr><\/div><\/div><\/div><\/div><\/div><\/div><\/div><\/div><\/section><section id=\"services\" data-parallax=\"0\" data-parallax-offset=\"0\" class=\"boldSection topSpaced bottomSemiSpaced gutter inherit btParallax\" ><div class=\"port\"><div class=\"boldCell\"><div class=\"boldCellInner\"><div class=\"boldRow  \" ><div class=\"boldRowInner\"><div class=\"rowItem col-md-4 col-ms-12 btTextLeft\"  ><div class=\"rowItemContent\" ><div class=\"bpgPhoto btTextCenter\" ><div class=\"btImage\"><img decoding=\"async\" src=\"https:\/\/dentplus.com.tr\/V2\/wp-content\/uploads\/pedodonti-2-320x200.png\" alt=\"\" title=\"\"><\/div><\/div><\/div><\/div><div class=\"rowItem col-md-8 col-ms-12 btTextLeft\"  ><div class=\"rowItemContent\" ><div class=\"btText\" ><\/p>\n<p class=\"Gvde\"><span style=\"font-size: 12.0pt; font-family: 'Arial',sans-serif;\"><strong>Fluoridanwendung<\/strong>: Es handelt sich um eine Schutzanwendung, die ab dem 3. Lebensjahr angewendet werden kann. Das fluoridhaltige Material, das kontinuierlich auf die Z\u00e4hne aufgetragen werden kann, st\u00e4rkt den Zahnschmelz gegen Karies. Fluoridmaterial allein kann Kr\u00e4tze nicht verhindern; Es sollte durch eine nicht zusammenbackende Ern\u00e4hrung und regelm\u00e4\u00dfiges B\u00fcrsten unterst\u00fctzt werden.<\/span><\/p>\n<p class=\"Gvde\"><span style=\"font-size: 12.0pt; font-family: 'Arial',sans-serif;\"><strong>Fissurenversiegelung<\/strong>: Es ist eine sch\u00fctzende Anwendung, die auf die Z\u00e4hne aufgetragen wird. Es wird in die Rillen der Kaufl\u00e4chen der Pr\u00e4molaren und Pr\u00e4molaren im Seitenzahnbereich aufgetragen. Dieses Material, das verhindert, dass sich Speisereste in diesen Rillen absetzen, l\u00e4sst keine R\u00fcckst\u00e4nde zu. Wenn nicht regelm\u00e4\u00dfig geb\u00fcrstet wird, ist die Bildung von Hohlr\u00e4umen unvermeidlich.<\/span><\/p>\n<p class=\"Gvde\"><span style=\"font-size: 12.0pt; font-family: 'Arial',sans-serif;\">&nbsp;<strong>Kompositrestauration<\/strong>: Bei Gewebeverlust m\u00fcssen diese Gewebe mit einem Material rekonstruiert werden. Nach der Reinigung des erkrankten Gewebes wird der Zahn mit einem wei\u00dfen Komposit-Restaurationsmaterial restauriert, das der nat\u00fcrlichen Zahnfarbe \u00e4hnelt. Gutes B\u00fcrsten sollte fortgesetzt werden. Da sich um das Material herum noch nat\u00fcrliches Zahngewebe befindet, besteht weiterhin die Gefahr der Kariesentwicklung. Diese Behandlungsoption wird erfolgreich bei Milch- und bleibenden Z\u00e4hnen angewendet.<\/span><\/p>\n<p class=\"Gvde\"><span style=\"font-size: 12.0pt; font-family: 'Arial',sans-serif;\"><strong>\u00dcberkappung<\/strong>: Wenn sich die gequetschte L\u00e4sion in der N\u00e4he der Zahngrenze befindet, aber noch nicht erreicht ist, kann eine \u00dcberkappungsbehandlung durchgef\u00fchrt werden. Es sollten keine Schmerzen oder Abszesse im Zahn beobachtet werden. Ein gewebefreundliches Material, das den Zahnnerv nicht st\u00f6rt und sch\u00fctzt, wird aufgebracht und darauf eine Kompositrestauration hergestellt. Diese Behandlungsoption wird nicht bei Milchz\u00e4hnen, sondern nur bei bleibenden Z\u00e4hnen angewendet.<\/span><\/p>\n<p class=\"Gvde\"><span style=\"font-size: 12.0pt; font-family: 'Arial',sans-serif;\">Pulpotomie (Amputation): Diese Behandlung ist nur f\u00fcr Milchz\u00e4hne geeignet. Es wird in tiefen Hohlr\u00e4umen angewendet, in denen die Infektion noch nicht begonnen hat, aber ein Teil des \u00e4u\u00dferen Nervs betroffen ist. Der am st\u00e4rksten betroffene Teil des Nervengewebes wird entfernt und ein gewebefreundliches Material wird auf das verbleibende Nervengewebe im Wurzelbereich aufgebracht, und dann wird eine Kompositrestauration angebracht. Wenn der nat\u00fcrliche Zahngewebeverlust zu gro\u00df ist, kann es notwendig sein, eine Edelstahlkrone anzufertigen.<\/span><\/p>\n<p class=\"Gvde\"><span style=\"font-size: 12.0pt; font-family: 'Arial',sans-serif;\"><strong>Pulpektomie (Wurzelkanalbehandlung)<\/strong>: Wenn der Nerv der Milch- und bleibenden Z\u00e4hne irreversibel von Karies befallen oder entz\u00fcndet ist, muss der Nerv komplett entfernt werden. Es ist auch eine Intervention, die in einigen F\u00e4llen durchgef\u00fchrt wird, wenn ein Trauma auftritt. In F\u00e4llen, in denen Infektionen, Schmerzen und Schwellungen beobachtet werden, kann die Verwendung von Antibiotika vor dem Eingriff erforderlich sein. Nachdem der Nerv in der Wurzel entfernt wurde, wird ein gewebefreundliches Material platziert und je nach Gewebeverlust eine Kompositrestauration oder eine Edelstahlkrone hergestellt. F\u00fcr eine Wurzelkanalbehandlung und Zahnsanierung ist mehr als eine Sitzung erforderlich.<\/span><\/p>\n<p class=\"Gvde\"><span style=\"font-size: 12.0pt; font-family: 'Arial',sans-serif;\"><strong>Zahnextraktion<\/strong>: Milchz\u00e4hne oder bleibende Z\u00e4hne werden extrahiert, die aufgrund von Infektionen, Traumata oder \u00fcberm\u00e4\u00dfigem Gewebeverlust nicht behandelt werden k\u00f6nnen. Z\u00e4hne werden aus kieferorthop\u00e4dischen Gr\u00fcnden gezogen.<\/span><\/p>\n<p class=\"Gvde\"><span style=\"font-size: 12.0pt; font-family: 'Arial',sans-serif;\"><strong>Platzhalter<\/strong>: Aufgrund vorzeitigen Milchzahnverlustes m\u00fcssen f\u00fcr einige p\u00e4diatrische Patienten personalisierte Platzhalter erstellt werden. es kann zum Verschluss der Einschussl\u00fccke durch Ann\u00e4herung an den Einschussbereich kommen und das Weitertreiben des bleibenden Zahns erschwert oder sogar verhindert werden. Ziel ist es, einen m\u00f6glichen Platzverlust zu verhindern, die Notwendigkeit einer kieferorthop\u00e4dischen Behandlung zu minimieren und die Sprach- und Kaufunktion zu erhalten.<\/span><\/p>\n<p class=\"Gvde\"><span style=\"font-size: 12.0pt; font-family: 'Arial',sans-serif;\"><strong>Edelstahlkrone<\/strong>: Bei zu starkem Gewebeverlust bei Milchz\u00e4hnen, die nicht mit Komposit-Restaurationsmaterial versorgt werden k\u00f6nnen, kann eine Edelstahlkrone eingesetzt werden. Bevor diese Anwendung durchgef\u00fchrt wird, m\u00fcssen Pulpotomie- und Pulpektomieverfahren durchgef\u00fchrt werden. Die Anwendung einer Edelstahlkrone verhindert die Verringerung der vertikalen Dimension, wodurch die Kaufunktion erhalten oder wiederhergestellt werden kann.<\/span><\/p>\n<p>\n<\/div><\/div><\/div><\/div><\/div><div class=\"boldRow  \" ><div class=\"boldRowInner\"><\/div><\/div><div class=\"boldRow  \" ><div class=\"boldRowInner\"><div class=\"rowItem col-md-12 col-ms-12  btTextCenter animate animate-fadein btTextIndent inherit\"  ><div class=\"rowItemContent\" ><div class=\"btClear btSeparator topSemiSpaced noBorder\" ><hr><\/div><\/div><\/div><\/div><\/div><\/div><\/div><\/div><\/section><section id=\"bt_section69ec52540b554\"  class=\"boldSection topSemiSpaced bottomSemiSpaced btDarkSkin gutter inherit btAccentColorBackground\" style=\"margin-top: -6px;\"><div class=\"port\"><div class=\"boldCell\"><div class=\"boldCellInner\"><div class=\"boldRow  \" ><div class=\"boldRowInner\"><div class=\"rowItem col-md-8 col-ms-12 btTextLeft animate animate-fadein animate-moveup btMiddleVertical\"  ><div class=\"rowItemContent\" ><header class=\"header btClear medium  btAccentDash\" ><div class=\"dash\"><h3><span class=\"headline\">UM UNS ZU ERREICHEN UND TERMIN ZU VEREINBAREN, K\u00d6NNEN SIE UNS KONTAKTIEREN<\/span><\/h3><\/div><\/header><\/div><\/div><div class=\"rowItem col-md-4 col-ms-12 btTextLeft animate animate-fadein animate-moveup btMiddleVertical\"  ><div class=\"rowItemContent\" ><a href=\"https:\/\/dentplus.com.tr\/V2\/de\/online-termin\/\" class=\"btBtn btBtn btnFilledStyle btnNormalColor btnSmall btnNormalWidth btnRightPosition btnNoIcon\" ><span class=\"btnInnerText\">ONLINE-TERMIN<\/span><\/a><\/div><\/div><\/div><\/div><\/div><\/div><\/div><\/section><\/p>\n","protected":false},"excerpt":{"rendered":"","protected":false},"author":1,"featured_media":0,"parent":0,"menu_order":0,"comment_status":"closed","ping_status":"closed","template":"","meta":{"ngg_post_thumbnail":0,"footnotes":""},"class_list":["post-4927","page","type-page","status-publish","hentry"],"_links":{"self":[{"href":"https:\/\/dentplus.com.tr\/V2\/wp-json\/wp\/v2\/pages\/4927","targetHints":{"allow":["GET"]}}],"collection":[{"href":"https:\/\/dentplus.com.tr\/V2\/wp-json\/wp\/v2\/pages"}],"about":[{"href":"https:\/\/dentplus.com.tr\/V2\/wp-json\/wp\/v2\/types\/page"}],"author":[{"embeddable":true,"href":"https:\/\/dentplus.com.tr\/V2\/wp-json\/wp\/v2\/users\/1"}],"replies":[{"embeddable":true,"href":"https:\/\/dentplus.com.tr\/V2\/wp-json\/wp\/v2\/comments?post=4927"}],"version-history":[{"count":2,"href":"https:\/\/dentplus.com.tr\/V2\/wp-json\/wp\/v2\/pages\/4927\/revisions"}],"predecessor-version":[{"id":4930,"href":"https:\/\/dentplus.com.tr\/V2\/wp-json\/wp\/v2\/pages\/4927\/revisions\/4930"}],"wp:attachment":[{"href":"https:\/\/dentplus.com.tr\/V2\/wp-json\/wp\/v2\/media?parent=4927"}],"curies":[{"name":"wp","href":"https:\/\/api.w.org\/{rel}","templated":true}]}}