{"id":4905,"date":"2022-12-26T23:25:08","date_gmt":"2022-12-26T20:25:08","guid":{"rendered":"https:\/\/dentplus.com.tr\/V2\/?page_id=4905"},"modified":"2022-12-26T23:27:13","modified_gmt":"2022-12-26T20:27:13","slug":"kiegelgelenkstoerungen","status":"publish","type":"page","link":"https:\/\/dentplus.com.tr\/V2\/de\/kiegelgelenkstoerungen\/","title":{"rendered":"KIEGELGELENKST\u00d6RUNGEN"},"content":{"rendered":"<p><section id=\"bt_section69ebff0053fd5\"  class=\"boldSection topSemiSpaced btDarkSkin gutter inherit wBackground cover btAccentColorBackground\" style=\"background-image:url('https:\/\/dentplus.com.tr\/V2\/wp-content\/uploads\/bllurred-background.jpg');\"><div class=\"port\"><div class=\"boldCell\"><div class=\"boldCellInner\"><div class=\"boldRow  \" ><div class=\"boldRowInner\"><div class=\"rowItem col-md-9 col-ms-12  btTextLeft animate animate-fadein animate-moveleft inherit\"  ><div class=\"rowItemContent\" ><div class=\"btClear btSeparator topExtraSpaced bottomSmallSpaced noBorder\" ><hr><\/div><header class=\"header btClear extralarge btDash topDash  btNormalDash\" ><div class=\"btSuperTitle\">Behandlungsm\u00f6glichkeiten<\/div><div class=\"dash\"><h1><span class=\"headline\">KIEGELGELENKST\u00d6RUNGEN<\/span><\/h1><\/div><\/header><div class=\"btClear btSeparator topSpaced noBorder\" ><hr><\/div><\/div><\/div><div class=\"rowItem col-md-3 col-sm-6 col-ms-12 btTextLeft\"  ><div class=\"rowItemContent\" ><\/div><\/div><\/div><\/div><\/div><\/div><\/div><\/section><section id=\"bt_section69ebff005419e\"  class=\"boldSection gutter inherit\" style=\"margin-top: -6px;\"><div class=\"port\"><div class=\"boldCell\"><div class=\"boldCellInner\"><div class=\"boldRow  \" ><div class=\"boldRowInner\"><div class=\"rowItem col-md-3 col-sm-6 col-ms-12 btTextLeft inherit\" style=\"background-color: rgba(0, 179, 204, 1);\" ><div class=\"rowItemContent\" ><div class=\"btClear btSeparator topExtraSmallSpaced noBorder\" ><hr><\/div><\/div><\/div><div class=\"rowItem col-md-3 col-sm-6 col-ms-12 btTextLeft inherit\" style=\"background-color: rgba(0, 161, 190, 1);\" ><div class=\"rowItemContent\" ><div class=\"btClear btSeparator topExtraSmallSpaced noBorder\" ><hr><\/div><\/div><\/div><div class=\"rowItem col-md-3 col-sm-6 col-ms-12 btTextLeft inherit\" style=\"background-color: rgba(0, 135, 170, 1);\" ><div class=\"rowItemContent\" ><div class=\"btClear btSeparator topExtraSmallSpaced noBorder\" ><hr><\/div><\/div><\/div><div class=\"rowItem col-md-3 col-sm-6 col-ms-12 btTextLeft inherit\" style=\"background-color: rgba(0, 109, 149, 1);\" ><div class=\"rowItemContent\" ><div class=\"btClear btSeparator topExtraSmallSpaced noBorder\" ><hr><\/div><\/div><\/div><\/div><\/div><\/div><\/div><\/div><\/section><section id=\"services\" data-parallax=\"0\" data-parallax-offset=\"0\" class=\"boldSection topSpaced bottomSemiSpaced gutter inherit btParallax\" ><div class=\"port\"><div class=\"boldCell\"><div class=\"boldCellInner\"><div class=\"boldRow  \" ><div class=\"boldRowInner\"><div class=\"rowItem col-md-4 col-ms-12 btTextLeft\"  ><div class=\"rowItemContent\" ><div class=\"bpgPhoto btTextCenter\" ><div class=\"btImage\"><img decoding=\"async\" src=\"https:\/\/dentplus.com.tr\/V2\/wp-content\/uploads\/\u00e7enehasla\u011f\u0131-1-320x200.png\" alt=\"\" title=\"\"><\/div><\/div><\/div><\/div><div class=\"rowItem col-md-8 col-ms-12 btTextLeft\"  ><div class=\"rowItemContent\" ><div class=\"btText\" ><\/p>\n<div class=\"sixteen columns\">\n<p><strong>Kiefergelenkserkrankungen (TMJ) k\u00f6nnen in jedem Alter in der Gesellschaft beobachtet werden, aber sie sind eine der Krankheiten, die vor allem junge Menschen betreffen k\u00f6nnen. Obwohl es nur als Ger\u00e4usch auftreten kann, ohne klinische Symptome zu verursachen, ist es manchmal durch Schmerzen gekennzeichnet, die Menschen st\u00f6ren.<\/strong><\/p>\n<p>Kiefergelenkserkrankungen sind durch verschiedene Symptome gekennzeichnet, die von Tinnitus bis Kopfschmerzen reichen, von einem einfachen Gelenkger\u00e4usch bis hin zum Blockieren des Kiefers. Patienten suchen nach L\u00f6sungen f\u00fcr ihre Probleme, indem sie sich an verschiedene \u00c4rzte wenden, von HNO-\u00c4rzten \u00fcber Neurologen, Kieferchirurgen bis hin zu Physiotherapeuten. Multidisziplin\u00e4re Ans\u00e4tze; kann ohne die Beurteilung der Okklusion (Schlie\u00dfen der Z\u00e4hne) und der vertikalen Dimension durch einen Prothetiker unvollst\u00e4ndig sein.<\/p>\n<p>&nbsp;<\/p>\n<p>Kiefergelenk (TMJ); Es ist das einzige Gelenk im K\u00f6rper, das gleiten kann. Bei Patienten mit Dysfunktionen des Kiefergelenks (Kiefergelenkserkrankungen) treten Symptome wie Schmerzen im und um das Gelenk, Knackger\u00e4usche im Gelenk, Druckempfindlichkeit und Schmerzen in den Muskeln, Kopfschmerzen und Einschr\u00e4nkungen der Kieferbewegungen auf. Da es sich um das Kiefergelenk handeln kann, wirken sich Gelenk- und Zahnerkrankungen auch auf das umliegende Gewebe aus, insbesondere auf die Muskulatur.<\/p>\n<p>Behandlungsm\u00f6glichkeiten bei Kiefergelenkserkrankungen (Kiefergelenkserkrankungen);<\/p>\n<ol>\n<li>Okklusale Schienenbehandlung<\/li>\n<li>Physiotherapie<\/li>\n<li>Pharmakologische Behandlung<\/li>\n<li>Es handelt sich um eine oder mehrere der psychiatrischen Behandlungsoptionen.<\/li>\n<\/ol>\n<p>Diese Behandlungen werden von unserem Kiefer-Gesichts-Prothetiker entsprechend den Indikationen und Bed\u00fcrfnissen der Patienten durchgef\u00fchrt.<\/p>\n<\/div>\n<p>\n<\/div><\/div><\/div><\/div><\/div><div class=\"boldRow  \" ><div class=\"boldRowInner\"><div class=\"rowItem col-md-12 col-ms-12  btTextCenter animate animate-fadein btTextIndent inherit\"  ><div class=\"rowItemContent\" ><div class=\"btClear btSeparator topSemiSpaced noBorder\" ><hr><\/div><\/div><\/div><\/div><\/div><\/div><\/div><\/div><\/section><section id=\"bt_section69ebff00547da\"  class=\"boldSection topSemiSpaced bottomSemiSpaced btDarkSkin gutter inherit btAccentColorBackground\" style=\"margin-top: -6px;\"><div class=\"port\"><div class=\"boldCell\"><div class=\"boldCellInner\"><div class=\"boldRow  \" ><div class=\"boldRowInner\"><div class=\"rowItem col-md-8 col-ms-12 btTextLeft animate animate-fadein animate-moveup btMiddleVertical\"  ><div class=\"rowItemContent\" ><header class=\"header btClear medium  btAccentDash\" ><div class=\"dash\"><h3><span class=\"headline\">UM UNS ZU ERREICHEN UND TERMIN ZU VEREINBAREN, K\u00d6NNEN SIE UNS KONTAKTIEREN<\/span><\/h3><\/div><\/header><\/div><\/div><div class=\"rowItem col-md-4 col-ms-12 btTextLeft animate animate-fadein animate-moveup btMiddleVertical\"  ><div class=\"rowItemContent\" ><a href=\"https:\/\/dentplus.com.tr\/V2\/de\/online-termin\/\" class=\"btBtn btBtn btnFilledStyle btnNormalColor btnSmall btnNormalWidth btnRightPosition btnNoIcon\" ><span class=\"btnInnerText\">ONLINE-TERMIN<\/span><\/a><\/div><\/div><\/div><\/div><\/div><\/div><\/div><\/section><\/p>\n","protected":false},"excerpt":{"rendered":"","protected":false},"author":1,"featured_media":0,"parent":0,"menu_order":0,"comment_status":"closed","ping_status":"closed","template":"","meta":{"ngg_post_thumbnail":0,"footnotes":""},"class_list":["post-4905","page","type-page","status-publish","hentry"],"_links":{"self":[{"href":"https:\/\/dentplus.com.tr\/V2\/wp-json\/wp\/v2\/pages\/4905","targetHints":{"allow":["GET"]}}],"collection":[{"href":"https:\/\/dentplus.com.tr\/V2\/wp-json\/wp\/v2\/pages"}],"about":[{"href":"https:\/\/dentplus.com.tr\/V2\/wp-json\/wp\/v2\/types\/page"}],"author":[{"embeddable":true,"href":"https:\/\/dentplus.com.tr\/V2\/wp-json\/wp\/v2\/users\/1"}],"replies":[{"embeddable":true,"href":"https:\/\/dentplus.com.tr\/V2\/wp-json\/wp\/v2\/comments?post=4905"}],"version-history":[{"count":3,"href":"https:\/\/dentplus.com.tr\/V2\/wp-json\/wp\/v2\/pages\/4905\/revisions"}],"predecessor-version":[{"id":4908,"href":"https:\/\/dentplus.com.tr\/V2\/wp-json\/wp\/v2\/pages\/4905\/revisions\/4908"}],"wp:attachment":[{"href":"https:\/\/dentplus.com.tr\/V2\/wp-json\/wp\/v2\/media?parent=4905"}],"curies":[{"name":"wp","href":"https:\/\/api.w.org\/{rel}","templated":true}]}}