{"id":4900,"date":"2022-12-26T23:20:18","date_gmt":"2022-12-26T20:20:18","guid":{"rendered":"https:\/\/dentplus.com.tr\/V2\/?page_id=4900"},"modified":"2022-12-26T23:23:33","modified_gmt":"2022-12-26T20:23:33","slug":"aesthetische-zahnmedizin","status":"publish","type":"page","link":"https:\/\/dentplus.com.tr\/V2\/de\/aesthetische-zahnmedizin\/","title":{"rendered":"\u00c4STHETISCHE ZAHNMEDIZIN"},"content":{"rendered":"<p><section id=\"bt_section69ec1c4b9023b\"  class=\"boldSection topSemiSpaced btDarkSkin gutter inherit wBackground cover btAccentColorBackground\" style=\"background-image:url('https:\/\/dentplus.com.tr\/V2\/wp-content\/uploads\/bllurred-background.jpg');\"><div class=\"port\"><div class=\"boldCell\"><div class=\"boldCellInner\"><div class=\"boldRow  \" ><div class=\"boldRowInner\"><div class=\"rowItem col-md-9 col-ms-12  btTextLeft animate animate-fadein animate-moveleft inherit\"  ><div class=\"rowItemContent\" ><div class=\"btClear btSeparator topExtraSpaced bottomSmallSpaced noBorder\" ><hr><\/div><header class=\"header btClear extralarge btDash topDash  btNormalDash\" ><div class=\"btSuperTitle\">Behandlungsm\u00f6glichkeiten<\/div><div class=\"dash\"><h1><span class=\"headline\">\u00c4STHETISCHE ZAHNMEDIZIN<\/span><\/h1><\/div><\/header><div class=\"btClear btSeparator topSpaced noBorder\" ><hr><\/div><\/div><\/div><div class=\"rowItem col-md-3 col-sm-6 col-ms-12 btTextLeft\"  ><div class=\"rowItemContent\" ><\/div><\/div><\/div><\/div><\/div><\/div><\/div><\/section><section id=\"bt_section69ec1c4b90548\"  class=\"boldSection gutter inherit\" style=\"margin-top: -6px;\"><div class=\"port\"><div class=\"boldCell\"><div class=\"boldCellInner\"><div class=\"boldRow  \" ><div class=\"boldRowInner\"><div class=\"rowItem col-md-3 col-sm-6 col-ms-12 btTextLeft inherit\" style=\"background-color: rgba(0, 179, 204, 1);\" ><div class=\"rowItemContent\" ><div class=\"btClear btSeparator topExtraSmallSpaced noBorder\" ><hr><\/div><\/div><\/div><div class=\"rowItem col-md-3 col-sm-6 col-ms-12 btTextLeft inherit\" style=\"background-color: rgba(0, 161, 190, 1);\" ><div class=\"rowItemContent\" ><div class=\"btClear btSeparator topExtraSmallSpaced noBorder\" ><hr><\/div><\/div><\/div><div class=\"rowItem col-md-3 col-sm-6 col-ms-12 btTextLeft inherit\" style=\"background-color: rgba(0, 135, 170, 1);\" ><div class=\"rowItemContent\" ><div class=\"btClear btSeparator topExtraSmallSpaced noBorder\" ><hr><\/div><\/div><\/div><div class=\"rowItem col-md-3 col-sm-6 col-ms-12 btTextLeft inherit\" style=\"background-color: rgba(0, 109, 149, 1);\" ><div class=\"rowItemContent\" ><div class=\"btClear btSeparator topExtraSmallSpaced noBorder\" ><hr><\/div><\/div><\/div><\/div><\/div><\/div><\/div><\/div><\/section><section id=\"services\" data-parallax=\"0\" data-parallax-offset=\"0\" class=\"boldSection topSpaced bottomSemiSpaced gutter inherit btParallax\" ><div class=\"port\"><div class=\"boldCell\"><div class=\"boldCellInner\"><div class=\"boldRow  \" ><div class=\"boldRowInner\"><div class=\"rowItem col-md-4 col-ms-12 btTextLeft\"  ><div class=\"rowItemContent\" ><div class=\"bpgPhoto btTextCenter\" ><div class=\"btImage\"><img decoding=\"async\" src=\"https:\/\/dentplus.com.tr\/V2\/wp-content\/uploads\/estetikdi\u015fhekimli\u011f-1-320x200.png\" alt=\"\" title=\"\"><\/div><\/div><\/div><\/div><div class=\"rowItem col-md-8 col-ms-12 btTextLeft\"  ><div class=\"rowItemContent\" ><div class=\"btText\" ><\/p>\n<p>\u00c4sthetische Z\u00e4hne..<\/p>\n<p>Zahn- und Zahnfleisch\u00e4sthetik; Heute ist es zu einem der wichtigsten Elemente der Gesichts\u00e4sthetik geworden. Der Wunsch nach wei\u00dferen Z\u00e4hnen zieht von Tag zu Tag mehr Aufmerksamkeit auf sich und aus diesem Grund steigt die Zahl der Patienten, die sich f\u00fcr die Zahnheilkunde bewerben. In der Zahnmedizin; \u00c4sthetische Anwendungen zeigen Unterschiede. Es ist die beliebteste dieser Anwendungen. Die Farbe der Z\u00e4hne sowie die Form und Anordnung der Z\u00e4hne ist eines der Hauptelemente eines \u00e4sthetischen L\u00e4chelns. Das Aufhellen von Z\u00e4hnen zu \u00e4sthetischen Zwecken bei Z\u00e4hnen, die den Menschen durch ihre Farbe st\u00f6ren, ist jedoch kein neues Behandlungskonzept, sondern hat sich mit der Entwicklung der Technologie und der sich entwickelnden Behandlungstechniken in den letzten Jahren zu einer h\u00e4ufig verwendeten und gesuchten Behandlung entwickelt.<\/p>\n<p>Sie k\u00f6nnen sehen, wie die F\u00e4lle, die wir im Bereich der \u00e4sthetischen Zahnheilkunde sehen, auf Probleme sto\u00dfen und Ergebnisse erhalten, indem Sie hier klicken.<\/p>\n<p>\n<\/div><\/div><\/div><\/div><\/div><div class=\"boldRow  \" ><div class=\"boldRowInner\"><\/div><\/div><div class=\"boldRow  \" ><div class=\"boldRowInner\"><div class=\"rowItem col-md-12 col-ms-12  btTextCenter animate animate-fadein btTextIndent inherit\"  ><div class=\"rowItemContent\" ><div class=\"btClear btSeparator topSemiSpaced noBorder\" ><hr><\/div><\/div><\/div><\/div><\/div><\/div><\/div><\/div><\/section><section id=\"bt_section69ec1c4b90d88\"  class=\"boldSection topSemiSpaced bottomSemiSpaced btDarkSkin gutter inherit btAccentColorBackground\" style=\"margin-top: -6px;\"><div class=\"port\"><div class=\"boldCell\"><div class=\"boldCellInner\"><div class=\"boldRow  \" ><div class=\"boldRowInner\"><div class=\"rowItem col-md-8 col-ms-12 btTextLeft animate animate-fadein animate-moveup btMiddleVertical\"  ><div class=\"rowItemContent\" ><header class=\"header btClear medium  btAccentDash\" ><div class=\"dash\"><h3><span class=\"headline\">UM UNS ZU ERREICHEN UND TERMIN ZU VEREINBAREN, K\u00d6NNEN SIE UNS KONTAKTIEREN<\/span><\/h3><\/div><\/header><\/div><\/div><div class=\"rowItem col-md-4 col-ms-12 btTextLeft animate animate-fadein animate-moveup btMiddleVertical\"  ><div class=\"rowItemContent\" ><a href=\"https:\/\/dentplus.com.tr\/V2\/de\/online-termin\/\" class=\"btBtn btBtn btnFilledStyle btnNormalColor btnSmall btnNormalWidth btnRightPosition btnNoIcon\" ><span class=\"btnInnerText\">ONLINE-TERMIN<\/span><\/a><\/div><\/div><\/div><\/div><\/div><\/div><\/div><\/section><\/p>\n","protected":false},"excerpt":{"rendered":"","protected":false},"author":1,"featured_media":0,"parent":0,"menu_order":0,"comment_status":"closed","ping_status":"closed","template":"","meta":{"ngg_post_thumbnail":0,"footnotes":""},"class_list":["post-4900","page","type-page","status-publish","hentry"],"_links":{"self":[{"href":"https:\/\/dentplus.com.tr\/V2\/wp-json\/wp\/v2\/pages\/4900","targetHints":{"allow":["GET"]}}],"collection":[{"href":"https:\/\/dentplus.com.tr\/V2\/wp-json\/wp\/v2\/pages"}],"about":[{"href":"https:\/\/dentplus.com.tr\/V2\/wp-json\/wp\/v2\/types\/page"}],"author":[{"embeddable":true,"href":"https:\/\/dentplus.com.tr\/V2\/wp-json\/wp\/v2\/users\/1"}],"replies":[{"embeddable":true,"href":"https:\/\/dentplus.com.tr\/V2\/wp-json\/wp\/v2\/comments?post=4900"}],"version-history":[{"count":2,"href":"https:\/\/dentplus.com.tr\/V2\/wp-json\/wp\/v2\/pages\/4900\/revisions"}],"predecessor-version":[{"id":4904,"href":"https:\/\/dentplus.com.tr\/V2\/wp-json\/wp\/v2\/pages\/4900\/revisions\/4904"}],"wp:attachment":[{"href":"https:\/\/dentplus.com.tr\/V2\/wp-json\/wp\/v2\/media?parent=4900"}],"curies":[{"name":"wp","href":"https:\/\/api.w.org\/{rel}","templated":true}]}}