{"id":4894,"date":"2022-12-26T23:03:24","date_gmt":"2022-12-26T20:03:24","guid":{"rendered":"https:\/\/dentplus.com.tr\/V2\/?page_id=4894"},"modified":"2022-12-27T12:00:25","modified_gmt":"2022-12-27T09:00:25","slug":"zahnfleisch-erkrankungen","status":"publish","type":"page","link":"https:\/\/dentplus.com.tr\/V2\/de\/zahnfleisch-erkrankungen\/","title":{"rendered":"ZAHNFLEISCH ERKRANKUNGEN"},"content":{"rendered":"<p><section id=\"bt_section69f5e87c9ec94\"  class=\"boldSection topSemiSpaced btDarkSkin gutter inherit wBackground cover btAccentColorBackground\" style=\"background-image:url('https:\/\/dentplus.com.tr\/V2\/wp-content\/uploads\/bllurred-background.jpg');\"><div class=\"port\"><div class=\"boldCell\"><div class=\"boldCellInner\"><div class=\"boldRow  \" ><div class=\"boldRowInner\"><div class=\"rowItem col-md-9 col-ms-12  btTextLeft animate animate-fadein animate-moveleft inherit\"  ><div class=\"rowItemContent\" ><div class=\"btClear btSeparator topExtraSpaced bottomSmallSpaced noBorder\" ><hr><\/div><header class=\"header btClear extralarge btDash topDash  btNormalDash\" ><div class=\"btSuperTitle\">Behandlungsm\u00f6glichkeiten<\/div><div class=\"dash\"><h1><span class=\"headline\">ZAHNFLEISCH ERKRANKUNGEN<\/span><\/h1><\/div><\/header><div class=\"btClear btSeparator topSpaced noBorder\" ><hr><\/div><\/div><\/div><div class=\"rowItem col-md-3 col-sm-6 col-ms-12 btTextLeft\"  ><div class=\"rowItemContent\" ><\/div><\/div><\/div><\/div><\/div><\/div><\/div><\/section><section id=\"bt_section69f5e87c9efb4\"  class=\"boldSection gutter inherit\" style=\"margin-top: -6px;\"><div class=\"port\"><div class=\"boldCell\"><div class=\"boldCellInner\"><div class=\"boldRow  \" ><div class=\"boldRowInner\"><div class=\"rowItem col-md-3 col-sm-6 col-ms-12 btTextLeft inherit\" style=\"background-color: rgba(0, 179, 204, 1);\" ><div class=\"rowItemContent\" ><div class=\"btClear btSeparator topExtraSmallSpaced noBorder\" ><hr><\/div><\/div><\/div><div class=\"rowItem col-md-3 col-sm-6 col-ms-12 btTextLeft inherit\" style=\"background-color: rgba(0, 161, 190, 1);\" ><div class=\"rowItemContent\" ><div class=\"btClear btSeparator topExtraSmallSpaced noBorder\" ><hr><\/div><\/div><\/div><div class=\"rowItem col-md-3 col-sm-6 col-ms-12 btTextLeft inherit\" style=\"background-color: rgba(0, 135, 170, 1);\" ><div class=\"rowItemContent\" ><div class=\"btClear btSeparator topExtraSmallSpaced noBorder\" ><hr><\/div><\/div><\/div><div class=\"rowItem col-md-3 col-sm-6 col-ms-12 btTextLeft inherit\" style=\"background-color: rgba(0, 109, 149, 1);\" ><div class=\"rowItemContent\" ><div class=\"btClear btSeparator topExtraSmallSpaced noBorder\" ><hr><\/div><\/div><\/div><\/div><\/div><\/div><\/div><\/div><\/section><section id=\"services\" data-parallax=\"0\" data-parallax-offset=\"0\" class=\"boldSection topSpaced bottomSemiSpaced gutter inherit btParallax\" ><div class=\"port\"><div class=\"boldCell\"><div class=\"boldCellInner\"><div class=\"boldRow  \" ><div class=\"boldRowInner\"><div class=\"rowItem col-md-4 col-ms-12 btTextLeft\"  ><div class=\"rowItemContent\" ><div class=\"bpgPhoto btTextCenter\" ><div class=\"btImage\"><img decoding=\"async\" src=\"https:\/\/dentplus.com.tr\/V2\/wp-content\/uploads\/8-1-320x322.jpg\" alt=\"\" title=\"\"><\/div><\/div><\/div><\/div><div class=\"rowItem col-md-8 col-ms-12 btTextLeft\"  ><div class=\"rowItemContent\" ><div class=\"btText\" ><\/p>\n<p><strong>Wie sollte ein gesundes Zahnfleisch sein?<\/strong><br \/>\nDie matte Oberfl\u00e4che, meist hellrosa, mit einer harten Konsistenz, hat ein Orangenhaut-Aussehen und ein Messerkantes Ende.<\/p>\n<p><strong>Wie wird die Krankheit diagnostiziert?<\/strong><br \/>\nEs wird durch klinische und r\u00f6ntgenologische Untersuchung durch den Zahnarzt diagnostiziert.<\/p>\n<p><strong>Was sind Zahnfleischerkrankungen?<\/strong><br \/>\nSie umfasst ein breites Spektrum von einer einfachen Zahnfleischentz\u00fcndung (Gingivitis) bis hin zu schweren Infektionen (Parodontitis), bei denen die die Zahnwurzeln umgebenden Kieferknochen schmelzen und Z\u00e4hne verloren gehen.<\/p>\n<p>\n<\/div><\/div><\/div><\/div><\/div><div class=\"boldRow  \" ><div class=\"boldRowInner\"><div class=\"rowItem col-md-12 col-ms-12  btTextLeft\"  ><div class=\"rowItemContent\" ><strong>Was sind die intraoralen Symptome einer Parodontitis?<\/strong><\/p>\n<ul>\n<li>das Zahnfleisch beim Z\u00e4hneputzen oder spontan blutet,<\/li>\n<li>die gesunde rosa Farbe sich in rot oder sogar violett verf\u00e4rbt,<\/li>\n<li>das Zahnfleisch anschwillt,<\/li>\n<li>Mundgeruch auftritt,<\/li>\n<li>ein Gef\u00fchl des Quetschens von Speisen besteht,<\/li>\n<li>eine vermehrte Ansammlung von Zahnstein auftritt,<\/li>\n<li>Juckreiz im Zahnfleisch,<\/li>\n<li>im Zahnfleisch ist eine Rezession zu sehen,<\/li>\n<li>da der die Zahnwurzeln umgebende Kieferknochen schmilzt, die L\u00fccke zwischen den Z\u00e4hnen l\u00e4nger wird und die Z\u00e4hne zu zittern beginnen.<\/li>\n<\/ul>\n<p>&nbsp;<\/p>\n<h5><strong>Ursachen der Parodontitis<\/strong><\/h5>\n<p>Die Hauptursache der Krankheit ist mikrobielle Zahnplaque, die durch die Ansammlung von Nahrungsmitteln, die wir essen, auf den Oberfl\u00e4chen und zwischen den Z\u00e4hnen als Folge von unzureichendem Z\u00e4hneputzen gebildet wird. Es gibt viele Arten und Zahlen von Mikroorganismen. Schadstoffe verursachen Zahnfleischerkrankungen. Mikrobielle Zahnbel\u00e4ge sind zun\u00e4chst weich und lassen sich mit Zahnb\u00fcrste und Zahnseide leicht von den Z\u00e4hnen entfernen. Wenn die Plaque nicht richtig gereinigt werden kann, verh\u00e4rtet sie sich, indem sie sich mit Speichel und Zahnstein verbindet. Da die Oberfl\u00e4che des Zahnsteins rau ist, erleichtert sie die Ansammlung von Plaque und erschwert die Reinigung. Zahnstein sollte in regelm\u00e4\u00dfigen Abst\u00e4nden gereinigt und mit einer glatten B\u00fcrste und einem Faden aus dem Mund entfernt werden, solange die Plaque weich ist, ohne dass sich Zahnstein bilden kann. Obwohl mikrobielle Zahnplaque die Hauptursache der Krankheit ist, ist Zahnfleischerkrankung ein multifaktorieller Zustand. Als Risikofaktoren im Krankheitsverlauf spielen systemische, umweltbedingte und famili\u00e4re Faktoren eine Rolle.<\/p>\n<p>&nbsp;<\/p>\n<h5><strong>Systemische Erkrankungen und Auswirkungen<\/strong><\/h5>\n<p>Es spielt eine Rolle als Risikofaktor bei Zahnfleischerkrankungen, Herz- und Lungenerkrankungen, Diabetes und Fr\u00fch-\/Untergewichtsgeburten. Den Untersuchungen zufolge weisen die Entstehungsmechanismen von Zahnfleischerkrankungen \u00e4hnliche Charakteristika auf. Es tritt bei \u00e4lteren Menschen, M\u00e4nnern, Rauchern, Bluthochdruck und gestressten Personen auf. Studien zeigen, dass Personen mit oralen Infektionen mit 30 % h\u00f6herer Wahrscheinlichkeit einen Herzinfarkt erleiden als Personen ohne die Infektion. Mikroorganismen und die von ihnen ausgeschiedenen Schadstoffe spielen bei Diabetes eine wichtige Rolle. Es ist wissenschaftlich erwiesen, dass sich bei unkontrollierten Diabetespatienten mehr Zahnfleischerkrankungen entwickeln als bei kontrollierten Diabetespatienten mit gleicher Mundhygiene. Mikroorganismen, die bei der Entstehung von Zahnfleischerkrankungen eine Rolle spielen, bergen das Risiko einer Fr\u00fchgeburt f\u00fcr den F\u00f6tus und das Risiko, bei schwangeren Frauen ein Baby mit niedrigem Geburtsgewicht zur Welt zu bringen.<\/p>\n<h5><strong>Welcher Zusammenhang besteht zwischen Zahnfleischerkrankungen und Drogenkonsum?<\/strong><\/h5>\n<p>Einige Medikamente zur Unterdr\u00fcckung des Immunsystems bei der Behandlung von Bluthochdruck und nach Organtransplantationen f\u00fchren zu einer Vergr\u00f6\u00dferung des Zahnfleisches.<\/p>\n<p>&nbsp;<\/p>\n<h5><strong>Pr\u00e4vention von Parodontitis<\/strong><\/h5>\n<p>Es zielt darauf ab, das weiche (Zahnfleisch) und harte Gewebe (Knochen) um die Z\u00e4hne herum zu korrigieren und diese Gewebe zu zerst\u00f6ren. Es wird darauf geachtet, dass der mikrobielle Zahnbelag und Zahnstein, der Erreger der Erkrankung, die im Volksmund Zahnsteinreinigung genannt wird, entfernt wird und eine Mundhygieneerziehung (regelm\u00e4\u00dfiges B\u00fcrsten, Verwendung von Seil-\/Zwischenb\u00fcrsten) erfolgt gegeben. Diese Methode kann als eigenst\u00e4ndige Behandlungsmethode bei einfacher Gingivitis eingesetzt werden, oder sie dient der Vorbereitung einer parodontalen Operation in fortgeschrittenen Krankheitsstadien. Parodontale Operation; variieren je nach Schweregrad und Art der Erkrankung. In F\u00e4llen, in denen es auf die Gingiva beschr\u00e4nkt ist, wird angestrebt, die Zahnfleischtasche zu beseitigen, w\u00e4hrend in F\u00e4llen, in denen auch der Kieferknochen betroffen ist, angestrebt wird, den Knochen zus\u00e4tzlich zur Taschenentfernung zu behandeln, der Knochen wird korrigiert und Biomaterialien wie z Knochenpulver und Membran werden bei Bedarf verwendet. Es geht weiter mit dem Anheben des Zahnfleisches, nachdem das Zahnfleisch entfernt wurde, das entz\u00fcndete Gewebe gereinigt, der Knochen begradigt, Knochenpulver aufgetragen und N\u00e4hte gelegt werden und das Gewebe heilen gelassen wird. In 7-14 Tagen erhalten. Der Patient wird in den ersten 2 Jahren 4-mal j\u00e4hrlich und in den folgenden Jahren 2-mal j\u00e4hrlich zur Kontrolle gerufen. Bei Bedarf erh\u00f6ht der Arzt die Anzahl der Kontrollen.<\/p>\n<p>&nbsp;<\/p>\n<h5><strong>H\u00e4ufig gestellte Fragen<\/strong><\/h5>\n<p>&nbsp;<\/p>\n<p><strong>Wie oft sollte Zahnsteinentfernung durchgef\u00fchrt werden?<\/strong><\/p>\n<p>Eine Zahnreinigung ist nicht erforderlich. Es ist vorteilhaft, regelm\u00e4\u00dfig mindestens 2 Mal im Jahr alle 6 Monate zum Zahnarzt zu gehen. Bei Bedarf kann w\u00e4hrend dieser Kontrollen eine Zahnsteinreinigung durchgef\u00fchrt werden. Was kann nach einer Lappenoperation (offene K\u00fcrettage) passieren? Am ersten Tag k\u00f6nnen Blutungen, Schmerzen und Schwellungen im Operationsgebiet auftreten. Zahnempfindlichkeit kann in den ersten 3-4 Wochen auftreten. Ziel ist es, die postoperative Phase mit Medikamenten, Eistherapie und einer sehr guten Mundpflege angenehm zu beenden.<\/p>\n<p>&nbsp;<\/p>\n<h5><strong>Was ist Gummy-Smile?<\/strong><\/h5>\n<p>L\u00e4cheln; W\u00e4hrend des Eingriffs ist das Zahnfleisch in geringer Menge in Harmonie mit den Lippen zu sehen. Situationen, in denen das Zahnfleisch zu stark erscheint, werden als Gingival\u00e4cheln bezeichnet.<\/p>\n<p>Gibt es eine Behandlung f\u00fcr gingivales L\u00e4cheln (Gummy Smile)? Ja da ist. Die Teile, an denen die Gingiva besser sichtbar ist, werden entfernt. Zahnfleisch erh\u00e4lt eine neue Form. So k\u00f6nnen Sie mit ausgeglichenen Z\u00e4hnen und Zahnfleisch ein sch\u00f6neres L\u00e4cheln haben.<\/p>\n<p>&nbsp;<\/p>\n<h5><strong>Treten Zahnfleischerkrankungen nach der Behandlung wieder auf?<\/strong><\/h5>\n<p>Ja; wiederholen kann. Wenn unkontrolliert lange Zeitr\u00e4ume mit schlechter Mundpflege verbracht werden, kommt es zu einer erneuten Parodontitis. Eine gute Mundpflege ist sehr wichtig. Regelm\u00e4\u00dfige Kontrollen sollten nicht unterbrochen werden. Nach sehr guter Mundpflege und regelm\u00e4\u00dfigen Kontrollen kommt es nicht wieder zu Zahnfleischerkrankungen.&nbsp;<\/p>\n<p>&nbsp;<\/p>\n<h5><strong>Was sollte getan werden, um eine erneute Zahnfleischerkrankung zu verhindern?<\/strong><\/h5>\n<p>Die Mundpflege sollte sehr gut sein. Z\u00e4hne sollten regelm\u00e4\u00dfig und effektiv geputzt werden. Ganz wichtig ist auch die Interface-Reinigung mit Zahnseide, Interface-Reinigungsb\u00fcrsten oder Mundwasser. Regelm\u00e4\u00dfige Kontrollen, die in der Regel im Abstand von 3-6 Monaten durchgef\u00fchrt werden, sollten nicht unterbrochen werden.<\/p>\n<p>&nbsp;<\/p>\n<h5><strong>Wann sollte die Zahnb\u00fcrste gewechselt werden?<\/strong><\/h5>\n<p>Es kann 3-4 Monate verwendet werden. Dass die Zahnb\u00fcrste gebrochen ist, erkennen Sie an der Trennung, Aufl\u00f6sung und Verbiegung der Borstenb\u00fcndel. B\u00fcrsten mit harten Borsten k\u00f6nnen Ihre Z\u00e4hne besch\u00e4digen. Sie verschlei\u00dfen B\u00fcrsten schneller, da sie die richtige B\u00fcrste noch nicht vollst\u00e4ndig angewendet haben.<\/p>\n<p>Werden die Z\u00e4hne besch\u00e4digt, wenn keine geeignete Technik angewendet wird? Ja\u2026 Obwohl die Z\u00e4hne mit Zahnschmelz bedeckt sind, der eine sehr harte Schicht ist, k\u00f6nnen sie sogar durch eine mit der falschen Technik aufgetragene B\u00fcrste besch\u00e4digt werden. Es kann Absch\u00fcrfungen sowohl am oberen Teil des Zahns als auch an der die Wurzel bedeckenden Schicht verursachen, und es kann zu Zahnfleischrezessionen kommen. In diesem Fall werden die Z\u00e4hne anf\u00e4lliger f\u00fcr Karies. Z\u00e4hneputzen mit gro\u00dfer Kraft sollte vermieden und die B\u00fcrste mit sanften Bewegungen bewegt werden.<\/p>\n<p>&nbsp;<\/p>\n<h5><strong>Kann auf Implantate eine Garantie gegeben werden?<\/strong><\/h5>\n<p>Es hat sich gezeigt, dass der Erfolg des Implantats zwischen 90-100% schwankt. Wie bei jedem medizinischen Eingriff kann f\u00fcr Implantate keine Garantie gegeben werden. Was kann ich nach der Operation essen? M\u00f6glicherweise m\u00fcssen Sie weiche Nahrung und fl\u00fcssige Nahrung f\u00fcttern. Notwendige Warnungen werden von Ihrem Zahnarzt gemacht. Reicht Z\u00e4hneputzen? Die Oberfl\u00e4chen, an denen Ihre Z\u00e4hne miteinander in Kontakt kommen, k\u00f6nnen nicht vollst\u00e4ndig gereinigt werden, selbst wenn Sie mit der richtigen Technik, B\u00fcrste, Paste und 2-3 Minuten lang putzen, wie es sein sollte. Ausgangspunkt von Prellungen sind diese schwer zug\u00e4nglichen, geschlossenen Stellen. Nach dem Z\u00e4hneputzen (mindestens einmal t\u00e4glich) ist es notwendig, Zahnseide und \/ oder eine B\u00fcrste zu verwenden. Schieben Sie die Zahnseide nach jeder Mahlzeit zwischen Ihre Z\u00e4hne, um Essensreste zu entfernen.<\/p>\n<p>&nbsp;<\/p>\n<h5><strong>Was ist der Zusammenhang zwischen Rauchen und Krankheit?<\/strong><\/h5>\n<p>Durch wissenschaftliche Studien wurde nachgewiesen, dass es den Knochenabbau bei Zahnfleischerkrankungen verst\u00e4rkt. Rauchen verringert die Mundhygiene und f\u00f6rdert die Ansammlung von mikrobiellem Zahnbelag. Es wurde klinisch beobachtet, dass die Genesung bei Menschen, die nach einer Zahnfleischbehandlung rauchen, langsamer ist. Wie wirken sich famili\u00e4re Faktoren auf Zahnfleischerkrankungen aus?<\/p>\n<p>Es ist bekannt, dass bei einigen Arten der Krankheit eine genetische \u00dcbertragung der Krankheit vorliegt. Obwohl es nicht die erste Ursache ist, wird angenommen, dass manche Menschen ein genetisch h\u00f6heres Risiko haben, diese Krankheit zu entwickeln.<\/div><\/div><\/div><\/div><div class=\"boldRow  \" ><div class=\"boldRowInner\"><div class=\"rowItem col-md-12 col-ms-12  btTextCenter animate animate-fadein btTextIndent inherit\"  ><div class=\"rowItemContent\" ><div class=\"btClear btSeparator topSemiSpaced noBorder\" ><hr><\/div><\/div><\/div><\/div><\/div><\/div><\/div><\/div><\/section><section id=\"bt_section69f5e87c9fbcb\"  class=\"boldSection topSemiSpaced bottomSemiSpaced btDarkSkin gutter inherit btAccentColorBackground\" style=\"margin-top: -6px;\"><div class=\"port\"><div class=\"boldCell\"><div class=\"boldCellInner\"><div class=\"boldRow  \" ><div class=\"boldRowInner\"><div class=\"rowItem col-md-8 col-ms-12 btTextLeft animate animate-fadein animate-moveup btMiddleVertical\"  ><div class=\"rowItemContent\" ><header class=\"header btClear medium  btAccentDash\" ><div class=\"dash\"><h3><span class=\"headline\">UM UNS ZU ERREICHEN UND TERMIN ZU VEREINBAREN, K\u00d6NNEN SIE UNS KONTAKTIEREN<br \/><br><\/span><\/h3><\/div><\/header><\/div><\/div><div class=\"rowItem col-md-4 col-ms-12 btTextLeft animate animate-fadein animate-moveup btMiddleVertical\"  ><div class=\"rowItemContent\" ><a href=\"https:\/\/dentplus.com.tr\/V2\/de\/online-termin\/\" class=\"btBtn btBtn btnFilledStyle btnNormalColor btnSmall btnNormalWidth btnRightPosition btnNoIcon\" ><span class=\"btnInnerText\">ONLINE-TERMIN<\/span><\/a><\/div><\/div><\/div><\/div><\/div><\/div><\/div><\/section><\/p>\n","protected":false},"excerpt":{"rendered":"","protected":false},"author":1,"featured_media":0,"parent":0,"menu_order":0,"comment_status":"closed","ping_status":"closed","template":"","meta":{"ngg_post_thumbnail":0,"footnotes":""},"class_list":["post-4894","page","type-page","status-publish","hentry"],"_links":{"self":[{"href":"https:\/\/dentplus.com.tr\/V2\/wp-json\/wp\/v2\/pages\/4894","targetHints":{"allow":["GET"]}}],"collection":[{"href":"https:\/\/dentplus.com.tr\/V2\/wp-json\/wp\/v2\/pages"}],"about":[{"href":"https:\/\/dentplus.com.tr\/V2\/wp-json\/wp\/v2\/types\/page"}],"author":[{"embeddable":true,"href":"https:\/\/dentplus.com.tr\/V2\/wp-json\/wp\/v2\/users\/1"}],"replies":[{"embeddable":true,"href":"https:\/\/dentplus.com.tr\/V2\/wp-json\/wp\/v2\/comments?post=4894"}],"version-history":[{"count":6,"href":"https:\/\/dentplus.com.tr\/V2\/wp-json\/wp\/v2\/pages\/4894\/revisions"}],"predecessor-version":[{"id":4955,"href":"https:\/\/dentplus.com.tr\/V2\/wp-json\/wp\/v2\/pages\/4894\/revisions\/4955"}],"wp:attachment":[{"href":"https:\/\/dentplus.com.tr\/V2\/wp-json\/wp\/v2\/media?parent=4894"}],"curies":[{"name":"wp","href":"https:\/\/api.w.org\/{rel}","templated":true}]}}