{"id":4855,"date":"2022-12-26T11:48:43","date_gmt":"2022-12-26T08:48:43","guid":{"rendered":"https:\/\/dentplus.com.tr\/V2\/?page_id=4855"},"modified":"2023-01-05T11:45:07","modified_gmt":"2023-01-05T08:45:07","slug":"questions-frequemment-posees","status":"publish","type":"page","link":"https:\/\/dentplus.com.tr\/V2\/fr\/questions-frequemment-posees\/","title":{"rendered":"Questions Fr\u00e9quemment Pos\u00e9es"},"content":{"rendered":"<p><section id=\"bt_section69ebfef0e620c\"  class=\"boldSection topSemiSpaced btDarkSkin gutter inherit wBackground cover btAccentColorBackground\" style=\"background-image:url('https:\/\/dentplus.com.tr\/V2\/wp-content\/uploads\/bllurred-background.jpg');\"><div class=\"port\"><div class=\"boldCell\"><div class=\"boldCellInner\"><div class=\"boldRow  \" ><div class=\"boldRowInner\"><div class=\"rowItem col-md-12 col-ms-12  btTextLeft animate animate-fadein animate-moveleft inherit btDoublePadding\"  ><div class=\"rowItemContent\" ><div class=\"btClear btSeparator topExtraSpaced bottomSmallSpaced noBorder\" ><hr><\/div><header class=\"header btClear extralarge btDash topDash  btNormalDash\" ><div class=\"btSuperTitle\">DENTPLUS<\/div><div class=\"dash\"><h1><span class=\"headline\">Questions Fr\u00e9quemment Pos\u00e9es<\/span><\/h1><\/div><div class=\"btSubTitle\">ICI VOUS POUVEZ TROUVER LES R\u00c9PONSES \u00c0 VOS QUESTIONS<\/div><\/header><div class=\"btClear btSeparator topExtraSmallSpaced noBorder\" ><hr><\/div><\/div><\/div><\/div><\/div><\/div><\/div><\/div><\/section><section id=\"bt_section69ebfef0e63e3\"  class=\"boldSection gutter inherit\" style=\"margin-top: -6px;\"><div class=\"port\"><div class=\"boldCell\"><div class=\"boldCellInner\"><div class=\"boldRow  \" ><div class=\"boldRowInner\"><div class=\"rowItem col-md-3 col-sm-6 col-ms-12 btTextLeft inherit\" style=\"background-color: rgba(0, 179, 204, 1);\" ><div class=\"rowItemContent\" ><div class=\"btClear btSeparator topExtraSmallSpaced noBorder\" ><hr><\/div><\/div><\/div><div class=\"rowItem col-md-3 col-sm-6 col-ms-12 btTextLeft inherit\" style=\"background-color: rgba(0, 161, 190, 1);\" ><div class=\"rowItemContent\" ><div class=\"btClear btSeparator topExtraSmallSpaced noBorder\" ><hr><\/div><\/div><\/div><div class=\"rowItem col-md-3 col-sm-6 col-ms-12 btTextLeft inherit\" style=\"background-color: rgba(0, 135, 170, 1);\" ><div class=\"rowItemContent\" ><div class=\"btClear btSeparator topExtraSmallSpaced noBorder\" ><hr><\/div><\/div><\/div><div class=\"rowItem col-md-3 col-sm-6 col-ms-12 btTextLeft inherit\" style=\"background-color: rgba(0, 109, 149, 1);\" ><div class=\"rowItemContent\" ><div class=\"btClear btSeparator topExtraSmallSpaced noBorder\" ><hr><\/div><\/div><\/div><\/div><\/div><\/div><\/div><\/div><\/section><section id=\"bt_section69ebfef0e65aa\"  class=\"boldSection topSemiSpaced bottomSpaced gutter inherit\" style=\"background-color:#f1f1f1;\"><div class=\"port\"><div class=\"boldCell\"><div class=\"boldCellInner\"><div class=\"boldRow  \" ><div class=\"boldRowInner\"><div class=\"rowItem col-md-12 col-ms-12  btTextLeft\"  ><div class=\"rowItemContent\" ><div class=\"btTabs tabsVertical \" \" data-open-first=\"\"><ul class=\"tabsHeader\"><li><span>\u00c0 quelle fr\u00e9quence dois-je faire nettoyer les calculs dentaires ?<\/span><\/li><li><span>Qu&#8217;est-ce qu&#8217;un sourire de gencive(sourire gencive) ?<\/span><\/li><li><span>Les maladies des gencives r\u00e9apparaissent-elles apr\u00e8s le traitement ?<\/span><\/li><li><span>Que faut-il faire pour que la maladie des gencives ne se reproduise pas ?<\/span><\/li><li><span>Quand faut-il changer la brosse \u00e0 dents ?<\/span><\/li><li><span>Peut-on donner une garantie pour les implants ?<\/span><\/li><li><span>Quelle est la relation entre le tabagisme et la maladie ?<\/span><\/li><li><span>Comment Les Facteurs Familiaux Affectent-Ils Les Maladies Des Gencives ?<\/span><\/li><\/ul><div class=\"tabPanes accordionPanes\"><div class=\"tabPane\">\r\n\t\t\t<div class=\"tabAccordionTitle\"><span>\u00c0 quelle fr\u00e9quence dois-je faire nettoyer les calculs dentaires ?<\/span><\/div>\r\n\t\t\t<div class=\"tabAccordionContent\"><\/p>\n<p>Si de tr\u00e8s bons soins bucco-dentaires sont fournis, il n&#8217;est pas n\u00e9cessaire de nettoyer le tartre dentaire. Cependant, il est utile de consulter r\u00e9guli\u00e8rement le dentiste au moins 2 fois par an, tous les 6 mois. Si cela est jug\u00e9 n\u00e9cessaire lors de ces contr\u00f4les, un nettoyage de la pierre dentaire peut \u00eatre effectu\u00e9. Que peut-il se passer apr\u00e8s une op\u00e9ration des gencives ou une op\u00e9ration du lambeau (curetage ouvert) ?&nbsp; Le premier jour, des saignements, des douleurs et un gonflement au site de l&#8217;op\u00e9ration peuvent appara\u00eetre. Au cours des 3 \u00e0 4 premi\u00e8res semaines, une sensibilit\u00e9 dentaire peut survenir. Il vise \u00e0 terminer la p\u00e9riode postop\u00e9ratoire confortablement avec des m\u00e9dicaments, un traitement \u00e0 la glace et de tr\u00e8s bons soins bucco-dentaires.<\/p>\n<p>\n<\/div>\r\n\t\t<\/div><div class=\"tabPane\">\r\n\t\t\t<div class=\"tabAccordionTitle\"><span>Qu&#8217;est-ce qu&#8217;un sourire de gencive(sourire gencive) ?<\/span><\/div>\r\n\t\t\t<div class=\"tabAccordionContent\"><\/p>\n<p>Souriez; pendant ce temps, les gencives apparaissent en petite quantit\u00e9 en harmonie avec les l\u00e8vres. Les situations dans lesquelles les gencives apparaissent trop sont appel\u00e9es un sourire gingival.<\/p>\n<p>Existe-t-il un traitement pour le sourire gencive(sourire gencive) ? Oui, il y en a. Avec le processus d&#8217;arrangement de gomme cosm\u00e9tique, les sections o\u00f9 la gomme appara\u00eet trop sont \u00e9limin\u00e9es. Les gencives re\u00e7oivent une nouvelle forme. Ainsi, un sourire plus beau peut \u00eatre obtenu, dans lequel les dents et les gencives semblent \u00e9quilibr\u00e9es.<\/p>\n<p>\n<\/div>\r\n\t\t<\/div><div class=\"tabPane\">\r\n\t\t\t<div class=\"tabAccordionTitle\"><span>Les maladies des gencives r\u00e9apparaissent-elles apr\u00e8s le traitement ?<\/span><\/div>\r\n\t\t\t<div class=\"tabAccordionContent\"><\/p>\n<p>Oui; il peut le r\u00e9p\u00e9ter. Si vous passez beaucoup de temps sans contr\u00f4le avec de mauvais soins bucco-dentaires, la maladie parodontale r\u00e9appara\u00eet. Il est tr\u00e8s important que les soins bucco-dentaires soient bons apr\u00e8s un traitement parodontal. De plus, les contr\u00f4les r\u00e9guliers ne doivent pas \u00eatre perturb\u00e9s. Apr\u00e8s de tr\u00e8s bons soins bucco-dentaires et des examens r\u00e9guliers qui ne sont pas interrompus, la maladie des gencives ne se reproduit pas.<\/p>\n<p>\n<\/div>\r\n\t\t<\/div><div class=\"tabPane\">\r\n\t\t\t<div class=\"tabAccordionTitle\"><span>Que faut-il faire pour que la maladie des gencives ne se reproduise pas ?<\/span><\/div>\r\n\t\t\t<div class=\"tabAccordionContent\"><\/p>\n<p>Les soins bucco-dentaires devraient \u00eatre tr\u00e8s bons. Les dents doivent \u00eatre bross\u00e9es r\u00e9guli\u00e8rement et efficacement. En plus du brossage des dents, la d\u00e9contamination avec des brosses dentaires, de d\u00e9contamination ou une douche buccale est \u00e9galement tr\u00e8s importante. De plus, les contr\u00f4les r\u00e9guliers, qui sont g\u00e9n\u00e9ralement effectu\u00e9s \u00e0 des intervalles de d\u00e9cembre de 3 \u00e0 6 mois, ne doivent pas \u00eatre perturb\u00e9s.<\/p>\n<p>\n<\/div>\r\n\t\t<\/div><div class=\"tabPane\">\r\n\t\t\t<div class=\"tabAccordionTitle\"><span>Quand faut-il changer la brosse \u00e0 dents ?<\/span><\/div>\r\n\t\t\t<div class=\"tabAccordionContent\"><\/p>\n<p>Il peut g\u00e9n\u00e9ralement \u00eatre utilis\u00e9 pendant 3-4 mois. Vous pouvez dire que la brosse \u00e0 dents est cass\u00e9e par la s\u00e9paration, la dispersion et la flexion des faisceaux de cheveux les uns des autres. Les brosses \u00e0 poils raides peuvent endommager vos dents. Les enfants, en revanche, vieillissent le pinceau plus rapidement qu&#8217;ils ne peuvent encore appliquer compl\u00e8tement le bon pinceau.<\/p>\n<p>Les dents seront-elles endommag\u00e9es si une technique appropri\u00e9e n&#8217;est pas utilis\u00e9e ? Oui&#8230; M\u00eame si les dents sont recouvertes d&#8217;\u00e9mail, qui est une couche tr\u00e8s dure, elles peuvent \u00eatre tr\u00e8s endommag\u00e9es m\u00eame par un pinceau que vous n&#8217;appliquerez qu&#8217;avec la mauvaise technique. Cela peut entra\u00eener des abrasions \u00e0 la fois dans la partie sup\u00e9rieure de la dent et dans la couche recouvrant la racine, ainsi que des retraits dans les gencives. Dans ce cas, les dents deviennent plus sujettes aux caries. Se brosser les dents avec une force suffisamment importante pour \u00e9roder les dents doit \u00eatre \u00e9vit\u00e9 et la brosse doit \u00eatre d\u00e9plac\u00e9e avec des mouvements doux.<\/p>\n<p>\n<\/div>\r\n\t\t<\/div><div class=\"tabPane\">\r\n\t\t\t<div class=\"tabAccordionTitle\"><span>Peut-on donner une garantie pour les implants ?<\/span><\/div>\r\n\t\t\t<div class=\"tabAccordionContent\"><\/p>\n<p>Dans des \u00e9tudes scientifiques, il a \u00e9t\u00e9 d\u00e9montr\u00e9 que le succ\u00e8s de l&#8217;implant varie entre 90 et 100% . Cependant, comme pour tout type d&#8217;intervention m\u00e9dicale, il n&#8217;est pas possible de donner une garantie pour les implants.<\/p>\n<p>Que Puis-Je Manger Apr\u00e8s l&#8217;Op\u00e9ration ? Vous devrez peut-\u00eatre manger des aliments mous et des aliments liquides. Les avertissements n\u00e9cessaires \u00e0 ce sujet seront faits par votre dentiste.<\/p>\n<p>Se Brosser Les Dents Suffit-Il ? M\u00eame avec une technique appropri\u00e9e, brossez, collez et brossez qui dure 2-3 minutes, comme il se doit, les surfaces o\u00f9 vos dents sont en contact les unes avec les autres ne peuvent pas \u00eatre compl\u00e8tement nettoy\u00e9es. Souvent, le point de d\u00e9part des ecchymoses est \u00e9galement ces zones ferm\u00e9es difficiles \u00e0 atteindre. Pour un nettoyage sain, il est absolument n\u00e9cessaire d&#8217;utiliser du fil dentaire et \/ ou une brosse \u00e0 dents apr\u00e8s le brossage (au moins 1 fois par <strong>jour). Apr\u00e8s chaque repas, faites glisser le fil dentaire entre vos dents pour d\u00e9contaminer les restes.<\/strong><\/p>\n<p>\n<\/div>\r\n\t\t<\/div><div class=\"tabPane\">\r\n\t\t\t<div class=\"tabAccordionTitle\"><span>Quelle est la relation entre le tabagisme et la maladie ?<\/span><\/div>\r\n\t\t\t<div class=\"tabAccordionContent\"><\/p>\n<p>Il a \u00e9t\u00e9 prouv\u00e9 par des \u00e9tudes scientifiques que le tabagisme augmente la perte osseuse dans les maladies des gencives. De la m\u00eame mani\u00e8re, le tabagisme r\u00e9duit le niveau d&#8217;hygi\u00e8ne bucco-dentaire et facilite l&#8217;accumulation de plaque dentaire microbienne. Il a \u00e9galement \u00e9t\u00e9 cliniquement observ\u00e9 que la r\u00e9cup\u00e9ration est plus lente chez les personnes qui fument apr\u00e8s un traitement des gencives.<\/p>\n<p>\n<\/div>\r\n\t\t<\/div><div class=\"tabPane\">\r\n\t\t\t<div class=\"tabAccordionTitle\"><span>Comment Les Facteurs Familiaux Affectent-Ils Les Maladies Des Gencives ?<\/span><\/div>\r\n\t\t\t<div class=\"tabAccordionContent\"><\/p>\n<p>On sait que dans certains types de la maladie, il existe une transmission g\u00e9n\u00e9tique de la maladie. De la m\u00eame mani\u00e8re, bien que ce ne soit pas la premi\u00e8re cause, on pense que certaines personnes ont un risque g\u00e9n\u00e9tiquement plus \u00e9lev\u00e9 de d\u00e9velopper cette maladie.<\/p>\n<p>\n<\/div>\r\n\t\t<\/div><\/div><\/div><\/div><\/div><\/div><\/div><div class=\"boldRow  \" ><div class=\"boldRowInner\"><\/div><\/div><\/div><\/div><\/div><\/section><section id=\"bt_section69ebfef0e6c84\"  class=\"boldSection gutter inherit\" style=\"margin-top: -6px;\"><div class=\"port\"><div class=\"boldCell\"><div class=\"boldCellInner\"><div class=\"boldRow  \" ><div class=\"boldRowInner\"><div class=\"rowItem col-md-8 col-ms-12 btTextLeft inherit\" style=\"background-color: rgba(0, 179, 204, 1);\" ><div class=\"rowItemContent\" ><div class=\"btClear btSeparator topExtraSmallSpaced noBorder\" ><hr><\/div><\/div><\/div><div class=\"rowItem col-md-4 col-ms-12 btTextLeft inherit\" style=\"background-color: rgba(0, 161, 190, 1);\" ><div class=\"rowItemContent\" ><div class=\"btClear btSeparator topExtraSmallSpaced noBorder\" ><hr><\/div><\/div><\/div><\/div><\/div><\/div><\/div><\/div><\/section><\/p>\n","protected":false},"excerpt":{"rendered":"","protected":false},"author":1,"featured_media":0,"parent":0,"menu_order":0,"comment_status":"closed","ping_status":"closed","template":"","meta":{"ngg_post_thumbnail":0,"footnotes":""},"class_list":["post-4855","page","type-page","status-publish","hentry"],"_links":{"self":[{"href":"https:\/\/dentplus.com.tr\/V2\/wp-json\/wp\/v2\/pages\/4855","targetHints":{"allow":["GET"]}}],"collection":[{"href":"https:\/\/dentplus.com.tr\/V2\/wp-json\/wp\/v2\/pages"}],"about":[{"href":"https:\/\/dentplus.com.tr\/V2\/wp-json\/wp\/v2\/types\/page"}],"author":[{"embeddable":true,"href":"https:\/\/dentplus.com.tr\/V2\/wp-json\/wp\/v2\/users\/1"}],"replies":[{"embeddable":true,"href":"https:\/\/dentplus.com.tr\/V2\/wp-json\/wp\/v2\/comments?post=4855"}],"version-history":[{"count":5,"href":"https:\/\/dentplus.com.tr\/V2\/wp-json\/wp\/v2\/pages\/4855\/revisions"}],"predecessor-version":[{"id":5052,"href":"https:\/\/dentplus.com.tr\/V2\/wp-json\/wp\/v2\/pages\/4855\/revisions\/5052"}],"wp:attachment":[{"href":"https:\/\/dentplus.com.tr\/V2\/wp-json\/wp\/v2\/media?parent=4855"}],"curies":[{"name":"wp","href":"https:\/\/api.w.org\/{rel}","templated":true}]}}