{"id":4847,"date":"2022-12-26T11:47:06","date_gmt":"2022-12-26T08:47:06","guid":{"rendered":"https:\/\/dentplus.com.tr\/V2\/?page_id=4847"},"modified":"2022-12-30T23:18:24","modified_gmt":"2022-12-30T20:18:24","slug":"dictionnaire-dentaire","status":"publish","type":"page","link":"https:\/\/dentplus.com.tr\/V2\/fr\/dictionnaire-dentaire\/","title":{"rendered":"Dictionnaire Dentaire"},"content":{"rendered":"<p><section id=\"bt_section69ebfec95ab15\"  class=\"boldSection topSemiSpaced btDarkSkin gutter inherit wBackground cover btAccentColorBackground\" style=\"background-image:url('https:\/\/dentplus.com.tr\/V2\/wp-content\/uploads\/bllurred-background.jpg');\"><div class=\"port\"><div class=\"boldCell\"><div class=\"boldCellInner\"><div class=\"boldRow  \" ><div class=\"boldRowInner\"><div class=\"rowItem col-md-12 col-ms-12  btTextLeft animate animate-fadein animate-moveleft inherit btDoublePadding\"  ><div class=\"rowItemContent\" ><div class=\"btClear btSeparator topExtraSpaced bottomSmallSpaced noBorder\" ><hr><\/div><header class=\"header btClear extralarge btDash topDash  btNormalDash\" ><div class=\"btSuperTitle\">DENTPLUS<\/div><div class=\"dash\"><h1><span class=\"headline\">Dictionnaire Dentaire<\/span><\/h1><\/div><div class=\"btSubTitle\">C&#8217;EST UN DICTIONNAIRE DENTAIRE PAR DENTPLUS<\/div><\/header><div class=\"btClear btSeparator topExtraSmallSpaced noBorder\" ><hr><\/div><\/div><\/div><\/div><\/div><\/div><\/div><\/div><\/section><section id=\"bt_section69ebfec95adf5\"  class=\"boldSection gutter inherit\" style=\"margin-top: -6px;\"><div class=\"port\"><div class=\"boldCell\"><div class=\"boldCellInner\"><div class=\"boldRow  \" ><div class=\"boldRowInner\"><div class=\"rowItem col-md-3 col-sm-6 col-ms-12 btTextLeft inherit\" style=\"background-color: rgba(0, 179, 204, 1);\" ><div class=\"rowItemContent\" ><div class=\"btClear btSeparator topExtraSmallSpaced noBorder\" ><hr><\/div><\/div><\/div><div class=\"rowItem col-md-3 col-sm-6 col-ms-12 btTextLeft inherit\" style=\"background-color: rgba(0, 161, 190, 1);\" ><div class=\"rowItemContent\" ><div class=\"btClear btSeparator topExtraSmallSpaced noBorder\" ><hr><\/div><\/div><\/div><div class=\"rowItem col-md-3 col-sm-6 col-ms-12 btTextLeft inherit\" style=\"background-color: rgba(0, 135, 170, 1);\" ><div class=\"rowItemContent\" ><div class=\"btClear btSeparator topExtraSmallSpaced noBorder\" ><hr><\/div><\/div><\/div><div class=\"rowItem col-md-3 col-sm-6 col-ms-12 btTextLeft inherit\" style=\"background-color: rgba(0, 109, 149, 1);\" ><div class=\"rowItemContent\" ><div class=\"btClear btSeparator topExtraSmallSpaced noBorder\" ><hr><\/div><\/div><\/div><\/div><\/div><\/div><\/div><\/div><\/section><section id=\"bt_section69ebfec95b075\"  class=\"boldSection topSemiSpaced bottomSpaced gutter inherit\" style=\"background-color:#f1f1f1;\"><div class=\"port\"><div class=\"boldCell\"><div class=\"boldCellInner\"><div class=\"boldRow  \" ><div class=\"boldRowInner\"><div class=\"rowItem col-md-12 col-ms-12  btTextLeft\"  ><div class=\"rowItemContent\" ><div class=\"btTabs tabsHorizontal \" \"><ul class=\"tabsHeader\"><li><span>A<\/span><\/li><li><span>B<\/span><\/li><li><span>C-\u00c7<\/span><\/li><li><span>D<\/span><\/li><li><span>E<\/span><\/li><li><span>F<\/span><\/li><li><span>G<\/span><\/li><li><span>H<\/span><\/li><li><span>I-\u0130<\/span><\/li><li><span>K<\/span><\/li><li><span>L<\/span><\/li><li><span>M<\/span><\/li><li><span>O<\/span><\/li><li><span>P<\/span><\/li><li><span>R<\/span><\/li><li><span>S<\/span><\/li><li><span>T<\/span><\/li><li><span>U-\u00dc<\/span><\/li><li><span>V<\/span><\/li><li><span>X<\/span><\/li><\/ul><div class=\"tabPanes tabPanesTabs\"><div class=\"tabPane\">\r\n\t\t\t<div class=\"tabAccordionContent\"><\/p>\n<p><strong>Allergie<\/strong>: r\u00e9action involontaire du corps \u00e0 une substance ou \u00e0 un organisme<\/p>\n<p><strong>Amalgame<\/strong>: Le mat\u00e9riau le plus couramment utilis\u00e9 dans les charges; \u00e9galement connu sous le nom de charge d&#8217;argent; il est fabriqu\u00e9 \u00e0 partir d&#8217;un m\u00e9lange de mercure (environ 50%), d&#8217;argent, d&#8217;\u00e9tain, de cuivre et de zinc<\/p>\n<p><strong>Analg\u00e9sie<\/strong>: Perte temporaire de la sensation de douleur<\/p>\n<p><strong>Anesth\u00e9sie<\/strong>: absence de sensations douloureuses; engourdissement de la dent sous anesth\u00e9sie locale; en anesth\u00e9sie g\u00e9n\u00e9rale, le patient est compl\u00e8tement inconscient.<\/p>\n<p><strong>ANUG<\/strong>: Abr\u00e9viation de Gingivite Ulc\u00e9reuse n\u00e9crosante aigu\u00eb;<\/p>\n<p><strong>Apex<\/strong>: La pointe de la racine de la dent<\/p>\n<p><strong>Abc\u00e8s<\/strong>: Infection locale de la dent ou de la gencive<\/p>\n<p><strong>Anesth\u00e9sie r\u00e9gionale<\/strong>: Cr\u00e9er un engourdissement r\u00e9gional en engourdissant avec une anesth\u00e9sie locale \u00e0 partir du point de sortie du nerf affectant une certaine zone du corps<\/p>\n<p><strong>Accolades<\/strong>: l&#8217;outil utilis\u00e9 par les orthodontistes pour fa\u00e7onner progressivement les dents correctement<\/p>\n<p><strong>Anesth\u00e9sie g\u00e9n\u00e9rale<\/strong>: Un \u00e9tat d&#8217;inconscience contr\u00f4l\u00e9e dans lequel une sensation de douleur, des r\u00e9flexes de protection et une r\u00e9action aux influences physiques et verbales sont perdus, semi &#8211; ou compl\u00e8tement<\/p>\n<p><strong>Atm<\/strong>: Articulation temporo-mandibulaire; le point o\u00f9 la m\u00e2choire inf\u00e9rieure rejoint la base de la t\u00eate<\/p>\n<p><strong>Apn\u00e9e du sommeil<\/strong>: Arr\u00eats ou retards p\u00e9riodiques de la respiration pendant le sommeil<\/p>\n<p>\n<\/div>\r\n\t\t<\/div><div class=\"tabPane\">\r\n\t\t\t<div class=\"tabAccordionContent\"><\/p>\n<p><strong>Bridge<\/strong>: Proth\u00e8se r\u00e9alis\u00e9e en prenant appui sur les dents voisines pour remplacer une ou plusieurs dents perdues<\/p>\n<p><strong>Biopsie<\/strong>: Pr\u00e9lever un petit morceau d&#8217;ici pour d\u00e9terminer si un tissu est malade<\/p>\n<p><strong>Bruxisme<\/strong>: Grincement et pincement des dents qui surviennent avec l&#8217;activit\u00e9 des muscles masticateurs la nuit et \/ ou tout au long de la journ\u00e9e.<\/p>\n<p><strong>Blanchiment des dents<\/strong>: Le processus appliqu\u00e9 pour \u00e9claircir la couleur des dents<\/p>\n<p><strong>Barrage en caoutchouc<\/strong>: Un rev\u00eatement en latex doux utilis\u00e9 pour prot\u00e9ger une ou plusieurs dents de l&#8217;humidit\u00e9 et emp\u00eacher tout ce qui quitte le reste de la gorge<\/p>\n<p>\n<\/div>\r\n\t\t<\/div><div class=\"tabPane\">\r\n\t\t\t<div class=\"tabAccordionContent\"><\/p>\n<p><strong>Canines<\/strong>: Quatre canines en bas et en haut<\/p>\n<p><strong>Curetage<\/strong>: \u00c9limination des tissus internes morts dans la poche gingivale<\/p>\n<p><strong>Couronne<\/strong>: Elle a deux significations: (1) La partie de la dent recouverte d&#8217;\u00e9mail, (2) La restauration de tout ou d&#8217;une partie importante de la dent naturelle au-dessus de la gencive<\/p>\n<p><strong>Chirurgie buccale<\/strong>: Interventions chirurgicales dans la bouche, telles que l&#8217;extraction dentaire, l&#8217;\u00e9limination des kystes et des tumeurs et la r\u00e9paration d&#8217;une m\u00e2choire cass\u00e9e<\/p>\n<p><strong>Couronne en porcelaine( placage):<\/strong> Une fine couche de porcelaine coll\u00e9e \u00e0 l&#8217;avant ou au sommet de la dent pour changer ou r\u00e9parer la couleur et\/ou la forme de la dent de devant<\/p>\n<p><strong>Chambre pulpaire<\/strong>: Le centre ou l&#8217;endroit le plus interne de la dent o\u00f9 se trouve la pulpe<\/p>\n<p><strong>Capuchon de pulpe<\/strong>: Rev\u00eatement m\u00e9dicamenteux qui recouvre une petite partie de la pulpe expos\u00e9e<\/p>\n<p><strong>Collage<\/strong>: Une r\u00e9sine de couleur dentaire qui est souvent appliqu\u00e9e sur les dents de devant pour changer la forme ou la couleur d&#8217;une dent, ou dans le but de r\u00e9parer<\/p>\n<p><strong>Cavitron<\/strong>: Un instrument dentaire qui utilise des ondes \u00e0 haute fr\u00e9quence pour nettoyer le tartre dentaire<\/p>\n<p><strong>Caries<\/strong>: D\u00e9t\u00e9rioration de la structure dentaire caus\u00e9e par l&#8217;acide produit par les bact\u00e9ries<\/p>\n<p><strong>Caries dentaires<\/strong>: Caries ou caries dentaires<\/p>\n<p>\n<\/div>\r\n\t\t<\/div><div class=\"tabPane\">\r\n\t\t\t<div class=\"tabAccordionContent\"><\/p>\n<p><strong>Drainage<\/strong>: le processus d&#8217;\u00e9limination d&#8217;un abc\u00e8s \u00e0 la dent du corps<\/p>\n<p><strong>Dentine<\/strong>: La couche dure et semi-vivante \u00e0 l&#8217;int\u00e9rieur de la dent (la couche juste en dessous de la couche d&#8217;\u00e9mail externe)<\/p>\n<p><strong>Dentine secondaire<\/strong>: Structure produite par la pulpe en r\u00e9ponse \u00e0 la sensibilit\u00e9 dentaire implants<\/p>\n<p><strong>Dents d\u00e9centenaires<\/strong>: La troisi\u00e8me molaire, qui \u00e9clate g\u00e9n\u00e9ralement lorsque vous avez entre 18 et 25 ans<\/p>\n<p><strong>Dents de lait<\/strong>: Dents de lait<\/p>\n<p>\n<\/div>\r\n\t\t<\/div><div class=\"tabPane\">\r\n\t\t\t<div class=\"tabAccordionContent\"><\/p>\n<p><strong>Espace r\u00e9serv\u00e9<\/strong>: Appareils dentaires qui prot\u00e8gent l&#8217;espace entre les dents permanentes en cas de perte pr\u00e9matur\u00e9e des dents de lait pour les remplacer d\u00e9cemment<\/p>\n<p><strong>\u00c9ruption<\/strong>: le processus d&#8217;apparition des dents du travail des gencives<\/p>\n<p><strong>\u00c9mail<\/strong>: Tissu dur recouvrant la couronne dentaire (au-dessus de la ligne des gencives)<\/p>\n<p><strong>Endodontiste<\/strong>: Dentiste sp\u00e9cialiste traitant du traitement du canal radiculaire<\/p>\n<p>\n<\/div>\r\n\t\t<\/div><div class=\"tabPane\">\r\n\t\t\t<div class=\"tabAccordionContent\"><\/p>\n<p><strong>Fistule<\/strong>: La zone o\u00f9 l&#8217;infection form\u00e9e dans l&#8217;os de la m\u00e2choire s&#8217;ouvre dans la cavit\u00e9 buccale<\/p>\n<p><strong>Fr\u00e9nectomie<\/strong>: Ablation du frein, un faisceau de tissu mince qui relie les l\u00e8vres sup\u00e9rieures ou inf\u00e9rieures \u00e0 la gencive ou \u00e0 la langue sous la bouche<\/p>\n<p>\n<\/div>\r\n\t\t<\/div><div class=\"tabPane\">\r\n\t\t\t<div class=\"tabAccordionContent\"><\/p>\n<p><strong>Greffe<\/strong>: Placement de la dent naturelle d&#8217;une personne dans la cavit\u00e9 d&#8217;extraction d&#8217;une dent<\/p>\n<p><strong>Glandes salivaires<\/strong>: Situ\u00e9es sous la langue et les joues et produisent de la salive<\/p>\n<p><strong>Gencive<\/strong>: Gencives<\/p>\n<p><strong>Gingivectomie<\/strong>: Ablation du tissu gingival<\/p>\n<p><strong>Gingivite<\/strong>: inflammation du tissu gingival<\/p>\n<p><strong>Gingivite<\/strong>: Voir Gingivite. Fistule<\/p>\n<p>\n<\/div>\r\n\t\t<\/div><div class=\"tabPane\">\r\n\t\t\t<div class=\"tabAccordionContent\"><\/p>\n<p><strong>Hygi\u00e8ne bucco-dentaire<\/strong>: Le processus pour assurer la propret\u00e9 buccale<\/p>\n<p>\n<\/div>\r\n\t\t<\/div><div class=\"tabPane\">\r\n\t\t\t<div class=\"tabAccordionContent\"><\/p>\n<p><strong>Hygi\u00e8ne bucco-dentaire<\/strong>: Le processus pour assurer la propret\u00e9 buccale<\/p>\n<p>\n<\/div>\r\n\t\t<\/div><div class=\"tabPane\">\r\n\t\t\t<div class=\"tabAccordionContent\"><\/p>\n<p><strong>Kyste<\/strong>: Sac rempli de liquide<\/p>\n<p>\n<\/div>\r\n\t\t<\/div><div class=\"tabPane\">\r\n\t\t\t<div class=\"tabAccordionContent\"><\/p>\n<p><strong>Langue velue noire<\/strong>: Croissance des papilles sur la langue<\/p>\n<p>\n<\/div>\r\n\t\t<\/div><div class=\"tabPane\">\r\n\t\t\t<div class=\"tabAccordionContent\"><\/p>\n<p><strong>Mordre<\/strong>: Comment les dents sup\u00e9rieures et inf\u00e9rieures se rejoignent; \u00e9galement connu sous le nom de d\u00e9coloration<\/p>\n<p><strong>Malocclusion<\/strong>:&#8221; Mauvaise morsure &#8221; ou fermeture imparfaite des dents inf\u00e9rieures et sup\u00e9rieures<\/p>\n<p><strong>Pont du Maryland<\/strong>: un pont qui n&#8217;est coll\u00e9 qu&#8217;en prenant appui sur le dos des dents voisines<\/p>\n<p><strong>Maxillaire<\/strong>: Base t menton<\/p>\n<p><strong>Molaire<\/strong>: Le nom g\u00e9n\u00e9ral des dents de six, douze et vingt ans dans la bouche<\/p>\n<p><strong>Muguet<\/strong>: plaie blanch\u00e2tre, g\u00e9n\u00e9ralement ronde, qui persiste pendant dix \u00e0 quatorze jours<\/p>\n<p><strong>Nettoyage<\/strong>: Nettoyage de la plaque et du tartre, g\u00e9n\u00e9ralement des dents au-dessus de la gencive<\/p>\n<p>\n<\/div>\r\n\t\t<\/div><div class=\"tabPane\">\r\n\t\t\t<div class=\"tabAccordionContent\"><\/p>\n<p><strong>Orthodontie<\/strong>: Le domaine de la dentisterie qui traite les troubles de la forme et de la position des dents et les relations entre les D\u00e9capitations<\/p>\n<p><strong>Op\u00e9rateur buccal et maxillo-facial<\/strong>: la bouche et les structures de soutien des maladies, blessures et d\u00e9formations des quatre ann\u00e9es de formation suppl\u00e9mentaire apr\u00e8s sp\u00e9cialiste dentaire qui s&#8217;occupe du diagnostic et du traitement chirurgical n\u00e9cessite.<\/p>\n<p><strong>Op\u00e9ration du lambeau<\/strong>: le nom d&#8217;une op\u00e9ration parodontale<\/p>\n<p><strong>Os alv\u00e9olaire<\/strong>: L&#8217;os qui entoure les racines des dents<\/p>\n<p><strong>Obturation<\/strong>: Ach\u00e8vement de la structure dentaire perdue en raison de caries ou d&#8217;autres raisons avec des mat\u00e9riaux tels que la porcelaine, l&#8217;amalgame, le composite<\/p>\n<p>\n<\/div>\r\n\t\t<\/div><div class=\"tabPane\">\r\n\t\t\t<div class=\"tabAccordionContent\"><\/p>\n<p><strong>Plaque protectrice de nuit (Plaque de nuit):<\/strong> Un ap\u00e9ritif en acrylique orthodontique dans le but de prot\u00e9ger les dents et les articulations de la m\u00e2choire des patients atteints de bruxisme<\/p>\n<p><strong>Proth\u00e8se amovible<\/strong>: Proth\u00e8se amovible qui remplace les dents manquantes<\/p>\n<p><strong>Placage<\/strong>: Un stratifi\u00e9 est une surface en plastique ou en porcelaine qui est coll\u00e9e directement sur la dent pour am\u00e9liorer l&#8217;apparence de la dent.<\/p>\n<p><strong>Perte osseuse<\/strong>: Perte des os qui soutiennent les racines des dents; cons\u00e9quence connue de la maladie des gencives<\/p>\n<p><strong>Paresth\u00e9sie<\/strong>: Perte de sensation dans une partie du corps<\/p>\n<p><strong>P\u00e9dodontie<\/strong>: Sp\u00e9cialit\u00e9 de la dentisterie ax\u00e9e sur le traitement des enfants<\/p>\n<p><strong>Parodontiste<\/strong>: Sp\u00e9cialiste qui traite les structures qui soutiennent les gencives et les dents<\/p>\n<p><strong>Plaque<\/strong>: Une substance molle et collante qui s&#8217;accumule sur les dents; il se compose de bact\u00e9ries et de r\u00e9sidus alimentaires trouv\u00e9s dans la salive<\/p>\n<p><strong>Placebo<\/strong>: traitement bas\u00e9 sur le fait qu&#8217;une maladie gu\u00e9rit non pas physiquement avec un traitement, mais parce que le patient croit au traitement<\/p>\n<p><strong>Poteau<\/strong>: Une fine tige de m\u00e9tal , de fibre ou de titane ins\u00e9r\u00e9e dans les canaux radiculaires de la dent apr\u00e8s le traitement du canal radiculaire; support pour le &#8220;noyau&#8221; constitu\u00e9 du mat\u00e9riau utilis\u00e9 pour remplacer la structure dentaire perdue<\/p>\n<p><strong>Post-Core<\/strong>: Un poteau et un mat\u00e9riau qui remplacent la structure dentaire perdue<\/p>\n<p><strong>Post-Couronne<\/strong>: Structure singuli\u00e8re combinant post-noyau et couronne<\/p>\n<p><strong>Pronostic<\/strong>: R\u00e9sultat possible d&#8217;un traitement<\/p>\n<p><strong>Prophylaxie<\/strong>: m\u00e9thode pour maintenir la sant\u00e9 de la dent et pr\u00e9venir l&#8217;infection dentaire<\/p>\n<p><strong>Proth\u00e9siste<\/strong>: Un dentiste sp\u00e9cialis\u00e9 dans la correction des dents, la fabrication de dents avec bridges et proth\u00e8ses pour remplacer une dent perdue, et assurer une occlusion normale<\/p>\n<p><strong>Proth\u00e8ses<\/strong>: remplacement artificiel des organes perdus dans le corps<\/p>\n<p><strong>Pulpe<\/strong>: nerfs, vaisseaux sanguins et tissus conjonctifs dans la structure interne de la dent<\/p>\n<p><strong>Pulpectomie<\/strong>: \u00e9limination compl\u00e8te de la pulpe des dents des enfants<\/p>\n<p><strong>Pulpite<\/strong>: inflammation de la pulpe; une cause importante de maux de dents<\/p>\n<p><strong>Pulpotomie<\/strong>: Ablation de la pulpe<\/p>\n<p><strong>Pyorrh\u00e9e<\/strong>: le nom g\u00e9n\u00e9ral de la maladie des gencives<\/p>\n<p><strong>Proth\u00e8se sup\u00e9rieure<\/strong>: Proth\u00e8se de la m\u00e2choire sup\u00e9rieure<\/p>\n<p><strong>Proth\u00e8se compl\u00e8te<\/strong>: Proth\u00e8se amovible utilis\u00e9e pour remplacer toutes les dents inf\u00e9rieures ou sup\u00e9rieures<\/p>\n<p>\n<\/div>\r\n\t\t<\/div><div class=\"tabPane\">\r\n\t\t\t<div class=\"tabAccordionContent\"><\/p>\n<p><strong>Rtm<\/strong>: Production dirig\u00e9e de tissus<\/p>\n<p><strong>Racine<\/strong>: Structure dentaire qui relie la dent \u00e0 la m\u00e2choire<\/p>\n<p><strong>R\u00e9implantation<\/strong>: Le processus de repositionnement de la dent \u00e0 traiter apr\u00e8s un traitement en dehors de l&#8217;environnement buccal<\/p>\n<p><strong>R\u00e9section apicale<\/strong>: Ablation chirurgicale de l&#8217;extr\u00e9mit\u00e9 radiculaire de la dent apr\u00e8s un bon traitement de canal pour traiter une infection \u00e0 l&#8217;extr\u00e9mit\u00e9 radiculaire.<\/p>\n<p><strong>Restauration<\/strong>: La partie corrig\u00e9e d&#8217;une dent endommag\u00e9e<\/p>\n<p>\n<\/div>\r\n\t\t<\/div><div class=\"tabPane\">\r\n\t\t\t<div class=\"tabAccordionContent\"><\/p>\n<p><strong>Salive<\/strong>: Un liquide incolore dans la bouche qui contient de l&#8217;eau, des enzymes, des bact\u00e9ries, du mucus, des virus, des cellules sanguines et des particules d&#8217;aliments non dig\u00e9r\u00e9s<\/p>\n<p><strong>Scellant Fissur<\/strong>: Une charge qui est appliqu\u00e9e sur les \u00e9videments des dents (fissures) et durcie par irradiation afin d&#8217;\u00e9viter les caries dans le lait et les molaires permanentes<\/p>\n<p><strong>Soins g\u00e9r\u00e9s<\/strong>: Programme dans lequel les entretiens patient-dentiste et les paiements des dentistes sont g\u00e9r\u00e9s par une organisation externe distincte<\/p>\n<p>\n<\/div>\r\n\t\t<\/div><div class=\"tabPane\">\r\n\t\t\t<div class=\"tabAccordionContent\"><\/p>\n<p><strong>Taille<\/strong>: Combinant deux dents ou plus pour cr\u00e9er une structure unique plus solide<\/p>\n<p><strong>Tartre<\/strong>: \u00c9galement connu sous le nom de tartre; accumulation dure qui colle aux dents et contient des bact\u00e9ries et des min\u00e9raux<\/p>\n<p><strong>Tmd<\/strong>: Trouble temp\u00e9ro-mandibulaire; une affection caract\u00e9ris\u00e9e par des douleurs faciales et une mobilit\u00e9 limit\u00e9e dans l&#8217;ouverture\/le d\u00e9placement de la m\u00e2choire<\/p>\n<p><strong>Trouble de l&#8217;Atm<\/strong>: Affection caract\u00e9ris\u00e9e par des douleurs faciales et une mobilit\u00e9 limit\u00e9e lors de l&#8217;ouverture\/du d\u00e9placement de la m\u00e2choire..Une condition li\u00e9e \u00e0 l&#8217;inconfort de l&#8217;articulation de la m\u00e2choire<\/p>\n<p><strong>Traumatisme<\/strong>: Blessure caus\u00e9e par un coup de poing, des produits chimiques, des temp\u00e9ratures extr\u00eames ou une mauvaise structure dentaire<\/p>\n<p>\n<\/div>\r\n\t\t<\/div><div class=\"tabPane\">\r\n\t\t\t<div class=\"tabAccordionContent\"><\/p>\n<p><strong>Usure<\/strong>: Perte de la structure dentaire due au grincement des dents, \u00e0 une morsure incorrecte, \u00e0 une brosse \u00e0 dents dure ou \u00e0 une mauvaise technique de brossage<\/p>\n<p>\n<\/div>\r\n\t\t<\/div><div class=\"tabPane\">\r\n\t\t\t<div class=\"tabAccordionContent\"><\/p>\n<p><strong>Veste<\/strong>: Couronne g\u00e9n\u00e9ralement port\u00e9e sur les dents de devant en porcelaine<\/p>\n<p><strong>Ventouse \u00e0 salive<\/strong>: Un tube d&#8217;aspiration qui est plac\u00e9 dans la bouche pendant le traitement pour attirer la salive<\/p>\n<p>\n<\/div>\r\n\t\t<\/div><div class=\"tabPane\">\r\n\t\t\t<div class=\"tabAccordionContent\"><\/p>\n<p><strong>X\u00e9rostomie<\/strong>: Bouche s\u00e8che<\/p>\n<p>\n<\/div>\r\n\t\t<\/div><\/div><\/div><\/div><\/div><\/div><\/div><\/div><\/div><\/div><\/section><section id=\"bt_section69ebfec95c31f\"  class=\"boldSection gutter inherit\" style=\"margin-top: -6px;\"><div class=\"port\"><div class=\"boldCell\"><div class=\"boldCellInner\"><div class=\"boldRow  \" ><div class=\"boldRowInner\"><div class=\"rowItem col-md-8 col-ms-12 btTextLeft inherit\" style=\"background-color: rgba(0, 179, 204, 1);\" ><div class=\"rowItemContent\" ><div class=\"btClear btSeparator topExtraSmallSpaced noBorder\" ><hr><\/div><\/div><\/div><div class=\"rowItem col-md-4 col-ms-12 btTextLeft inherit\" style=\"background-color: rgba(0, 161, 190, 1);\" ><div class=\"rowItemContent\" ><div class=\"btClear btSeparator topExtraSmallSpaced noBorder\" ><hr><\/div><\/div><\/div><\/div><\/div><\/div><\/div><\/div><\/section><\/p>\n","protected":false},"excerpt":{"rendered":"","protected":false},"author":1,"featured_media":0,"parent":0,"menu_order":0,"comment_status":"closed","ping_status":"closed","template":"","meta":{"ngg_post_thumbnail":0,"footnotes":""},"class_list":["post-4847","page","type-page","status-publish","hentry"],"_links":{"self":[{"href":"https:\/\/dentplus.com.tr\/V2\/wp-json\/wp\/v2\/pages\/4847","targetHints":{"allow":["GET"]}}],"collection":[{"href":"https:\/\/dentplus.com.tr\/V2\/wp-json\/wp\/v2\/pages"}],"about":[{"href":"https:\/\/dentplus.com.tr\/V2\/wp-json\/wp\/v2\/types\/page"}],"author":[{"embeddable":true,"href":"https:\/\/dentplus.com.tr\/V2\/wp-json\/wp\/v2\/users\/1"}],"replies":[{"embeddable":true,"href":"https:\/\/dentplus.com.tr\/V2\/wp-json\/wp\/v2\/comments?post=4847"}],"version-history":[{"count":3,"href":"https:\/\/dentplus.com.tr\/V2\/wp-json\/wp\/v2\/pages\/4847\/revisions"}],"predecessor-version":[{"id":5020,"href":"https:\/\/dentplus.com.tr\/V2\/wp-json\/wp\/v2\/pages\/4847\/revisions\/5020"}],"wp:attachment":[{"href":"https:\/\/dentplus.com.tr\/V2\/wp-json\/wp\/v2\/media?parent=4847"}],"curies":[{"name":"wp","href":"https:\/\/api.w.org\/{rel}","templated":true}]}}