{"id":4845,"date":"2022-12-26T11:46:41","date_gmt":"2022-12-26T08:46:41","guid":{"rendered":"https:\/\/dentplus.com.tr\/V2\/?page_id=4845"},"modified":"2022-12-27T18:10:04","modified_gmt":"2022-12-27T15:10:04","slug":"zahnwoerterbuch","status":"publish","type":"page","link":"https:\/\/dentplus.com.tr\/V2\/de\/zahnwoerterbuch\/","title":{"rendered":"Zahnw\u00f6rterbuch"},"content":{"rendered":"<p><section id=\"bt_section69ec29aaa8cb9\"  class=\"boldSection topSemiSpaced btDarkSkin gutter inherit wBackground cover btAccentColorBackground\" style=\"background-image:url('https:\/\/dentplus.com.tr\/V2\/wp-content\/uploads\/bllurred-background.jpg');\"><div class=\"port\"><div class=\"boldCell\"><div class=\"boldCellInner\"><div class=\"boldRow  \" ><div class=\"boldRowInner\"><div class=\"rowItem col-md-12 col-ms-12  btTextLeft animate animate-fadein animate-moveleft inherit btDoublePadding\"  ><div class=\"rowItemContent\" ><div class=\"btClear btSeparator topExtraSpaced bottomSmallSpaced noBorder\" ><hr><\/div><header class=\"header btClear extralarge btDash topDash  btNormalDash\" ><div class=\"btSuperTitle\">DENTPLUS<\/div><div class=\"dash\"><h1><span class=\"headline\">Zahnw\u00f6rterbuch<\/span><\/h1><\/div><div class=\"btSubTitle\">DENTPLUS TARAFINDAN HAZIRLANMI\u015e B\u0130R D\u0130\u015e S\u00d6ZL\u00dc\u011e\u00dcD\u00dcR<\/div><\/header><div class=\"btClear btSeparator topExtraSmallSpaced noBorder\" ><hr><\/div><\/div><\/div><\/div><\/div><\/div><\/div><\/div><\/section><section id=\"bt_section69ec29aaa8f79\"  class=\"boldSection gutter inherit\" style=\"margin-top: -6px;\"><div class=\"port\"><div class=\"boldCell\"><div class=\"boldCellInner\"><div class=\"boldRow  \" ><div class=\"boldRowInner\"><div class=\"rowItem col-md-3 col-sm-6 col-ms-12 btTextLeft inherit\" style=\"background-color: rgba(0, 179, 204, 1);\" ><div class=\"rowItemContent\" ><div class=\"btClear btSeparator topExtraSmallSpaced noBorder\" ><hr><\/div><\/div><\/div><div class=\"rowItem col-md-3 col-sm-6 col-ms-12 btTextLeft inherit\" style=\"background-color: rgba(0, 161, 190, 1);\" ><div class=\"rowItemContent\" ><div class=\"btClear btSeparator topExtraSmallSpaced noBorder\" ><hr><\/div><\/div><\/div><div class=\"rowItem col-md-3 col-sm-6 col-ms-12 btTextLeft inherit\" style=\"background-color: rgba(0, 135, 170, 1);\" ><div class=\"rowItemContent\" ><div class=\"btClear btSeparator topExtraSmallSpaced noBorder\" ><hr><\/div><\/div><\/div><div class=\"rowItem col-md-3 col-sm-6 col-ms-12 btTextLeft inherit\" style=\"background-color: rgba(0, 109, 149, 1);\" ><div class=\"rowItemContent\" ><div class=\"btClear btSeparator topExtraSmallSpaced noBorder\" ><hr><\/div><\/div><\/div><\/div><\/div><\/div><\/div><\/div><\/section><section id=\"bt_section69ec29aaa921d\"  class=\"boldSection topSemiSpaced bottomSpaced gutter inherit\" style=\"background-color:#f1f1f1;\"><div class=\"port\"><div class=\"boldCell\"><div class=\"boldCellInner\"><div class=\"boldRow  \" ><div class=\"boldRowInner\"><div class=\"rowItem col-md-12 col-ms-12  btTextLeft\"  ><div class=\"rowItemContent\" ><div class=\"btTabs tabsHorizontal \" \"><ul class=\"tabsHeader\"><li><span>A<\/span><\/li><li><span>B<\/span><\/li><li><span>C-\u00c7<\/span><\/li><li><span>D<\/span><\/li><li><span>E<\/span><\/li><li><span>F<\/span><\/li><li><span>G<\/span><\/li><li><span>H<\/span><\/li><li><span>I-\u0130<\/span><\/li><li><span>J<\/span><\/li><li><span>K<\/span><\/li><li><span>L<\/span><\/li><li><span>M-N<\/span><\/li><li><span>O<\/span><\/li><li><span>P<\/span><\/li><li><span>R<\/span><\/li><li><span>S<\/span><\/li><li><span>T<\/span><\/li><li><span>V-W<\/span><\/li><li><span>X<\/span><\/li><li><span>Z<\/span><\/li><\/ul><div class=\"tabPanes tabPanesTabs\"><div class=\"tabPane\">\r\n\t\t\t<div class=\"tabAccordionContent\"><\/p>\n<p><strong>Allergie<\/strong>: Die unwillk\u00fcrliche Reaktion des K\u00f6rpers auf den Organismus<\/p>\n<p><strong>Alveolarknochen<\/strong>: Knochen<\/p>\n<p><strong>Amalgam<\/strong>: Das am h\u00e4ufigsten verwendete Material f\u00fcr F\u00fcllungen; auch bekannt als Silberf\u00fcllung; aus einer Mischung von Quecksilber (ca. 50 %), Silber, Zinn, Kupfer und Zink<\/p>\n<p><strong>Analgesie<\/strong>: Vor\u00fcbergehender Verlust<\/p>\n<p><strong>An\u00e4sthesie<\/strong>: Fehlen von Schmerzempfindung; Bet\u00e4ubung des Zahns mit \u00f6rtlicher<\/p>\n<p><strong>Bet\u00e4ubung<\/strong>; In Vollnarkose ist der Patient v\u00f6llig bewusstlos.<\/p>\n<p><strong>ANUG<\/strong>: Abk\u00fcrzung f\u00fcr Acute Necrotising Ulcerative Gingivitis;<\/p>\n<p><strong>Apex<\/strong>: Die Spitze der Zahnwurzel<\/p>\n<p><strong>Apikale Resektion<\/strong>: Chirurgische Entfernung der Wurzelspitze des Zahns nach einer guten Wurzelkanalbehandlung zur Behandlung der Infektion.<\/p>\n<p><strong>Abszess<\/strong>: Lokale Infektion des Zahns oder des Zahnfleischs<\/p>\n<p><strong>Abnutzung<\/strong>: Verlust der Zahnstruktur durch Schleifen, falsches Bei\u00dfen, eine harte Zahnb\u00fcrste oder schlechte Putztechnik<\/p>\n<p>\n<\/div>\r\n\t\t<\/div><div class=\"tabPane\">\r\n\t\t\t<div class=\"tabAccordionContent\"><\/p>\n<p><strong>Biopsie<\/strong>: Entnahme eines kleinen St\u00fccks von hier, um festzustellen, ob es krank ist<\/p>\n<p><strong>Bruxismus<\/strong>: Z\u00e4hneknirschen und -bei\u00dfen, verursacht durch die Aktivit\u00e4t der Kaumuskulatur in der Nacht und\/oder tags\u00fcber.<\/p>\n<p>\n<\/div>\r\n\t\t<\/div><div class=\"tabPane\">\r\n\t\t\t<div class=\"tabAccordionContent\"><\/p>\n<p><strong>Cavitron<\/strong>: Ein zahn\u00e4rztliches Instrument, das Hochfrequenzwellen verwendet, um Zahnstein zu reinigen<\/p>\n<p>&nbsp;<\/p>\n<p>\n<\/div>\r\n\t\t<\/div><div class=\"tabPane\">\r\n\t\t\t<div class=\"tabAccordionContent\"><\/p>\n<p><strong>Dentin<\/strong>: Die harte, halblebende Schicht im Inneren des Zahns (die Schicht direkt unter der \u00e4u\u00dferen Schmelzschicht)&nbsp;<\/p>\n<p><strong>Drainage<\/strong>: Der Prozess der Entfernung eines Abszesses in einen K\u00f6rperzahn<\/p>\n<p>\n<\/div>\r\n\t\t<\/div><div class=\"tabPane\">\r\n\t\t\t<div class=\"tabAccordionContent\"><\/p>\n<p><strong>Eruption<\/strong>: Der Prozess, bei dem Z\u00e4hne aus der gingivalen Struktur hervortreten<\/p>\n<p>\n<\/div>\r\n\t\t<\/div><div class=\"tabPane\">\r\n\t\t\t<div class=\"tabAccordionContent\"><\/p>\n<p><strong>F\u00fcllung<\/strong>: Erg\u00e4nzung der Zahnhartsubstanz mit Materialien wie Porzellan, Amalgam, Komposit<\/p>\n<p><strong>Fissur Sealent<\/strong>: Ein F\u00fcllmaterial, das in die Vertiefungen der Z\u00e4hne (Fissuren) aufgetragen und durch Bestrahlung geh\u00e4rtet wird, um Karies bei Milch- und bleibenden Backenz\u00e4hnen vorzubeugen.<\/p>\n<p><strong>Fistel<\/strong>: Der Bereich, in dem sich die Infektion im Kieferknochen in die Mundh\u00f6hle \u00f6ffnet<\/p>\n<p><strong>Frenektomie<\/strong>: Entfernung des Frenums, der d\u00fcnnen Gewebeschnur, die die Ober- oder Unterlippe mit dem Zahnfleisch oder der Zunge am unteren Ende des Mundes verbindet<\/p>\n<p>\n<\/div>\r\n\t\t<\/div><div class=\"tabPane\">\r\n\t\t\t<div class=\"tabAccordionContent\"><\/p>\n<p><strong>Gingiva<\/strong>: Zahnfleisch<\/p>\n<p><strong>Gingivektomie<\/strong>: Entfernung von Zahnfleischgewebe<\/p>\n<p><strong>Gingivitis<\/strong>: Entz\u00fcndung des Zahnfleischgewebes<\/p>\n<p><strong>Gtr<\/strong>: Gef\u00fchrte Texturgenerierung<\/p>\n<p><strong>Gesichtschirurg<\/strong>: Ein Spezialist, der sich mit der Diagnose und chirurgischen Behandlung von Krankheiten, Verletzungen und Verschlechterungen des Mundes und der St\u00fctzstrukturen befasst. Es erfordert in der Regel eine vierj\u00e4hrige postzahn\u00e4rztliche Ausbildung.<\/p>\n<p>\n<\/div>\r\n\t\t<\/div><div class=\"tabPane\">\r\n\t\t\t<div class=\"tabAccordionContent\"><\/p>\n<p><strong>Herausnehmbarer Zahnersatz<\/strong>: Herausnehmbarer Zahnersatz, der fehlende Z\u00e4hne ersetzt<\/p>\n<p><strong>Hunde<\/strong>: Vier obere und untere Hunde<\/p>\n<p>\n<\/div>\r\n\t\t<\/div><div class=\"tabPane\">\r\n\t\t\t<div class=\"tabAccordionContent\"><\/p>\n<p><strong>\u0130kincil dentin:<\/strong>&nbsp;Di\u015f hassasiyetine tepki olarak pulpa taraf\u0131ndan \u00fcretilen yap\u0131<br \/>\n\u0130mplant<br \/>\n<strong>Is\u0131rma:<\/strong>&nbsp;\u00dcst ve alt di\u015flerin bir araya nas\u0131l geldikleri; okl\u00fczyon olarak da bilinir<\/p>\n<p>\n<\/div>\r\n\t\t<\/div><div class=\"tabPane\">\r\n\t\t\t<div class=\"tabAccordionContent\"><\/p>\n<p><strong>Jaket<\/strong>: Eine Krone, die auf den Vorderz\u00e4hnen getragen wird, normalerweise aus Porzellan.<\/p>\n<p>\n<\/div>\r\n\t\t<\/div><div class=\"tabPane\">\r\n\t\t\t<div class=\"tabAccordionContent\"><\/p>\n<p><strong>Knochenschwund<\/strong>: Verlust von Knochen, die die Zahnwurzeln st\u00fctzen; bekannte Folge von Zahnfleischerkrankungen<\/p>\n<p><strong>Karies<\/strong>: Verschlechterung der Zahnsubstanz<\/p>\n<p><strong>Karies<\/strong>: Karies oder Karies<\/p>\n<p><strong>K\u00fcrettage<\/strong>: Entfernung von abgestorbenem Innengewebe aus der Parodontaltasche<\/p>\n<p><strong>Krone<\/strong>: Sie hat zwei Bedeutungen: (1) der mit Schmelz bedeckte Teil des Zahns, (2) die Wiederherstellung des gesamten oder eines wesentlichen Teils des nat\u00fcrlichen Zahns oberhalb des Zahnfleischrands.<\/p>\n<p><strong>Kieferorthop\u00e4die<\/strong>: Das Gebiet der Zahnheilkunde, das Unregelm\u00e4\u00dfigkeiten in der Form und Stellung der Z\u00e4hne und der Beziehungen zwischen den Kiefern behandelt.<\/p>\n<p><strong>Kinderzahnheilkunde<\/strong>: Das Spezialgebiet der Zahnheilkunde konzentriert sich auf die Behandlung von Kindern<\/p>\n<p>\n<\/div>\r\n\t\t<\/div><div class=\"tabPane\">\r\n\t\t\t<div class=\"tabAccordionContent\"><\/p>\n<p><strong>Lappenoperation<\/strong>: Name einer parodontalen Operation<\/p>\n<p>\n<\/div>\r\n\t\t<\/div><div class=\"tabPane\">\r\n\t\t\t<div class=\"tabAccordionContent\"><\/p>\n<p><strong>Milchz\u00e4hne<\/strong>: Milchz\u00e4hne<\/p>\n<p><strong>Managed<\/strong> Care: Programm, bei dem Patienten-Zahnarzt-Gespr\u00e4che und Zahnarztzahlungen von einer separaten externen Organisation verwaltet werden<br \/>\nDer Buchstabe R wiederholt sich<\/p>\n<p><strong>Malokklusion<\/strong>: \u201eSchlechter Biss\u201c oder falscher Verschluss der oberen und unteren Z\u00e4hne<\/p>\n<p><strong>Maryland-Br\u00fccke<\/strong>: Eine Br\u00fccke, die verbindet, indem sie nur die hinteren Fl\u00e4chen benachbarter Z\u00e4hne st\u00fctzt<\/p>\n<p><strong>Mundhygiene<\/strong>: Der Prozess der Sicherstellung der Mundhygiene Mund-, Kiefer- und<br \/>\n<strong>Nachtschutzplakette (Night Plaque):<\/strong> Apparatur aus kieferorthop\u00e4dischem Acryl zum Schutz der Z\u00e4hne und Kiefergelenke von Patienten mit Bruxismus.<\/p>\n<p>\n<\/div>\r\n\t\t<\/div><div class=\"tabPane\">\r\n\t\t\t<div class=\"tabAccordionContent\"><\/p>\n<p><strong>Oberkiefer<\/strong>: Oberkiefer<\/p>\n<p><strong>Orale Chirurgie<\/strong>: Chirurgische Eingriffe im Mund; z.B. Zahnextraktion, Entfernung von Zysten und Tumoren und Reparatur von gebrochenem Kieferknochen<\/p>\n<p><strong>Oberkieferprothese<\/strong>: Prothese des Oberkiefers<\/p>\n<p>\n<\/div>\r\n\t\t<\/div><div class=\"tabPane\">\r\n\t\t\t<div class=\"tabAccordionContent\"><\/p>\n<p><strong>Par\u00e4sthesie<\/strong>: Gef\u00fchlsverlust in einem Teil des K\u00f6rpers<\/p>\n<p><strong>Parodontologe<\/strong>: Ein Spezialist, der das Zahnfleisch und die Strukturen behandelt, die die Z\u00e4hne st\u00fctzen<\/p>\n<p><strong>Plaque<\/strong>: Die weiche, klebrige Substanz, die sich auf den Z\u00e4hnen ansammelt; besteht aus Bakterien und Speiseresten im Speichel<\/p>\n<p><strong>Placebo<\/strong>: Behandlung, die auf der Heilung einer Krankheit basiert, weil der Patient an die Heilung glaubt<\/p>\n<p><strong>Platzhalter<\/strong>: Zahnspangen, die den Raum zwischen den bleibenden Z\u00e4hnen bei vorzeitigem Verlust von Milchz\u00e4hnen sch\u00fctzen.<\/p>\n<p><strong>Porzellankrone (Veneer):<\/strong> Eine d\u00fcnne Porzellanschicht, die auf die Vorder- oder Oberseite des Zahns geklebt wird, um die Farbe und\/oder Form des Frontzahns zu ver\u00e4ndern oder zu reparieren.<\/p>\n<p><strong>Post-Core<\/strong>: Stift und Material, das verlorene Zahnsubstanz ersetzt<\/p>\n<p><strong>Prophylaxe<\/strong>: Eine Methode zum Schutz der Zahngesundheit und zur Vorbeugung von Zahninfektionen<\/p>\n<p><strong>Prostodonist<\/strong>: Ein Zahnarzt, der sich darauf spezialisiert hat, Z\u00e4hne zu begradigen, fehlende Z\u00e4hne durch Br\u00fccken und Prothesen zu ersetzen und eine normale Okklusion aufrechtzuerhalten.<\/p>\n<p><strong>Prothese<\/strong>: K\u00fcnstlicher Ersatz verlorener Organe im K\u00f6rper<\/p>\n<p><strong>Pulpa<\/strong>: Nerven, Blutgef\u00e4\u00dfe und Bindegewebe in der inneren Struktur des Zahns<\/p>\n<p><strong>Pulpakammer<\/strong>: Der mittlere oder innerste Teil des Zahns, in dem sich die Pulpa befindet.<\/p>\n<p><strong>Pulp Cap<\/strong>: Eine wirkstoffhaltige Beschichtung, die einen kleinen Teil der freiliegenden Pulpa bedeckt<\/p>\n<p><strong>Pulpektomie<\/strong>: Vollst\u00e4ndige Entfernung der Pulpa von Kinderz\u00e4hnen<\/p>\n<p><strong>Pulpitis<\/strong>: Pulpaentz\u00fcndung; Eine der Hauptursachen f\u00fcr Zahnschmerzen<\/p>\n<p><strong>Pulpotomie<\/strong>: Entfernung der Pulpa<\/p>\n<p><strong>Pyorrhoe<\/strong>: gebr\u00e4uchliche Bezeichnung f\u00fcr eine Zahnfleischerkrankung<\/p>\n<p><strong>Prognose<\/strong>: m\u00f6gliches Ergebnis der Behandlung<\/p>\n<p>\n<\/div>\r\n\t\t<\/div><div class=\"tabPane\">\r\n\t\t\t<div class=\"tabAccordionContent\"><\/p>\n<p><strong>Reimplantation<\/strong>: Es ist der Prozess der Neupositionierung des zu behandelnden Zahns, nachdem er au\u00dferhalb des Mundes behandelt wurde.<\/p>\n<p><strong>Restauration<\/strong>: Der korrigierte Teil eines besch\u00e4digten Zahns<\/p>\n<p>&nbsp;<strong>Ruber Dam<\/strong>: Eine weiche Latexbeschichtung, die verwendet wird, um den Zahn vor Feuchtigkeit zu sch\u00fctzen und zu verhindern, dass etwas in den hinteren Teil des Rachens gelangt.<\/p>\n<p>&nbsp;<strong>Regionalan\u00e4sthesie<\/strong>: Schaffung regionaler Taubheit durch Bet\u00e4ubung mit Lokalan\u00e4sthesie am Austrittspunkt des Nervs, der einen bestimmten K\u00f6rperteil betrifft<\/p>\n<p>\n<\/div>\r\n\t\t<\/div><div class=\"tabPane\">\r\n\t\t\t<div class=\"tabAccordionContent\"><\/p>\n<p><strong>Speicheldr\u00fcsen<\/strong>: Befinden sich unter der Zunge und den Wangen und produzieren Speichel<\/p>\n<p><strong>Speichelzieher<\/strong>: Saugrohr, das w\u00e4hrend der F\u00fctterung in den Mund genommen wird, um Speichel zu ziehen<\/p>\n<p><strong>Speichel<\/strong>: Farblose Fl\u00fcssigkeit im Mund, die Wasser, Enzyme, Bakterien, Schleim, Viren, Blutk\u00f6rperchen und unverdaute Speisereste enth\u00e4lt<\/p>\n<p><strong>Schlafapnoe<\/strong>: Regelm\u00e4\u00dfiges Aussetzen oder verz\u00f6gertes Atmen w\u00e4hrend des Schlafs<\/p>\n<p><strong>Stiftkrone<\/strong>: Eine einzigartige Struktur, die Stiftkern und Krone kombiniert<\/p>\n<p><strong>Stift<\/strong>: Ein d\u00fcnner Metall-, Faser- oder Titanstab, der in die Wurzelkan\u00e4le des Zahns eingef\u00fchrt wird; Unterst\u00fctzung f\u00fcr den &#8220;Kern&#8221; aus Material, das verwendet wird, um verlorene Zahnsubstanz zu ersetzen<\/p>\n<p><strong>Schwarze Haarzunge<\/strong>: Wachstum von Papillen auf der Zunge<\/p>\n<p><strong>S\u00fcyek<\/strong>: Kombinieren von zwei oder mehr Z\u00e4hnen zu einer einzigen st\u00e4rkeren Struktur<\/p>\n<p><strong>Sekund\u00e4rdentin<\/strong>: Struktur, die von der Pulpa als Reaktion auf Zahnempfindlichkeit produziert wird Implant<\/p>\n<p>\n<\/div>\r\n\t\t<\/div><div class=\"tabPane\">\r\n\t\t\t<div class=\"tabAccordionContent\"><\/p>\n<p><strong>Tmd<\/strong>: Temperomandibul\u00e4re St\u00f6rung; ein Zustand, der durch Gesichtsschmerzen und eingeschr\u00e4nkte Bewegungsfreiheit beim \u00d6ffnen\/Bewegen des Kiefers gekennzeichnet ist<\/p>\n<p><strong>Tmj-St\u00f6rung<\/strong>: Ein Zustand, der durch Gesichtsschmerzen und eingeschr\u00e4nkten Bewegungsbereich beim \u00d6ffnen\/Bewegen des Kiefers gekennzeichnet ist. Ein Zustand, der mit Beschwerden im Kiefergelenk zusammenh\u00e4ngt<\/p>\n<p><strong>Tmj<\/strong>: Kiefergelenk; der Punkt, an dem der Unterkiefer auf die Sch\u00e4delbasis trifft<\/p>\n<p><strong>Transplantation<\/strong>: Platzierung eines nat\u00fcrlichen Zahns einer Person in der Extraktionskavit\u00e4t eines Zahns<\/p>\n<p><strong>Trauma<\/strong>: Verletzung durch einen Schlag, Chemikalien, extreme Temperaturen oder schlechte Zahnstruktur<\/p>\n<p>\n<\/div>\r\n\t\t<\/div><div class=\"tabPane\">\r\n\t\t\t<div class=\"tabAccordionContent\"><\/p>\n<p><strong>Veneer<\/strong>: Eine Kunststoff- oder Porzellanoberfl\u00e4che, die direkt auf den Zahn geklebt wird, um das Aussehen des Zahns zu verbessern. Sehen. laminieren.<\/p>\n<p><strong>Vollprothese<\/strong>: Herausnehmbarer Zahnersatz, der verwendet wird, um alle oberen oder unteren Z\u00e4hne zu ersetzen<\/p>\n<p><strong>Wurzel<\/strong>: Die Zahnstruktur, die den Zahn mit dem Kiefer verbindet<\/p>\n<p><strong>Weisheitsz\u00e4hne<\/strong>: Der dritte Backenzahn, der normalerweise zwischen dem 18. und 25. Lebensjahr durchbricht<\/p>\n<p>\n<\/div>\r\n\t\t<\/div><div class=\"tabPane\">\r\n\t\t\t<div class=\"tabAccordionContent\"><\/p>\n<p><strong>Xerostomie<\/strong>: Mundtrockenheit<\/p>\n<p>\n<\/div>\r\n\t\t<\/div><div class=\"tabPane\">\r\n\t\t\t<div class=\"tabAccordionContent\"><\/p>\n<p><strong>Zahnaufhellung<\/strong>: Der Prozess, der angewendet wird, um die Farbe der Z\u00e4hne aufzuhellen<\/p>\n<p><strong>Zahnfleischentz\u00fcndung<\/strong>: Siehe. Fistel<\/p>\n<p><strong>Zahnspangen<\/strong>: Werkzeug, mit dem die Z\u00e4hne nach und nach richtig geformt werden<\/p>\n<p><strong>Zahnschmelz<\/strong>: Das harte Gewebe, das die Oberseite des Zahns bedeckt (\u00fcber dem Zahnfleischrand)<\/p>\n<p><strong>Zahnstein<\/strong>: Auch bekannt als Kalk\u00fcl; harte Ablagerungen, die an den Z\u00e4hnen haften und Bakterien und Mineralien enthalten<br \/>\n<strong>Reinigung<\/strong>: Entfernung von Plaque und Zahnstein von den Z\u00e4hnen, normalerweise oberhalb des Zahnfleischrandes<\/p>\n<p><strong>Zyste<\/strong>: Fl\u00fcssigkeitsgef\u00fcllter Sack<\/p>\n<p>\n<\/div>\r\n\t\t<\/div><\/div><\/div><\/div><\/div><\/div><\/div><\/div><\/div><\/div><\/section><section id=\"bt_section69ec29aaaa443\"  class=\"boldSection gutter inherit\" style=\"margin-top: -6px;\"><div class=\"port\"><div class=\"boldCell\"><div class=\"boldCellInner\"><div class=\"boldRow  \" ><div class=\"boldRowInner\"><div class=\"rowItem col-md-8 col-ms-12 btTextLeft inherit\" style=\"background-color: rgba(0, 179, 204, 1);\" ><div class=\"rowItemContent\" ><div class=\"btClear btSeparator topExtraSmallSpaced noBorder\" ><hr><\/div><\/div><\/div><div class=\"rowItem col-md-4 col-ms-12 btTextLeft inherit\" style=\"background-color: rgba(0, 161, 190, 1);\" ><div class=\"rowItemContent\" ><div class=\"btClear btSeparator topExtraSmallSpaced noBorder\" ><hr><\/div><\/div><\/div><\/div><\/div><\/div><\/div><\/div><\/section><\/p>\n","protected":false},"excerpt":{"rendered":"","protected":false},"author":1,"featured_media":0,"parent":0,"menu_order":0,"comment_status":"closed","ping_status":"closed","template":"","meta":{"ngg_post_thumbnail":0,"footnotes":""},"class_list":["post-4845","page","type-page","status-publish","hentry"],"_links":{"self":[{"href":"https:\/\/dentplus.com.tr\/V2\/wp-json\/wp\/v2\/pages\/4845","targetHints":{"allow":["GET"]}}],"collection":[{"href":"https:\/\/dentplus.com.tr\/V2\/wp-json\/wp\/v2\/pages"}],"about":[{"href":"https:\/\/dentplus.com.tr\/V2\/wp-json\/wp\/v2\/types\/page"}],"author":[{"embeddable":true,"href":"https:\/\/dentplus.com.tr\/V2\/wp-json\/wp\/v2\/users\/1"}],"replies":[{"embeddable":true,"href":"https:\/\/dentplus.com.tr\/V2\/wp-json\/wp\/v2\/comments?post=4845"}],"version-history":[{"count":3,"href":"https:\/\/dentplus.com.tr\/V2\/wp-json\/wp\/v2\/pages\/4845\/revisions"}],"predecessor-version":[{"id":5012,"href":"https:\/\/dentplus.com.tr\/V2\/wp-json\/wp\/v2\/pages\/4845\/revisions\/5012"}],"wp:attachment":[{"href":"https:\/\/dentplus.com.tr\/V2\/wp-json\/wp\/v2\/media?parent=4845"}],"curies":[{"name":"wp","href":"https:\/\/api.w.org\/{rel}","templated":true}]}}