{"id":4834,"date":"2022-12-26T11:43:07","date_gmt":"2022-12-26T08:43:07","guid":{"rendered":"https:\/\/dentplus.com.tr\/V2\/?page_id=4834"},"modified":"2022-12-27T15:52:12","modified_gmt":"2022-12-27T12:52:12","slug":"faelle","status":"publish","type":"page","link":"https:\/\/dentplus.com.tr\/V2\/de\/faelle\/","title":{"rendered":"F\u00e4lle"},"content":{"rendered":"<p><section id=\"bt_section69ebfef16ad18\"  class=\"boldSection topSemiSpaced btDarkSkin gutter inherit wBackground cover btAccentColorBackground\" style=\"background-image:url('https:\/\/dentplus.com.tr\/V2\/wp-content\/uploads\/bllurred-background.jpg');\"><div class=\"port\"><div class=\"boldCell\"><div class=\"boldCellInner\"><div class=\"boldRow  \" ><div class=\"boldRowInner\"><div class=\"rowItem col-md-9 col-ms-12  btTextLeft animate animate-fadein animate-moveleft inherit\"  ><div class=\"rowItemContent\" ><div class=\"btClear btSeparator topExtraSpaced bottomSmallSpaced noBorder\" ><hr><\/div><header class=\"header btClear extralarge btDash topDash  btNormalDash\" ><div class=\"btSuperTitle\">WAS WIR F\u00dcR SIE TUN<\/div><div class=\"dash\"><h1><span class=\"headline\">F\u00e4lle<\/span><\/h1><\/div><\/header><div class=\"btClear btSeparator topSpaced noBorder\" ><hr><\/div><\/div><\/div><div class=\"rowItem col-md-3 col-sm-6 col-ms-12 btTextLeft\"  ><div class=\"rowItemContent\" ><\/div><\/div><\/div><\/div><\/div><\/div><\/div><\/section><section id=\"bt_section69ebfef16aefd\"  class=\"boldSection gutter inherit\" style=\"margin-top: -6px;\"><div class=\"port\"><div class=\"boldCell\"><div class=\"boldCellInner\"><div class=\"boldRow  \" ><div class=\"boldRowInner\"><div class=\"rowItem col-md-12 col-ms-12  btTextLeft inherit\"  ><div class=\"rowItemContent\" ><div class=\"btClear btSeparator topSpaced bottomSemiSpaced noBorder\" ><hr><\/div><\/div><\/div><\/div><\/div><\/div><\/div><\/div><\/section><section id=\"bt_section69ebfef16afe1\"  class=\"boldSection gutter inherit\" style=\"margin-top: -6px;\"><div class=\"port\"><div class=\"boldCell\"><div class=\"boldCellInner\"><div class=\"boldRow  \" ><div class=\"boldRowInner\"><div class=\"rowItem col-md-4 col-ms-12 btTextLeft\"  ><div class=\"rowItemContent\" ><div class=\"btClear btSeparator topExtraSmallSpaced noBorder\" ><hr><\/div><div class=\"btIconImageRow\" ><div class=\"bpgPhoto btTextCenter\" ><div class=\"btImage\"><img decoding=\"async\" src=\"https:\/\/dentplus.com.tr\/V2\/wp-content\/uploads\/1.png\" alt=\"Periodontal problem \u015fikayeti ile klini\u011fimize ba\u015fvuran hastam\u0131za Emdogain+Bio-oss materyalleri ile t\u00fcm a\u011f\u0131z flap operasyonu\" title=\"Periodontal problem \u015fikayeti ile klini\u011fimize ba\u015fvuran hastam\u0131za Emdogain+Bio-oss materyalleri ile t\u00fcm a\u011f\u0131z flap operasyonu\"><\/div><\/div><\/div><div class=\"btClear btSeparator topExtraSmallSpaced noBorder\" ><hr><\/div><header class=\"header btClear small  btAlternateDash\" style=\"text-align:center !important; background-color:#00b3cc; position:relative; top:-50px; width: 100%; padding: 30px; color:#fff !important;\"><div class=\"dash\"><h4><span class=\"headline\">E-Max-App, kein Photoshop!<\/span><\/h4><\/div><\/header><\/div><\/div><div class=\"rowItem col-md-4 col-ms-12 btTextLeft\"  ><div class=\"rowItemContent\" ><div class=\"btClear btSeparator topExtraSmallSpaced noBorder\" ><hr><\/div><div class=\"btIconImageRow\" ><div class=\"bpgPhoto btTextCenter\" ><div class=\"btImage\"><img decoding=\"async\" src=\"https:\/\/dentplus.com.tr\/V2\/wp-content\/uploads\/2-1.jpg\" alt=\"Hastam\u0131z istemi\u015f oldu\u011fu estetik g\u00f6r\u00fcn\u00fcme ula\u015ft\u0131.&lt;br \/&gt;\n\" title=\"Hastam\u0131z istemi\u015f oldu\u011fu estetik g\u00f6r\u00fcn\u00fcme ula\u015ft\u0131.&lt;br \/&gt;\n\"><\/div><\/div><\/div><div class=\"btClear btSeparator topExtraSmallSpaced noBorder\" ><hr><\/div><header class=\"header btClear small  btAlternateDash\" style=\"text-align:center !important; background-color:#00b3cc; position:relative; top:-50px; width: 100%; padding: 30px; color:#fff !important;\"><div class=\"dash\"><h4><span class=\"headline\">Unser Patient hat das gew\u00fcnschte \u00e4sthetische Erscheinungsbild erreicht.<\/span><\/h4><\/div><\/header><\/div><\/div><div class=\"rowItem col-md-4 col-ms-12 btTextLeft\"  ><div class=\"rowItemContent\" ><div class=\"btClear btSeparator topExtraSmallSpaced noBorder\" ><hr><\/div><div class=\"btIconImageRow\" ><div class=\"bpgPhoto btTextCenter\" ><div class=\"btImage\"><img decoding=\"async\" src=\"https:\/\/dentplus.com.tr\/V2\/wp-content\/uploads\/3-1.png\" alt=\"Ortodontik tedavi istemeyen hastan\u0131n protetik tedavisi\" title=\"Ortodontik tedavi istemeyen hastan\u0131n protetik tedavisi\"><\/div><\/div><\/div><div class=\"btClear btSeparator topExtraSmallSpaced noBorder\" ><hr><\/div><header class=\"header btClear small  btAlternateDash\" style=\"text-align:center !important; background-color:#00b3cc; position:relative; top:-50px; width: 100%; padding: 30px; color:#fff !important;\"><div class=\"dash\"><h4><span class=\"headline\">Unser Patient hat das gew\u00fcnschte \u00e4sthetische Erscheinungsbild erreicht.<\/span><\/h4><\/div><\/header><\/div><\/div><\/div><\/div><div class=\"boldRow  \" ><div class=\"boldRowInner\"><div class=\"rowItem col-md-4 col-ms-12 btTextLeft\"  ><div class=\"rowItemContent\" ><div class=\"btClear btSeparator topExtraSmallSpaced noBorder\" ><hr><\/div><div class=\"btIconImageRow\" ><div class=\"bpgPhoto btTextCenter\" ><div class=\"btImage\"><img decoding=\"async\" src=\"https:\/\/dentplus.com.tr\/V2\/wp-content\/uploads\/4.png\" alt=\"Periodontal problem \u015fikayeti ile klini\u011fimize ba\u015fvuran hastam\u0131za Emdogain+Bio-oss materyalleri ile t\u00fcm a\u011f\u0131z flap operasyonu\" title=\"Periodontal problem \u015fikayeti ile klini\u011fimize ba\u015fvuran hastam\u0131za Emdogain+Bio-oss materyalleri ile t\u00fcm a\u011f\u0131z flap operasyonu\"><\/div><\/div><\/div><div class=\"btClear btSeparator topExtraSmallSpaced noBorder\" ><hr><\/div><header class=\"header btClear small  btAlternateDash\" style=\"text-align:center !important; background-color:#00b3cc; position:relative; top:-50px; width: 100%; padding: 30px; color:#fff !important;\"><div class=\"dash\"><h4><span class=\"headline\">No photoshop! Intraorale Anwendung von E-Max-Prothesen<\/span><\/h4><\/div><\/header><\/div><\/div><div class=\"rowItem col-md-4 col-ms-12 btTextLeft\"  ><div class=\"rowItemContent\" ><div class=\"btClear btSeparator topExtraSmallSpaced noBorder\" ><hr><\/div><div class=\"btIconImageRow\" ><div class=\"bpgPhoto btTextCenter\" ><div class=\"btImage\"><img decoding=\"async\" src=\"https:\/\/dentplus.com.tr\/V2\/wp-content\/uploads\/5-1.png\" alt=\"Hastam\u0131z istemi\u015f oldu\u011fu estetik g\u00f6r\u00fcn\u00fcme ula\u015ft\u0131.&lt;br \/&gt;\n\" title=\"Hastam\u0131z istemi\u015f oldu\u011fu estetik g\u00f6r\u00fcn\u00fcme ula\u015ft\u0131.&lt;br \/&gt;\n\"><\/div><\/div><\/div><div class=\"btClear btSeparator topExtraSmallSpaced noBorder\" ><hr><\/div><header class=\"header btClear small  btAlternateDash\" style=\"text-align:center !important; background-color:#00b3cc; position:relative; top:-50px; width: 100%; padding: 30px; color:#fff !important;\"><div class=\"dash\"><h4><span class=\"headline\">Behandlung verlorener Frontz\u00e4hne mit Implantat.<\/span><\/h4><\/div><\/header><\/div><\/div><div class=\"rowItem col-md-4 col-ms-12 btTextLeft\"  ><div class=\"rowItemContent\" ><div class=\"btClear btSeparator topExtraSmallSpaced noBorder\" ><hr><\/div><div class=\"btIconImageRow\" ><div class=\"bpgPhoto btTextCenter\" ><div class=\"btImage\"><img decoding=\"async\" src=\"https:\/\/dentplus.com.tr\/V2\/wp-content\/uploads\/6-1.jpg\" alt=\"Ortodontik tedavi istemeyen hastan\u0131n protetik tedavisi\" title=\"Ortodontik tedavi istemeyen hastan\u0131n protetik tedavisi\"><\/div><\/div><\/div><div class=\"btClear btSeparator topExtraSmallSpaced noBorder\" ><hr><\/div><header class=\"header btClear small  btAlternateDash\" style=\"text-align:center !important; background-color:#00b3cc; position:relative; top:-50px; width: 100%; padding: 30px; color:#fff !important;\"><div class=\"dash\"><h4><span class=\"headline\">Nach der Operation wurden 4 Thommen-Implantate, Wurzelkanalbehandlungen und eine prothetische Aussenversorgung durchgef\u00fchrt.<\/span><\/h4><\/div><\/header><\/div><\/div><\/div><\/div><div class=\"boldRow  \" ><div class=\"boldRowInner\"><div class=\"rowItem col-md-4 col-ms-12 btTextLeft\"  ><div class=\"rowItemContent\" ><div class=\"btClear btSeparator topExtraSmallSpaced noBorder\" ><hr><\/div><div class=\"btIconImageRow\" ><div class=\"bpgPhoto btTextCenter\" ><div class=\"btImage\"><img decoding=\"async\" src=\"https:\/\/dentplus.com.tr\/V2\/wp-content\/uploads\/7-1.jpg\" alt=\"Periodontal problem \u015fikayeti ile klini\u011fimize ba\u015fvuran hastam\u0131za Emdogain+Bio-oss materyalleri ile t\u00fcm a\u011f\u0131z flap operasyonu\" title=\"Periodontal problem \u015fikayeti ile klini\u011fimize ba\u015fvuran hastam\u0131za Emdogain+Bio-oss materyalleri ile t\u00fcm a\u011f\u0131z flap operasyonu\"><\/div><\/div><\/div><div class=\"btClear btSeparator topExtraSmallSpaced noBorder\" ><hr><\/div><header class=\"header btClear small  btAlternateDash\" style=\"text-align:center !important; background-color:#00b3cc; position:relative; top:-50px; width: 100%; padding: 30px; color:#fff !important;\"><div class=\"dash\"><h4><span class=\"headline\">Korrektur des Zahnfleisches mit einer einmaligen Lappenoperation unserer Patientin bei Gummy Smile<\/span><\/h4><\/div><\/header><\/div><\/div><div class=\"rowItem col-md-4 col-ms-12 btTextLeft\"  ><div class=\"rowItemContent\" ><div class=\"btClear btSeparator topExtraSmallSpaced noBorder\" ><hr><\/div><div class=\"btIconImageRow\" ><div class=\"bpgPhoto btTextCenter\" ><div class=\"btImage\"><img decoding=\"async\" src=\"https:\/\/dentplus.com.tr\/V2\/wp-content\/uploads\/8-1.jpg\" alt=\"Hastam\u0131z istemi\u015f oldu\u011fu estetik g\u00f6r\u00fcn\u00fcme ula\u015ft\u0131.&lt;br \/&gt;\n\" title=\"Hastam\u0131z istemi\u015f oldu\u011fu estetik g\u00f6r\u00fcn\u00fcme ula\u015ft\u0131.&lt;br \/&gt;\n\"><\/div><\/div><\/div><div class=\"btClear btSeparator topExtraSmallSpaced noBorder\" ><hr><\/div><header class=\"header btClear small  btAlternateDash\" style=\"text-align:center !important; background-color:#00b3cc; position:relative; top:-50px; width: 100%; padding: 30px; color:#fff !important;\"><div class=\"dash\"><h4><span class=\"headline\">Nach der kieferorthop\u00e4dischen Behandlung wurde das Straumann-Implantat in 2 seitliche Zahnl\u00fccken eingesetzt. Nach 8 Wochen wurden \u00dcberimplantatkronen angefertigt<\/span><\/h4><\/div><\/header><\/div><\/div><div class=\"rowItem col-md-4 col-ms-12 btTextLeft\"  ><div class=\"rowItemContent\" ><div class=\"btClear btSeparator topExtraSmallSpaced noBorder\" ><hr><\/div><div class=\"btIconImageRow\" ><div class=\"bpgPhoto btTextCenter\" ><div class=\"btImage\"><img decoding=\"async\" src=\"https:\/\/dentplus.com.tr\/V2\/wp-content\/uploads\/9-1.jpg\" alt=\"Ortodontik tedavi istemeyen hastan\u0131n protetik tedavisi\" title=\"Ortodontik tedavi istemeyen hastan\u0131n protetik tedavisi\"><\/div><\/div><\/div><div class=\"btClear btSeparator topExtraSmallSpaced noBorder\" ><hr><\/div><header class=\"header btClear small  btAlternateDash\" style=\"text-align:center !important; background-color:#00b3cc; position:relative; top:-50px; width: 100%; padding: 30px; color:#fff !important;\"><div class=\"dash\"><h4><span class=\"headline\">Vollst\u00e4ndige Mundklappenoperation mit Emdogain+Bio-oss-Materialien f\u00fcr unseren Patienten, der sich in unserer Klinik beworben hat<\/span><\/h4><\/div><\/header><\/div><\/div><\/div><\/div><div class=\"boldRow  \" ><div class=\"boldRowInner\"><div class=\"rowItem col-md-4 col-ms-12 btTextLeft\"  ><div class=\"rowItemContent\" ><div class=\"btClear btSeparator topExtraSmallSpaced noBorder\" ><hr><\/div><div class=\"btIconImageRow\" ><div class=\"bpgPhoto btTextCenter\" ><div class=\"btImage\"><img decoding=\"async\" src=\"https:\/\/dentplus.com.tr\/V2\/wp-content\/uploads\/10-1.png\" alt=\"Periodontal problem \u015fikayeti ile klini\u011fimize ba\u015fvuran hastam\u0131za Emdogain+Bio-oss materyalleri ile t\u00fcm a\u011f\u0131z flap operasyonu\" title=\"Periodontal problem \u015fikayeti ile klini\u011fimize ba\u015fvuran hastam\u0131za Emdogain+Bio-oss materyalleri ile t\u00fcm a\u011f\u0131z flap operasyonu\"><\/div><\/div><\/div><div class=\"btClear btSeparator topExtraSmallSpaced noBorder\" ><hr><\/div><header class=\"header btClear small  btAlternateDash\" style=\"text-align:center !important; background-color:#00b3cc; position:relative; top:-50px; width: 100%; padding: 30px; color:#fff !important;\"><div class=\"dash\"><h4><span class=\"headline\">Gummy-Smile-Behandlung vor und nach der Operation. Gummy-Smile-Behandlung, vor und unmittelbar nach der Operation.<\/span><\/h4><\/div><\/header><\/div><\/div><div class=\"rowItem col-md-4 col-ms-12 btTextLeft\"  ><div class=\"rowItemContent\" ><div class=\"btClear btSeparator topExtraSmallSpaced noBorder\" ><hr><\/div><div class=\"btIconImageRow\" ><div class=\"bpgPhoto btTextCenter\" ><div class=\"btImage\"><img decoding=\"async\" src=\"https:\/\/dentplus.com.tr\/V2\/wp-content\/uploads\/vaka11.jpg\" alt=\"T\u00fcm a\u011f\u0131z protetik rehabilitasyon uygulamas\u0131.\" title=\"T\u00fcm a\u011f\u0131z protetik rehabilitasyon uygulamas\u0131.\"><\/div><\/div><\/div><div class=\"btClear btSeparator topExtraSmallSpaced noBorder\" ><hr><\/div><header class=\"header btClear small  btAlternateDash\" style=\"text-align:center !important; background-color:#00b3cc; position:relative; top:-50px; width: 100%; padding: 30px; color:#fff !important;\"><div class=\"dash\"><h4><span class=\"headline\">Alle Anwendungen zur Entwicklung von Mundschutz wurden durchgef\u00fchrt.<\/span><\/h4><\/div><\/header><\/div><\/div><div class=\"rowItem col-md-4 col-ms-12 btTextLeft\"  ><div class=\"rowItemContent\" ><div class=\"btClear btSeparator topExtraSmallSpaced noBorder\" ><hr><\/div><div class=\"btIconImageRow\" ><div class=\"bpgPhoto btTextCenter\" ><div class=\"btImage\"><img decoding=\"async\" src=\"https:\/\/dentplus.com.tr\/V2\/wp-content\/uploads\/9-1.jpg\" alt=\"Ortodontik tedavi istemeyen hastan\u0131n protetik tedavisi\" title=\"Ortodontik tedavi istemeyen hastan\u0131n protetik tedavisi\"><\/div><\/div><\/div><div class=\"btClear btSeparator topExtraSmallSpaced noBorder\" ><hr><\/div><header class=\"header btClear small  btAlternateDash\" style=\"text-align:center !important; background-color:#00b3cc; position:relative; top:-50px; width: 100%; padding: 30px; color:#fff !important;\"><div class=\"dash\"><h4><span class=\"headline\">Nach der parodontalen Operation wurden dem Patienten, der sich wegen eines parodontalen Problems in unserer Klinik bewarb, SIC-Implantate, endodontische Behandlungen und Prothesen eingesetzt.<\/span><\/h4><\/div><\/header><\/div><\/div><\/div><\/div><\/div><\/div><\/div><\/section><section id=\"bt_section69ebfef16d73c\"  class=\"boldSection topSemiSpaced bottomSemiSpaced btDarkSkin gutter inherit btAccentColorBackground\" style=\"margin-top: -6px;\"><div class=\"port\"><div class=\"boldCell\"><div class=\"boldCellInner\"><div class=\"boldRow  \" ><div class=\"boldRowInner\"><div class=\"rowItem col-md-8 col-ms-12 btTextLeft animate animate-fadein animate-moveup btMiddleVertical\"  ><div class=\"rowItemContent\" ><header class=\"header btClear medium  btAccentDash\" ><div class=\"dash\"><h3><span class=\"headline\">UM UNS ZU ERREICHEN UND TERMIN ZU VEREINBAREN, K\u00d6NNEN SIE UNS KONTAKTIEREN<br \/><br><\/span><\/h3><\/div><\/header><\/div><\/div><div class=\"rowItem col-md-4 col-ms-12 btTextLeft animate animate-fadein animate-moveup btMiddleVertical\"  ><div class=\"rowItemContent\" ><a href=\"https:\/\/dentplus.com.tr\/V2\/de\/online-termin\/\" class=\"btBtn btBtn btnFilledStyle btnNormalColor btnSmall btnNormalWidth btnRightPosition btnNoIcon\" ><span class=\"btnInnerText\">ONLINE-TERMIN<\/span><\/a><\/div><\/div><\/div><\/div><\/div><\/div><\/div><\/section><\/p>\n","protected":false},"excerpt":{"rendered":"","protected":false},"author":1,"featured_media":0,"parent":0,"menu_order":0,"comment_status":"closed","ping_status":"closed","template":"","meta":{"ngg_post_thumbnail":0,"footnotes":""},"class_list":["post-4834","page","type-page","status-publish","hentry"],"_links":{"self":[{"href":"https:\/\/dentplus.com.tr\/V2\/wp-json\/wp\/v2\/pages\/4834","targetHints":{"allow":["GET"]}}],"collection":[{"href":"https:\/\/dentplus.com.tr\/V2\/wp-json\/wp\/v2\/pages"}],"about":[{"href":"https:\/\/dentplus.com.tr\/V2\/wp-json\/wp\/v2\/types\/page"}],"author":[{"embeddable":true,"href":"https:\/\/dentplus.com.tr\/V2\/wp-json\/wp\/v2\/users\/1"}],"replies":[{"embeddable":true,"href":"https:\/\/dentplus.com.tr\/V2\/wp-json\/wp\/v2\/comments?post=4834"}],"version-history":[{"count":3,"href":"https:\/\/dentplus.com.tr\/V2\/wp-json\/wp\/v2\/pages\/4834\/revisions"}],"predecessor-version":[{"id":4992,"href":"https:\/\/dentplus.com.tr\/V2\/wp-json\/wp\/v2\/pages\/4834\/revisions\/4992"}],"wp:attachment":[{"href":"https:\/\/dentplus.com.tr\/V2\/wp-json\/wp\/v2\/media?parent=4834"}],"curies":[{"name":"wp","href":"https:\/\/api.w.org\/{rel}","templated":true}]}}