{"id":4814,"date":"2022-12-26T11:22:21","date_gmt":"2022-12-26T08:22:21","guid":{"rendered":"https:\/\/dentplus.com.tr\/V2\/?page_id=4814"},"modified":"2024-04-24T11:42:46","modified_gmt":"2024-04-24T08:42:46","slug":"ueber-uns","status":"publish","type":"page","link":"https:\/\/dentplus.com.tr\/V2\/de\/ueber-uns\/","title":{"rendered":"\u00fcber uns"},"content":{"rendered":"<p><section id=\"bt_section69ec025bbc368\"  class=\"boldSection topSemiSpaced btDarkSkin gutter inherit wBackground cover btAccentColorBackground\" style=\"background-image:url('https:\/\/dentplus.com.tr\/V2\/wp-content\/uploads\/bllurred-background.jpg');\"><div class=\"port\"><div class=\"boldCell\"><div class=\"boldCellInner\"><div class=\"boldRow  \" ><div class=\"boldRowInner\"><div class=\"rowItem col-md-12 col-ms-12  btTextLeft animate animate-fadein animate-moveleft inherit\"  ><div class=\"rowItemContent\" ><div class=\"btClear btSeparator topExtraSpaced bottomSmallSpaced noBorder\" ><hr><\/div><header class=\"header btClear extralarge btDash topDash  btNormalDash\" style=\"text-align: justify !important; }\"><div class=\"btSuperTitle\">\u00fcber uns<\/div><div class=\"dash\"><h1><span class=\"headline\">DENTPLUS<\/span><\/h1><\/div><div class=\"btSubTitle\">Dentplus wurde im Jahr 2004 von Dr. Deniz Noyun und Dr. Fuat Noyun gegr\u00fcndet, die Innovationen verfolgt, die neue Technologie mit bew\u00e4hrter Zuverl\u00e4ssigkeit verfolgt, mit \u00c4rzten aus verschiedenen Bereichen zusammenarbeitet und sich zum Ziel gesetzt hat, ihren Patienten einen guten Service zu bieten. Unsere Philosophie; Durch die Kombination der neuesten Technologie und wissenschaftlicher Studien mit unserer klinischen Erfahrung soll es unseren Patienten eine gute Mundhygiene bieten und versuchen, Probleme zu vermeiden, die durch regelm\u00e4\u00dfige Kontrollen auftreten k\u00f6nnen. Dazu verfolgen \u00c4rzte, die jeweils Spezialisten auf ihrem Gebiet sind, sowohl nationale als auch internationale Messen, Kongresse und Seminare. Und sie dienen ihren Patienten mit bew\u00e4hrten Innovationen. Im Jahr 2007 wurde die zweite Dent Plus Klinik in Bursa er\u00f6ffnet.<\/div><\/header><div class=\"btClear btSeparator topExtraSmallSpaced noBorder\" ><hr><\/div><a href=\"#doktorlar\u0131m\u0131z\" class=\"btBtn btBtn btnFilledStyle btnAccentColor btnMedium btnNormalWidth btnRightPosition btnNoIcon\" ><span class=\"btnInnerText\">UNSERE \u00c4RZTE<\/span><\/a><a href=\"#klinklerimiz\" class=\"btBtn btBtn btnFilledStyle btnAlternateColor btnMedium btnNormalWidth btnRightPosition btnNoIcon\" ><span class=\"btnInnerText\">UNSERE KLINIK<\/span><\/a><a href=\"https:\/\/dentplus.com.tr\/V2\/de\/unsere-veranstaltungen\/\" class=\"btBtn btBtn btnFilledStyle btnAccentColor btnMedium btnNormalWidth btnRightPosition btnNoIcon\" ><span class=\"btnInnerText\">UNSERE VERANSTALTUNGEN<\/span><\/a><div class=\"btClear btSeparator topSpaced noBorder\" ><hr><\/div><\/div><\/div><\/div><\/div><\/div><\/div><\/div><\/section><section id=\"doktorlar\u0131m\u0131z\"  class=\"boldSection gutter inherit\" style=\"background-color:#f1f1f1;padding-top: 30px !important;\"><div class=\"port\"><div class=\"boldCell\"><div class=\"boldCellInner\"><div class=\"boldRow  \" ><div class=\"boldRowInner\"><div class=\"rowItem col-md-12 col-ms-12  btTextLeft animate animate-fadein btMiddleVertical\"  ><div class=\"rowItemContent\" ><div class=\"btClear btSeparator bottomSmallSpaced noBorder\" ><hr><\/div><header class=\"header btClear large btDash topDash  btAccentDash\" ><div class=\"btSuperTitle\">DENTPLUS<\/div><div class=\"dash\"><h2><span class=\"headline\">UNSERE \u00c4RZTE<\/span><\/h2><\/div><\/header><div class=\"btClear btSeparator bottomSemiSpaced noBorder\" ><hr><\/div><\/div><\/div><\/div><\/div><\/div><\/div><\/div><\/section><section id=\"bt_section69ec025bbcf26\"  class=\"boldSection bottomSpaced btDarkSkin gutter inherit\" style=\"background-color:#f1f1f1;\"><div class=\"port\"><div class=\"boldCell\"><div class=\"boldCellInner\"><div class=\"boldRow  \" ><div class=\"boldRowInner\"><div class=\"rowItem col-md-4 col-ms-12 btTextLeft animate animate-fadein btTextIndent inherit\" style=\"background-color: rgba(241, 241, 241, 1);\" ><div class=\"rowItemContent\" style = \"background-color:#006d95;\"><div class=\"bpgPhoto btTextCenter\" > \r\n\t\t\t\t\t<a href=\"https:\/\/dentplus.com.tr\/V2\/de\/dr-deniz-noyun-3\/\" target=\"_self\" title=\"\"><\/a>\r\n\t\t\t\t\t<div class=\"boldPhotoBox\"><div class=\"bpbItem\"><div class = \"btImage\"><img decoding=\"async\" src=\"https:\/\/dentplus.com.tr\/V2\/wp-content\/uploads\/denzssss.png\" alt=\"\" title=\"\" ><\/div><\/div><\/div>\r\n\t\t\t\t\t<div class=\"captionPane\">\r\n\t\t\t\t\t\t<div class=\"captionTable\">\r\n\t\t\t\t\t\t\t<div class=\"captionCell\">\r\n\t\t\t\t\t\t\t\t<div class=\"captionTxt\"><\/div>\r\n\t\t\t\t\t\t\t<\/div>\r\n\t\t\t\t\t\t<\/div>\r\n\t\t\t\t\t<\/div><\/div><div class=\"btIconImageRow btIconsHalfHoverPosition\" ><span class=\"btIco btIcoFilledType btIcoMediumSize btIcoAccentColor   \" ><a href=\"https:\/\/dentplus.com.tr\/V2\/dr-deniz-noyun\/\"  target = \"no_target\" data-ico-cs=\"&#xe9bb;\" class=\"btIcoHolder\"><em><\/em><\/a><\/span><\/div><div class=\"btClear btSeparator topExtraSmallSpaced noBorder\" ><hr><\/div><header class=\"header btClear medium  btNormalDash\" style=\"margin-bottom: 0;\"><div class=\"btSuperTitle\">Spezialist f\u00fcr Zahnfleischerkrankungen<\/div><div class=\"dash\"><h3><span class=\"headline\">Dr. Deniz Noyun<\/span><\/h3><\/div><\/header><div class=\"btClear btSeparator topExtraSmallSpaced noBorder\" ><hr><\/div><div class=\"btText\" ><\/p>\n<p>Er wurde im Jahr 1975 in Adana geboren. Seine Grund-, Mittel- und Oberschulausbildung absolvierte er in Bursa. 1998 schloss er sein Studium an der zahnmedizinischen Fakult\u00e4t der Universit\u00e4t Istanbul ab, in die er 1993 eintrat.<\/p>\n<p>\n<\/div><div class=\"btClear btSeparator topSmallSpaced noBorder\" ><hr><\/div><div class=\"btIconImageRow btTextRight\" ><\/div><div class=\"btClear btSeparator topSmallSpaced noBorder\" ><hr><\/div><\/div><\/div><div class=\"rowItem col-md-4 col-ms-12 btTextLeft animate animate-fadein btTextIndent inherit\" style=\"background-color: rgba(241, 241, 241, 1);\" ><div class=\"rowItemContent\" style = \"background-color:#006d95;\"><div class=\"bpgPhoto btTextCenter\" > \r\n\t\t\t\t\t<a href=\"https:\/\/dentplus.com.tr\/V2\/dr-fuat-noyun-3\/\" target=\"_self\" title=\"\"><\/a>\r\n\t\t\t\t\t<div class=\"boldPhotoBox\"><div class=\"bpbItem\"><div class = \"btImage\"><img decoding=\"async\" src=\"https:\/\/dentplus.com.tr\/V2\/wp-content\/uploads\/doktorfuatz-1.png\" alt=\"\" title=\"\" ><\/div><\/div><\/div>\r\n\t\t\t\t\t<div class=\"captionPane\">\r\n\t\t\t\t\t\t<div class=\"captionTable\">\r\n\t\t\t\t\t\t\t<div class=\"captionCell\">\r\n\t\t\t\t\t\t\t\t<div class=\"captionTxt\"><\/div>\r\n\t\t\t\t\t\t\t<\/div>\r\n\t\t\t\t\t\t<\/div>\r\n\t\t\t\t\t<\/div><\/div><div class=\"btIconImageRow btIconsHalfHoverPosition\" ><span class=\"btIco btIcoFilledType btIcoMediumSize btIcoAccentColor   \" ><a href=\"http:\/\/localhost\/dentplus\/hakkimizda\/doktorlarimiz\/dr-fuat-noyan\/\"  target = \"no_target\" data-ico-cs=\"&#xe9bb;\" class=\"btIcoHolder\"><em><\/em><\/a><\/span><\/div><div class=\"btClear btSeparator topExtraSmallSpaced noBorder\" ><hr><\/div><header class=\"header btClear medium  btNormalDash\" style=\"margin-bottom: 0;\"><div class=\"btSuperTitle\">Spezialist f\u00fcr Prothesen<\/div><div class=\"dash\"><h3><span class=\"headline\">Dr. Fuat Noyun<\/span><\/h3><\/div><\/header><div class=\"btClear btSeparator topExtraSmallSpaced noBorder\" ><hr><\/div><div class=\"btText\" ><\/p>\n<p style=\"padding-bottom: 6%;\">Er wurde im Jahr 1971 in Adana geboren. Er absolvierte im Jahr 1989 die Tarsus American High School. Im Jahr 1995 schloss er sein Studium an der zahnmedizinischen Fakult\u00e4t der Universit\u00e4t Istanbul ab, in die er im ahr 1990 eintrat.<\/p>\n<p>\n<\/div><div class=\"btClear btSeparator topSmallSpaced noBorder\" ><hr><\/div><div class=\"btIconImageRow btTextRight\" ><\/div><div class=\"btClear btSeparator topSmallSpaced noBorder\" ><hr><\/div><\/div><\/div><div class=\"rowItem col-md-4 col-ms-12 btTextLeft animate animate-fadein btTextIndent inherit\" style=\"background-color: rgba(241, 241, 241, 1);\" ><div class=\"rowItemContent\" style = \"background-color:#0087aa;\"><div class=\"bpgPhoto btTextCenter\" > \r\n\t\t\t\t\t<a href=\"https:\/\/dentplus.com.tr\/V2\/de\/exp-dr-emir-yilmaz\/\" target=\"_self\" title=\"\"><\/a>\r\n\t\t\t\t\t<div class=\"boldPhotoBox\"><div class=\"bpbItem\"><div class = \"btImage\"><img decoding=\"async\" src=\"https:\/\/dentplus.com.tr\/V2\/wp-content\/uploads\/emiry\u0131l.jpg\" alt=\"\" title=\"\" ><\/div><\/div><\/div>\r\n\t\t\t\t\t<div class=\"captionPane\">\r\n\t\t\t\t\t\t<div class=\"captionTable\">\r\n\t\t\t\t\t\t\t<div class=\"captionCell\">\r\n\t\t\t\t\t\t\t\t<div class=\"captionTxt\"><\/div>\r\n\t\t\t\t\t\t\t<\/div>\r\n\t\t\t\t\t\t<\/div>\r\n\t\t\t\t\t<\/div><\/div><div class=\"btIconImageRow btIconsHalfHoverPosition\" ><span class=\"btIco btIcoFilledType btIcoMediumSize btIcoAccentColor   \" ><a href=\"http:\/\/localhost\/dentplus\/hakkimizda\/doktorlarimiz\/dr-emir-yilmaz\/\"  target = \"no_target\" data-ico-cs=\"&#xe9bc;\" class=\"btIcoHolder\"><em><\/em><\/a><\/span><\/div><div class=\"btClear btSeparator topExtraSmallSpaced noBorder\" ><hr><\/div><header class=\"header btClear medium  btNormalDash\" style=\"margin-bottom: 0;\"><div class=\"btSuperTitle\">Endodontist<\/div><div class=\"dash\"><h3><span class=\"headline\">Uzm. Dt. Emir Y\u0131lmaz<\/span><\/h3><\/div><\/header><div class=\"btClear btSeparator topExtraSmallSpaced noBorder\" ><hr><\/div><div class=\"btText\" ><\/p>\n<p>Ich wurde im Jahr 1985 in K\u0131r\u0131kkale geboren. Nach meinem Abschluss an der K\u0131r\u0131kkale Anatolian High School im Jahr 2003 begann ich 2006 meine Ausbildung an der Fakult\u00e4t f\u00fcr Zahnmedizin der Universit\u00e4t Ege.<\/p>\n<p>\n<\/div><div class=\"btClear btSeparator topSmallSpaced noBorder\" ><hr><\/div><div class=\"btIconImageRow btTextRight\" ><\/div><div class=\"btClear btSeparator topSmallSpaced noBorder\" ><hr><\/div><\/div><\/div><\/div><\/div><div class=\"boldRow  \" style=\"padding-top:5% !important;\"><div class=\"boldRowInner\"><div class=\"rowItem col-md-6 col-sm-12 btTextLeft animate animate-fadein btTextIndent inherit btDarkSkin\" style=\"background-color: rgba(224, 224, 224, 1);\" ><div class=\"rowItemContent\" style = \"background-color:#006d95;\"><\/div><\/div><div class=\"rowItem col-md-6 col-sm-12 btTextLeft animate animate-fadein btTextIndent inherit\" style=\"background-color: rgba(241, 241, 241, 1);\" ><div class=\"rowItemContent\" style = \"background-color:#006d95;\"><\/div><\/div><\/div><\/div><\/div><\/div><\/div><\/section><section id=\"klinklerimiz\"  class=\"boldSection topSemiSpaced bottomSemiSpaced btLightSkin gutter inherit\" ><div class=\"port\"><div class=\"boldCell\"><div class=\"boldCellInner\"><div class=\"boldRow  \" ><div class=\"boldRowInner\"><div class=\"rowItem col-md-12 col-ms-12  btTextLeft\"  ><div class=\"rowItemContent\" ><header class=\"header btClear small  btAccentDash\" ><div class=\"dash\"><h4><span class=\"headline\">BURSA GE\u00c7\u0130T DENTPLUS<\/span><\/h4><\/div><\/header><div class=\"bt_bb_slider bt_bb_height_auto\"><div class=\"slick-slider\"  data-slick='{ \"lazyLoad\": \"progressive\", \"cssEase\": \"ease-out\", \"speed\": \"300\", \"prevArrow\": \"&lt;button type=\\\"button\\\" class=\\\"slick-prev\\\"&gt;\", \"nextArrow\": \"&lt;button type=\\\"button\\\" class=\\\"slick-next\\\"&gt;\", \"adaptiveHeight\": true,\"autoplay\": true, \"autoplaySpeed\": 3000}' ><div class=\"bt_bb_slider_item\"><img decoding=\"async\" src=\"https:\/\/dentplus.com.tr\/V2\/wp-content\/uploads\/5-1.jpg\" alt=\"5\"  title=\"5\"><\/div><div class=\"bt_bb_slider_item\"><img decoding=\"async\" src=\"https:\/\/dentplus.com.tr\/V2\/wp-content\/uploads\/6-2.jpg\" alt=\"6\"  title=\"6\"><\/div><div class=\"bt_bb_slider_item\"><img decoding=\"async\" src=\"https:\/\/dentplus.com.tr\/V2\/wp-content\/uploads\/7-2.jpg\" alt=\"7\"  title=\"7\"><\/div><div class=\"bt_bb_slider_item\"><img decoding=\"async\" src=\"https:\/\/dentplus.com.tr\/V2\/wp-content\/uploads\/8-2.jpg\" alt=\"8\"  title=\"8\"><\/div><div class=\"bt_bb_slider_item\"><img decoding=\"async\" src=\"https:\/\/dentplus.com.tr\/V2\/wp-content\/uploads\/9-2.jpg\" alt=\"9\"  title=\"9\"><\/div><div class=\"bt_bb_slider_item\"><img decoding=\"async\" src=\"https:\/\/dentplus.com.tr\/V2\/wp-content\/uploads\/10-1.jpg\" alt=\"10\"  title=\"10\"><\/div><div class=\"bt_bb_slider_item\"><img decoding=\"async\" src=\"https:\/\/dentplus.com.tr\/V2\/wp-content\/uploads\/11-3.jpg\" alt=\"11\"  title=\"11\"><\/div><div class=\"bt_bb_slider_item\"><img decoding=\"async\" src=\"https:\/\/dentplus.com.tr\/V2\/wp-content\/uploads\/12-2.jpg\" alt=\"12\"  title=\"12\"><\/div><div class=\"bt_bb_slider_item\"><img decoding=\"async\" src=\"https:\/\/dentplus.com.tr\/V2\/wp-content\/uploads\/13-1.jpg\" alt=\"13\"  title=\"13\"><\/div><div class=\"bt_bb_slider_item\"><img decoding=\"async\" src=\"https:\/\/dentplus.com.tr\/V2\/wp-content\/uploads\/14-1.jpg\" alt=\"14\"  title=\"14\"><\/div><div class=\"bt_bb_slider_item\"><img decoding=\"async\" src=\"https:\/\/dentplus.com.tr\/V2\/wp-content\/uploads\/15-1.jpg\" alt=\"15\"  title=\"15\"><\/div><div class=\"bt_bb_slider_item\"><img decoding=\"async\" src=\"https:\/\/dentplus.com.tr\/V2\/wp-content\/uploads\/21-1.jpg\" alt=\"21\"  title=\"21\"><\/div><div class=\"bt_bb_slider_item\"><img decoding=\"async\" src=\"https:\/\/dentplus.com.tr\/V2\/wp-content\/uploads\/31-1.jpg\" alt=\"31\"  title=\"31\"><\/div><div class=\"bt_bb_slider_item\"><img decoding=\"async\" src=\"https:\/\/dentplus.com.tr\/V2\/wp-content\/uploads\/41-1.jpg\" alt=\"41\"  title=\"41\"><\/div><\/div><\/div><\/div><\/div><\/div><\/div><\/div><\/div><\/div><\/section><section id=\"bt_section69ec025bbef9d\"  class=\"boldSection topSemiSpaced bottomSemiSpaced btDarkSkin gutter inherit btAccentColorBackground\" ><div class=\"port\"><div class=\"boldCell\"><div class=\"boldCellInner\"><div class=\"boldRow  \" ><div class=\"boldRowInner\"><div class=\"rowItem col-md-8 col-ms-12 btTextLeft animate animate-fadein animate-moveup btMiddleVertical\"  ><div class=\"rowItemContent\" ><header class=\"header btClear medium  btAccentDash\" ><div class=\"dash\"><h3><span class=\"headline\">UM UNS ZU ERREICHEN UND TERMIN ZU VEREINBAREN, K\u00d6NNEN SIE UNS KONTAKTIEREN<\/span><\/h3><\/div><\/header><\/div><\/div><div class=\"rowItem col-md-4 col-ms-12 btTextRight animate animate-fadein animate-moveup btMiddleVertical\"  ><div class=\"rowItemContent\" ><a href=\"https:\/\/dentplus.com.tr\/V2\/de\/online-termin\/\" class=\"btBtn btBtn btnFilledStyle btnAlternateColor btnSmall btnNormalWidth btnRightPosition btnNoIcon\" ><span class=\"btnInnerText\">ONLINE-TERMIN<\/span><\/a><\/div><\/div><\/div><\/div><\/div><\/div><\/div><\/section><\/p>\n","protected":false},"excerpt":{"rendered":"","protected":false},"author":1,"featured_media":0,"parent":0,"menu_order":0,"comment_status":"closed","ping_status":"closed","template":"","meta":{"ngg_post_thumbnail":0,"footnotes":""},"class_list":["post-4814","page","type-page","status-publish","hentry"],"_links":{"self":[{"href":"https:\/\/dentplus.com.tr\/V2\/wp-json\/wp\/v2\/pages\/4814","targetHints":{"allow":["GET"]}}],"collection":[{"href":"https:\/\/dentplus.com.tr\/V2\/wp-json\/wp\/v2\/pages"}],"about":[{"href":"https:\/\/dentplus.com.tr\/V2\/wp-json\/wp\/v2\/types\/page"}],"author":[{"embeddable":true,"href":"https:\/\/dentplus.com.tr\/V2\/wp-json\/wp\/v2\/users\/1"}],"replies":[{"embeddable":true,"href":"https:\/\/dentplus.com.tr\/V2\/wp-json\/wp\/v2\/comments?post=4814"}],"version-history":[{"count":10,"href":"https:\/\/dentplus.com.tr\/V2\/wp-json\/wp\/v2\/pages\/4814\/revisions"}],"predecessor-version":[{"id":5191,"href":"https:\/\/dentplus.com.tr\/V2\/wp-json\/wp\/v2\/pages\/4814\/revisions\/5191"}],"wp:attachment":[{"href":"https:\/\/dentplus.com.tr\/V2\/wp-json\/wp\/v2\/media?parent=4814"}],"curies":[{"name":"wp","href":"https:\/\/api.w.org\/{rel}","templated":true}]}}