{"id":4369,"date":"2018-11-01T14:01:19","date_gmt":"2018-11-01T11:01:19","guid":{"rendered":"https:\/\/dentplus.com.tr\/V2\/?page_id=4369"},"modified":"2022-12-27T11:46:26","modified_gmt":"2022-12-27T08:46:26","slug":"activites","status":"publish","type":"page","link":"https:\/\/dentplus.com.tr\/V2\/en\/activites\/","title":{"rendered":"Activites"},"content":{"rendered":"<p><section id=\"bt_section69ec149ccc811\"  class=\"boldSection topSemiSpaced btDarkSkin gutter inherit wBackground cover btAccentColorBackground\" style=\"background-image:url('https:\/\/dentplus.com.tr\/V2\/wp-content\/uploads\/bllurred-background.jpg');\"><div class=\"port\"><div class=\"boldCell\"><div class=\"boldCellInner\"><div class=\"boldRow  \" ><div class=\"boldRowInner\"><div class=\"rowItem col-md-12 col-ms-12  btTextLeft\"  ><div class=\"rowItemContent\" ><div class=\"btClear btSeparator topSemiSpaced bottomExtraSpaced noBorder\" ><hr><\/div><header class=\"header btClear extralarge btDash topDash  btNormalDash\" ><div class=\"dash\"><h1><span class=\"headline\">ACTIVITES<\/span><\/h1><\/div><\/header><div class=\"btClear btSeparator topExtraSpaced bottomExtraSmallSpaced noBorder\" ><hr><\/div><\/div><\/div><\/div><\/div><\/div><\/div><\/div><\/section><section id=\"bt_section69ec149ccc9be\"  class=\"boldSection gutter\" ><div class=\"port\"><div class=\"boldCell\"><div class=\"boldCellInner\"><div class=\"boldRow  \" ><div class=\"boldRowInner\"><div class=\"rowItem col-md-12 col-ms-12  btTextLeft\"  ><div class=\"rowItemContent\" ><div class=\"btClear btSeparator topSemiSpaced noBorder\" ><hr><\/div><div class=\"btText\" ><\/p>\n<h2 style=\"text-align: center;\"><strong><span style=\"color: #00ccff;\">Yeni y\u0131l&nbsp;partimiz, 2018..<\/span><\/strong><\/h2>\n<div class=\"boldPhotoSlide\">\n<div class=\"bpbItem\"><img decoding=\"async\" src=\"https:\/\/dentplus.com.tr\/V2\/wp-content\/uploads\/2018-3-1-1-1200x1600.jpeg\" alt=\"2018-3 (1)\"><\/div>\n<div class=\"bpbItem\"><img decoding=\"async\" src=\"https:\/\/dentplus.com.tr\/V2\/wp-content\/uploads\/2018-3-1-1200x1600.jpeg\" alt=\"2018-3\"><\/div>\n<div class=\"bpbItem\"><img decoding=\"async\" src=\"https:\/\/dentplus.com.tr\/V2\/wp-content\/uploads\/2018-2-1-1200x900.jpeg\" alt=\"2018-2\"><\/div>\n<div class=\"bpbItem\"><img decoding=\"async\" src=\"https:\/\/dentplus.com.tr\/V2\/wp-content\/uploads\/2018-1-1-1200x900.jpeg\" alt=\"2018-1\"><\/div>\n<\/div>\n<h2>&nbsp;<\/h2>\n<h2 style=\"text-align: center;\"><strong><span style=\"color: #00ccff;\">Yeni y\u0131l&nbsp;partimiz, 2017`ye girerken&#8230;<\/span><\/strong><\/h2>\n<div class=\"boldPhotoSlide\">\n<div class=\"bpbItem\"><img decoding=\"async\" src=\"https:\/\/dentplus.com.tr\/V2\/wp-content\/uploads\/deniz_noyun_2017-13-1-1200x900.jpg\" alt=\"deniz_noyun_2017-13\"><\/div>\n<div class=\"bpbItem\"><img decoding=\"async\" src=\"https:\/\/dentplus.com.tr\/V2\/wp-content\/uploads\/deniz_noyun_2017-12-1.jpg\" alt=\"deniz_noyun_2017-12\"><\/div>\n<div class=\"bpbItem\"><img decoding=\"async\" src=\"https:\/\/dentplus.com.tr\/V2\/wp-content\/uploads\/deniz_noyun_2017-11-1-1200x900.jpg\" alt=\"deniz_noyun_2017-11\"><\/div>\n<\/div>\n<h2>&nbsp;<\/h2>\n<h2 style=\"text-align: center;\"><strong><span style=\"color: #00ccff;\">1st European Meeting On,<\/span><\/strong><\/h2>\n<div class=\"boldPhotoSlide\">\n<div class=\"bpbItem\"><img decoding=\"async\" src=\"https:\/\/dentplus.com.tr\/V2\/wp-content\/uploads\/3-1.jpg\" alt=\"3\"><\/div>\n<div class=\"bpbItem\"><img decoding=\"async\" src=\"https:\/\/dentplus.com.tr\/V2\/wp-content\/uploads\/2-2.jpg\" alt=\"2\"><\/div>\n<div class=\"bpbItem\"><img decoding=\"async\" src=\"https:\/\/dentplus.com.tr\/V2\/wp-content\/uploads\/1-1-1200x900.jpg\" alt=\"1\"><\/div>\n<\/div>\n<h2>&nbsp;<\/h2>\n<h2 style=\"text-align: center;\"><strong><span style=\"color: #00ccff;\">Enhanced &nbsp;Natural Healing &nbsp;in Dentistry. &nbsp;October 14 &#8211; 16th, 2016 &#8211; Leuven, Belgium<\/span><\/strong><\/h2>\n<div class=\"boldPhotoSlide\">\n<div class=\"bpbItem\"><img decoding=\"async\" src=\"https:\/\/dentplus.com.tr\/V2\/wp-content\/uploads\/3-2.jpg\" alt=\"3\"><\/div>\n<div class=\"bpbItem\"><img decoding=\"async\" src=\"https:\/\/dentplus.com.tr\/V2\/wp-content\/uploads\/4-1.jpg\" alt=\"4\"><\/div>\n<div class=\"bpbItem\"><img decoding=\"async\" src=\"https:\/\/dentplus.com.tr\/V2\/wp-content\/uploads\/5-2.jpg\" alt=\"5\"><\/div>\n<div class=\"bpbItem\"><img decoding=\"async\" src=\"https:\/\/dentplus.com.tr\/V2\/wp-content\/uploads\/6-3.jpg\" alt=\"6\"><\/div>\n<div class=\"bpbItem\"><img decoding=\"async\" src=\"https:\/\/dentplus.com.tr\/V2\/wp-content\/uploads\/7-3.jpg\" alt=\"7\"><\/div>\n<div class=\"bpbItem\"><img decoding=\"async\" src=\"https:\/\/dentplus.com.tr\/V2\/wp-content\/uploads\/1-2.jpg\" alt=\"1\"><\/div>\n<div class=\"bpbItem\"><img decoding=\"async\" src=\"https:\/\/dentplus.com.tr\/V2\/wp-content\/uploads\/2-3.jpg\" alt=\"2\"><\/div>\n<\/div>\n<h2>&nbsp;<\/h2>\n<h2 style=\"text-align: center;\"><strong><span style=\"color: #00ccff;\">Ho\u015fgeldin 2016&#8230;<\/span><\/strong><\/h2>\n<p style=\"text-align: justify;\">\u0130yisiyle k\u00f6t\u00fcs\u00fcyle geri b\u0131rakt\u0131\u011f\u0131m\u0131z 2015 senesini Arap \u015e\u00fckr\u00fc Soka\u011f\u0131nda Deniz Taba\u011f\u0131 Restaurant\u2019ta&nbsp; ekibimiz, ailelerimiz&nbsp; ve \u00e7\u00f6z\u00fcm ortaklar\u0131m\u0131z ile u\u011furlad\u0131k. Ve co\u015fkulu bir \u015fekilde 2016\u2019ya merhaba dedik. Yeni y\u0131l pastam\u0131z\u0131 keserken, birbirimize ald\u0131\u011f\u0131m\u0131z hediyeler de sahiplerini buldu.<\/p>\n<h2>&nbsp;<\/h2>\n<h2 style=\"text-align: center;\"><strong><span style=\"color: #00ccff;\">Yeni y\u0131l etkinli\u011fimizden kareler&#8230;<\/span><\/strong><\/h2>\n<p style=\"text-align: justify;\">Dentplus A\u011f\u0131z Ve Di\u015f Sa\u011fl\u0131\u011f\u0131 Poliklini\u011fi olarak sosyal etkinliklere ve sosyal sorumluluk projelerine \u00f6nem vermekteyiz. Bununla birlikte; do\u011fru bilgi payla\u015f\u0131m\u0131 ile her bireyin daha sa\u011fl\u0131kl\u0131 ve dolay\u0131s\u0131yla daha kaliteli bir ya\u015fama kavu\u015fmas\u0131n\u0131 ama\u00e7 edindik. Hastalar\u0131m\u0131z\u0131n sa\u011fl\u0131klar\u0131na kavu\u015fturma mutlulu\u011fu, personelimizin motivasyonu ve edinilmi\u015f bilgiyi aktarmak misyonlar\u0131m\u0131z aras\u0131nda yer almaktad\u0131r.<\/p>\n<p style=\"text-align: justify;\">Bu kapsamda Mavi Balon At\u00f6lyesi i\u015f birli\u011fi ile okullar\u0131m\u0131zda a\u011f\u0131z di\u015f sa\u011fl\u0131\u011f\u0131n\u0131n \u00f6nemini anlatan e\u011fitici bir tiyatro oyunu ve interaktif bilgilendirme e\u011fitimi kapsam\u0131nda bir \u00e7ok okula ula\u015ft\u0131k.<\/p>\n<h2>&nbsp;<\/h2>\n<h2 style=\"text-align: center;\"><strong><span style=\"color: #00ccff;\">Ataevler Emine \u00d6rnek Anaokulu \/ Emine \u00d6rnek Koleji<\/span><\/strong><\/h2>\n<div class=\"boldPhotoSlide\">\n<div class=\"bpbItem\"><img decoding=\"async\" src=\"https:\/\/dentplus.com.tr\/V2\/wp-content\/uploads\/6-4.jpg\" alt=\"6\"><\/div>\n<div class=\"bpbItem\"><img decoding=\"async\" src=\"https:\/\/dentplus.com.tr\/V2\/wp-content\/uploads\/7-4.jpg\" alt=\"7\"><\/div>\n<div class=\"bpbItem\"><img decoding=\"async\" src=\"https:\/\/dentplus.com.tr\/V2\/wp-content\/uploads\/1-3.jpg\" alt=\"1\"><\/div>\n<div class=\"bpbItem\"><img decoding=\"async\" src=\"https:\/\/dentplus.com.tr\/V2\/wp-content\/uploads\/2-4.jpg\" alt=\"2\"><\/div>\n<div class=\"bpbItem\"><img decoding=\"async\" src=\"https:\/\/dentplus.com.tr\/V2\/wp-content\/uploads\/3-3.jpg\" alt=\"3\"><\/div>\n<div class=\"bpbItem\"><img decoding=\"async\" src=\"https:\/\/dentplus.com.tr\/V2\/wp-content\/uploads\/4-2.jpg\" alt=\"4\"><\/div>\n<div class=\"bpbItem\"><img decoding=\"async\" src=\"https:\/\/dentplus.com.tr\/V2\/wp-content\/uploads\/5-3.jpg\" alt=\"5\"><\/div>\n<\/div>\n<h2>&nbsp;<\/h2>\n<h2 style=\"text-align: center;\"><strong><span style=\"color: #00ccff;\">\u00d6zel \u00c7ak\u0131r E\u011fitim Kurumlar\u0131<\/span><\/strong><\/h2>\n<div class=\"boldPhotoSlide\">\n<div class=\"bpbItem\"><img decoding=\"async\" src=\"https:\/\/dentplus.com.tr\/V2\/wp-content\/uploads\/8-3.jpg\" alt=\"8\"><\/div>\n<div class=\"bpbItem\"><img decoding=\"async\" src=\"https:\/\/dentplus.com.tr\/V2\/wp-content\/uploads\/7-5.jpg\" alt=\"7\"><\/div>\n<div class=\"bpbItem\"><img decoding=\"async\" src=\"https:\/\/dentplus.com.tr\/V2\/wp-content\/uploads\/6-5.jpg\" alt=\"6\"><\/div>\n<div class=\"bpbItem\"><img decoding=\"async\" src=\"https:\/\/dentplus.com.tr\/V2\/wp-content\/uploads\/5-4.jpg\" alt=\"5\"><\/div>\n<div class=\"bpbItem\"><img decoding=\"async\" src=\"https:\/\/dentplus.com.tr\/V2\/wp-content\/uploads\/4-3.jpg\" alt=\"4\"><\/div>\n<div class=\"bpbItem\"><img decoding=\"async\" src=\"https:\/\/dentplus.com.tr\/V2\/wp-content\/uploads\/3-4.jpg\" alt=\"3\"><\/div>\n<div class=\"bpbItem\"><img decoding=\"async\" src=\"https:\/\/dentplus.com.tr\/V2\/wp-content\/uploads\/2-5.jpg\" alt=\"2\"><\/div>\n<div class=\"bpbItem\"><img decoding=\"async\" src=\"https:\/\/dentplus.com.tr\/V2\/wp-content\/uploads\/1-4.jpg\" alt=\"1\"><\/div>\n<\/div>\n<h2>&nbsp;<\/h2>\n<h2 style=\"text-align: center;\"><strong><span style=\"color: #00ccff;\">\u00d6zel Tan Okullar\u0131<\/span><\/strong><\/h2>\n<div class=\"boldPhotoSlide\">\n<div class=\"bpbItem\"><img decoding=\"async\" src=\"https:\/\/dentplus.com.tr\/V2\/wp-content\/uploads\/3-5.jpg\" alt=\"3\"><\/div>\n<div class=\"bpbItem\"><img decoding=\"async\" src=\"https:\/\/dentplus.com.tr\/V2\/wp-content\/uploads\/2-6.jpg\" alt=\"2\"><\/div>\n<div class=\"bpbItem\"><img decoding=\"async\" src=\"https:\/\/dentplus.com.tr\/V2\/wp-content\/uploads\/1-5.jpg\" alt=\"1\"><\/div>\n<\/div>\n<h2>&nbsp;<\/h2>\n<h2 style=\"text-align: center;\"><strong><span style=\"color: #00ccff;\">Alara \u0130lk\u00f6\u011fretim Okulu Ana S\u0131n\u0131f\u0131 E\u011fitimi&#8230;<\/span><\/strong><\/h2>\n<div class=\"boldPhotoSlide\">\n<div class=\"bpbItem\"><img decoding=\"async\" src=\"https:\/\/dentplus.com.tr\/V2\/wp-content\/uploads\/1-6.jpg\" alt=\"1\"><\/div>\n<div class=\"bpbItem\"><img decoding=\"async\" src=\"https:\/\/dentplus.com.tr\/V2\/wp-content\/uploads\/2-7.jpg\" alt=\"2\"><\/div>\n<div class=\"bpbItem\"><img decoding=\"async\" src=\"https:\/\/dentplus.com.tr\/V2\/wp-content\/uploads\/3-6.jpg\" alt=\"3\"><\/div>\n<div class=\"bpbItem\"><img decoding=\"async\" src=\"https:\/\/dentplus.com.tr\/V2\/wp-content\/uploads\/4-4.jpg\" alt=\"4\"><\/div>\n<\/div>\n<p style=\"text-align: justify;\">Alara \u0130lk\u00f6\u011fretim okulu ana s\u0131n\u0131f\u0131 \u00f6\u011frencilerine, Nil\u00fcfer Lions i\u015fbirli\u011finde a\u011f\u0131z ce di\u015f sa\u011fl\u0131\u011f\u0131 e\u011fitimi tamamland\u0131.<\/p>\n<h2>&nbsp;<\/h2>\n<h2 style=\"text-align: center;\"><strong><span style=\"color: #00ccff;\">Bursa Kanserle Sava\u015f Derne\u011finin d\u00fczenlemi\u015f oldu\u011fu Panel de, Dr. Deniz Noyun &#8220;Kanser Hastalar\u0131nda A\u011f\u0131z ve Di\u015f Bak\u0131m\u0131n\u0131n \u00d6nemi&#8221; ba\u015fl\u0131kl\u0131 sunumu ile yer ald\u0131.<\/span><\/strong><\/h2>\n<div class=\"boldPhotoSlide\">\n<div class=\"bpbItem\"><img decoding=\"async\" src=\"https:\/\/dentplus.com.tr\/V2\/wp-content\/uploads\/7-6.jpg\" alt=\"7\"><\/div>\n<div class=\"bpbItem\"><img decoding=\"async\" src=\"https:\/\/dentplus.com.tr\/V2\/wp-content\/uploads\/6-6.jpg\" alt=\"6\"><\/div>\n<div class=\"bpbItem\"><img decoding=\"async\" src=\"https:\/\/dentplus.com.tr\/V2\/wp-content\/uploads\/5-5.jpg\" alt=\"5\"><\/div>\n<div class=\"bpbItem\"><img decoding=\"async\" src=\"https:\/\/dentplus.com.tr\/V2\/wp-content\/uploads\/4-5.jpg\" alt=\"4\"><\/div>\n<div class=\"bpbItem\"><img decoding=\"async\" src=\"https:\/\/dentplus.com.tr\/V2\/wp-content\/uploads\/3-7.jpg\" alt=\"3\"><\/div>\n<div class=\"bpbItem\"><img decoding=\"async\" src=\"https:\/\/dentplus.com.tr\/V2\/wp-content\/uploads\/2-8.jpg\" alt=\"2\"><\/div>\n<div class=\"bpbItem\"><img decoding=\"async\" src=\"https:\/\/dentplus.com.tr\/V2\/wp-content\/uploads\/1-7.jpg\" alt=\"1\"><\/div>\n<\/div>\n<p>&nbsp;<\/p>\n<p>&nbsp;<\/p>\n<p>\n<\/div><\/div><\/div><\/div><\/div><\/div><\/div><\/div><\/section><\/p>\n","protected":false},"excerpt":{"rendered":"","protected":false},"author":1,"featured_media":0,"parent":0,"menu_order":0,"comment_status":"closed","ping_status":"closed","template":"","meta":{"ngg_post_thumbnail":0,"footnotes":""},"class_list":["post-4369","page","type-page","status-publish","hentry"],"_links":{"self":[{"href":"https:\/\/dentplus.com.tr\/V2\/wp-json\/wp\/v2\/pages\/4369","targetHints":{"allow":["GET"]}}],"collection":[{"href":"https:\/\/dentplus.com.tr\/V2\/wp-json\/wp\/v2\/pages"}],"about":[{"href":"https:\/\/dentplus.com.tr\/V2\/wp-json\/wp\/v2\/types\/page"}],"author":[{"embeddable":true,"href":"https:\/\/dentplus.com.tr\/V2\/wp-json\/wp\/v2\/users\/1"}],"replies":[{"embeddable":true,"href":"https:\/\/dentplus.com.tr\/V2\/wp-json\/wp\/v2\/comments?post=4369"}],"version-history":[{"count":4,"href":"https:\/\/dentplus.com.tr\/V2\/wp-json\/wp\/v2\/pages\/4369\/revisions"}],"predecessor-version":[{"id":4952,"href":"https:\/\/dentplus.com.tr\/V2\/wp-json\/wp\/v2\/pages\/4369\/revisions\/4952"}],"wp:attachment":[{"href":"https:\/\/dentplus.com.tr\/V2\/wp-json\/wp\/v2\/media?parent=4369"}],"curies":[{"name":"wp","href":"https:\/\/api.w.org\/{rel}","templated":true}]}}