{"id":4134,"date":"2018-10-30T10:19:24","date_gmt":"2018-10-30T07:19:24","guid":{"rendered":"https:\/\/dentplus.com.tr\/V2\/?page_id=4134"},"modified":"2021-03-06T18:48:54","modified_gmt":"2021-03-06T15:48:54","slug":"dr-emir-yilmaz-2","status":"publish","type":"page","link":"https:\/\/dentplus.com.tr\/V2\/en\/dr-emir-yilmaz-2\/","title":{"rendered":"Uzm. Dt. Emir Y\u0131lmaz"},"content":{"rendered":"<p><section id=\"bt_section69ec2d4c8f30f\"  class=\"boldSection topSemiSpaced btDarkSkin gutter inherit wBackground cover btAccentColorBackground\" style=\"background-image:url('https:\/\/dentplus.com.tr\/V2\/wp-content\/uploads\/bllurred-background.jpg');padding-top: 150px !important;\"><div class=\"port\"><div class=\"boldCell\"><div class=\"boldCellInner\"><div class=\"boldRow  \" ><div class=\"boldRowInner\"><div class=\"rowItem col-md-4 col-ms-12 btTextLeft animate animate-fadein animate-moveright btBottomVertical btNoPadding\"  ><div class=\"rowItemContent\" ><div class=\"bpgPhoto btTextCenter\" ><div class=\"btImage\"><img decoding=\"async\" src=\"https:\/\/dentplus.com.tr\/V2\/wp-content\/uploads\/EM\u0130RPMG.png\" alt=\"\" title=\"\"><\/div><\/div><\/div><\/div><div class=\"rowItem col-md-8 col-ms-12 btTextLeft animate animate-fadein animate-moveleft inherit btDoublePadding\" style=\"padding-top:50px !important;\" ><div class=\"rowItemContent\" ><div class=\"btClear btSeparator topExtraSpaced bottomSmallSpaced noBorder\" ><hr><\/div><header class=\"header btClear extralarge btDash topDash  btNormalDash\" ><div class=\"btSuperTitle\">Endodontist<\/div><div class=\"dash\"><h1><span class=\"headline\">Uzm. Dt. Emir Y\u0131lmaz<\/span><\/h1><\/div><\/header><div class=\"btClear btSeparator topExtraSmallSpaced noBorder\" ><hr><\/div><\/div><\/div><\/div><\/div><\/div><\/div><\/div><\/section><section id=\"bt_section69ec2d4c8f806\"  class=\"boldSection gutter inherit\" style=\"margin-top: -6px;\"><div class=\"port\"><div class=\"boldCell\"><div class=\"boldCellInner\"><div class=\"boldRow  \" ><div class=\"boldRowInner\"><div class=\"rowItem col-md-3 col-sm-6 col-ms-12 btTextLeft inherit\" style=\"background-color: rgba(0, 179, 204, 1);\" ><div class=\"rowItemContent\" ><div class=\"btClear btSeparator topExtraSmallSpaced noBorder\" ><hr><\/div><\/div><\/div><div class=\"rowItem col-md-3 col-sm-6 col-ms-12 btTextLeft inherit\" style=\"background-color: rgba(0, 161, 190, 1);\" ><div class=\"rowItemContent\" ><div class=\"btClear btSeparator topExtraSmallSpaced noBorder\" ><hr><\/div><\/div><\/div><div class=\"rowItem col-md-3 col-sm-6 col-ms-12 btTextLeft inherit\" style=\"background-color: rgba(0, 135, 170, 1);\" ><div class=\"rowItemContent\" ><div class=\"btClear btSeparator topExtraSmallSpaced noBorder\" ><hr><\/div><\/div><\/div><div class=\"rowItem col-md-3 col-sm-6 col-ms-12 btTextLeft inherit\" style=\"background-color: rgba(0, 109, 149, 1);\" ><div class=\"rowItemContent\" ><div class=\"btClear btSeparator topExtraSmallSpaced noBorder\" ><hr><\/div><\/div><\/div><\/div><\/div><\/div><\/div><\/div><\/section><section id=\"bt_section69ec2d4c8f9ec\"  class=\"boldSection topSemiSpaced bottomSpaced gutter inherit\" style=\"background-color:#f1f1f1;\"><div class=\"port\"><div class=\"boldCell\"><div class=\"boldCellInner\"><div class=\"boldRow  \" ><div class=\"boldRowInner\"><div class=\"rowItem col-md-12 col-ms-12  btTextLeft animate animate-fadein inherit btDoublePadding\"  ><div class=\"rowItemContent\" ><div class=\"boldRow boldInnerRow  \" ><div class=\"rowItem rowInnerItem col-md-12  btTextLeft\"  ><div class=\"rowItemContent\"><div class=\"btText\" ><\/p>\n<div class=\"sixteen columns\">\n<p style=\"text-align: justify;\">I was born in 1985 in K\u0131r\u0131kkale. After graduating from K\u0131r\u0131kkale Anatolian High School in 2003, she started to my education in Ege University Faculty of Dentistry in 2006. After serving as a general practitioner in the private sector between 2011-2012. In 2017, I completed my specialization training at the S\u00fcleyman Demirel University Faculty of Dentistry, Department of Endodontics. I am still serving in the fields of D-Plus Health Care Clinic endodontics.<\/p>\n<p>Contributions<\/p>\n<ul>\n<li>T\u00fcrk Endodonti Derne\u011fi 6. Bilimsel Sempozyumu \u2013 2015&nbsp; &nbsp;\u2013&nbsp; 17th Biennial ESE Congress \u2013 Barcelona, Spain<\/li>\n<li>18th Biennial ESE Congress \u2013 Brussels, Belgium<\/li>\n<\/ul>\n<p>&nbsp;<\/p>\n<div class=\"eight columns alpha\"><iframe loading=\"lazy\" src=\"https:\/\/www.youtube.com\/embed\/mFPapvLUBXY?rel=0\" width=\"390\" height=\"220\" frameborder=\"0\" allowfullscreen=\"allowfullscreen\" data-mce-fragment=\"1\"><\/iframe><\/div>\n<div class=\"eight columns alpha\"><iframe loading=\"lazy\" src=\"https:\/\/www.youtube.com\/embed\/4StvOPcHFCI?rel=0\" width=\"390\" height=\"220\" frameborder=\"0\" allowfullscreen=\"allowfullscreen\" data-mce-fragment=\"1\"><\/iframe><\/div>\n<p>&nbsp;<br \/>\n&nbsp;<\/p>\n<div class=\"eight columns alpha\"><iframe loading=\"lazy\" src=\"https:\/\/www.youtube.com\/embed\/TdbTJF1_xZs?rel=0\" width=\"390\" height=\"220\" frameborder=\"0\" allowfullscreen=\"allowfullscreen\" data-mce-fragment=\"1\"><\/iframe><\/div>\n<div class=\"eight columns alpha\"><iframe loading=\"lazy\" src=\"https:\/\/www.youtube.com\/embed\/XSbQ5A3lFeg?rel=0\" width=\"390\" height=\"220\" frameborder=\"0\" allowfullscreen=\"allowfullscreen\" data-mce-fragment=\"1\"><\/iframe><\/div>\n<p>&nbsp;<br \/>\n&nbsp;<\/p>\n<p>&nbsp;<\/p>\n<div class=\"sixteen columns alpha omega\"><iframe loading=\"lazy\" src=\"https:\/\/www.youtube.com\/embed\/1jabI1zewD8?rel=0\" width=\"390\" height=\"220\" frameborder=\"0\" allowfullscreen=\"allowfullscreen\" data-mce-fragment=\"1\"><\/iframe><\/div>\n<p>&nbsp;<\/p>\n<\/div>\n<p>\n<\/div><\/div><\/div><\/div><div class=\"btClear btSeparator topSmallSpaced bottomSmallSpaced border\" ><hr><\/div><\/div><\/div><\/div><\/div><\/div><\/div><\/div><\/section><\/p>\n","protected":false},"excerpt":{"rendered":"","protected":false},"author":1,"featured_media":0,"parent":0,"menu_order":0,"comment_status":"closed","ping_status":"closed","template":"","meta":{"ngg_post_thumbnail":0,"footnotes":""},"class_list":["post-4134","page","type-page","status-publish","hentry"],"_links":{"self":[{"href":"https:\/\/dentplus.com.tr\/V2\/wp-json\/wp\/v2\/pages\/4134","targetHints":{"allow":["GET"]}}],"collection":[{"href":"https:\/\/dentplus.com.tr\/V2\/wp-json\/wp\/v2\/pages"}],"about":[{"href":"https:\/\/dentplus.com.tr\/V2\/wp-json\/wp\/v2\/types\/page"}],"author":[{"embeddable":true,"href":"https:\/\/dentplus.com.tr\/V2\/wp-json\/wp\/v2\/users\/1"}],"replies":[{"embeddable":true,"href":"https:\/\/dentplus.com.tr\/V2\/wp-json\/wp\/v2\/comments?post=4134"}],"version-history":[{"count":5,"href":"https:\/\/dentplus.com.tr\/V2\/wp-json\/wp\/v2\/pages\/4134\/revisions"}],"predecessor-version":[{"id":4725,"href":"https:\/\/dentplus.com.tr\/V2\/wp-json\/wp\/v2\/pages\/4134\/revisions\/4725"}],"wp:attachment":[{"href":"https:\/\/dentplus.com.tr\/V2\/wp-json\/wp\/v2\/media?parent=4134"}],"curies":[{"name":"wp","href":"https:\/\/api.w.org\/{rel}","templated":true}]}}