{"id":3774,"date":"2017-10-12T23:15:58","date_gmt":"2017-10-12T20:15:58","guid":{"rendered":"https:\/\/dentplus.com.tr\/V2\/?page_id=3774"},"modified":"2021-03-06T18:48:47","modified_gmt":"2021-03-06T15:48:47","slug":"dr-emir-yilmaz","status":"publish","type":"page","link":"https:\/\/dentplus.com.tr\/V2\/dr-emir-yilmaz\/","title":{"rendered":"Uzm. Dt. Emir Y\u0131lmaz"},"content":{"rendered":"<p><section id=\"bt_section69ec9e148b102\"  class=\"boldSection topSemiSpaced btDarkSkin gutter inherit wBackground cover btAccentColorBackground\" style=\"background-image:url('https:\/\/dentplus.com.tr\/V2\/wp-content\/uploads\/bllurred-background.jpg');padding-top: 150px !important;\"><div class=\"port\"><div class=\"boldCell\"><div class=\"boldCellInner\"><div class=\"boldRow  \" ><div class=\"boldRowInner\"><div class=\"rowItem col-md-4 col-ms-12 btTextLeft animate animate-fadein animate-moveright btBottomVertical btNoPadding\"  ><div class=\"rowItemContent\" ><div class=\"bpgPhoto btTextCenter\" ><div class=\"btImage\"><img decoding=\"async\" src=\"https:\/\/dentplus.com.tr\/V2\/wp-content\/uploads\/EM\u0130RPMG.png\" alt=\"\" title=\"\"><\/div><\/div><\/div><\/div><div class=\"rowItem col-md-8 col-ms-12 btTextLeft animate animate-fadein animate-moveleft inherit btDoublePadding\" style=\"padding-top:50px !important;\" ><div class=\"rowItemContent\" ><div class=\"btClear btSeparator topExtraSpaced bottomSmallSpaced noBorder\" ><hr><\/div><header class=\"header btClear extralarge btDash topDash  btNormalDash\" ><div class=\"btSuperTitle\">Endodontist<\/div><div class=\"dash\"><h1><span class=\"headline\">Uzm. Dt. Emir Y\u0131lmaz<\/span><\/h1><\/div><\/header><div class=\"btClear btSeparator topExtraSmallSpaced noBorder\" ><hr><\/div><\/div><\/div><\/div><\/div><\/div><\/div><\/div><\/section><section id=\"bt_section69ec9e148b615\"  class=\"boldSection gutter inherit\" style=\"margin-top: -6px;\"><div class=\"port\"><div class=\"boldCell\"><div class=\"boldCellInner\"><div class=\"boldRow  \" ><div class=\"boldRowInner\"><div class=\"rowItem col-md-3 col-sm-6 col-ms-12 btTextLeft inherit\" style=\"background-color: rgba(0, 179, 204, 1);\" ><div class=\"rowItemContent\" ><div class=\"btClear btSeparator topExtraSmallSpaced noBorder\" ><hr><\/div><\/div><\/div><div class=\"rowItem col-md-3 col-sm-6 col-ms-12 btTextLeft inherit\" style=\"background-color: rgba(0, 161, 190, 1);\" ><div class=\"rowItemContent\" ><div class=\"btClear btSeparator topExtraSmallSpaced noBorder\" ><hr><\/div><\/div><\/div><div class=\"rowItem col-md-3 col-sm-6 col-ms-12 btTextLeft inherit\" style=\"background-color: rgba(0, 135, 170, 1);\" ><div class=\"rowItemContent\" ><div class=\"btClear btSeparator topExtraSmallSpaced noBorder\" ><hr><\/div><\/div><\/div><div class=\"rowItem col-md-3 col-sm-6 col-ms-12 btTextLeft inherit\" style=\"background-color: rgba(0, 109, 149, 1);\" ><div class=\"rowItemContent\" ><div class=\"btClear btSeparator topExtraSmallSpaced noBorder\" ><hr><\/div><\/div><\/div><\/div><\/div><\/div><\/div><\/div><\/section><section id=\"bt_section69ec9e148b8ba\"  class=\"boldSection topSemiSpaced bottomSpaced gutter inherit\" style=\"background-color:#f1f1f1;\"><div class=\"port\"><div class=\"boldCell\"><div class=\"boldCellInner\"><div class=\"boldRow  \" ><div class=\"boldRowInner\"><div class=\"rowItem col-md-12 col-ms-12  btTextLeft animate animate-fadein inherit btDoublePadding\"  ><div class=\"rowItemContent\" ><div class=\"boldRow boldInnerRow  \" ><div class=\"rowItem rowInnerItem col-md-12  btTextLeft\"  ><div class=\"rowItemContent\"><div class=\"btText\" ><\/p>\n<div class=\"sixteen columns\">\n<p style=\"text-align: justify;\">1985 y\u0131l\u0131nda K\u0131r\u0131kkale\u2019de d\u00fcnyaya geldim. 2003 y\u0131l\u0131nda K\u0131r\u0131kkale Anadolu Lisesi\u2019nden&nbsp; mezun olduktan sonra 2006 y\u0131l\u0131nda Ege \u00dcniversitesi Di\u015f Hekimli\u011fi Fak\u00fcltesi\u2019nde e\u011fitimime ba\u015flad\u0131m. 2011-2012 y\u0131llar\u0131 aras\u0131nda \u00f6zel sekt\u00f6rde pratisyen hekim olarak hizmet ettikten sonra. 2013\u2019te S\u00fcleyman Demirel \u00dcniversitesi Di\u015f Hekimli\u011fi Fak\u00fcltesi Endodonti Anabilim Dal\u0131\u2019nda ba\u015flad\u0131\u011f\u0131m uzmanl\u0131k e\u011fitimimi 2017 y\u0131l\u0131nda tamamlad\u0131m. Hala D-Art\u0131 Sa\u011fl\u0131k Hizmetleri klini\u011finde endodonti alan\u0131nda hizmet vermekteyim.<\/p>\n<p>Kat\u0131l\u0131mlar<\/p>\n<ul>\n<li>T\u00fcrk Endodonti Derne\u011fi 6. Uluslararas\u0131 Endodonti Sempozyumu, Erzurum, 2015<\/li>\n<li>17th Biennial ESE Congress, Barcelona, 2015<\/li>\n<li>18th Biennial ESE Congress, Brussels, 2017<\/li>\n<li>TDB 28. Uluda\u011f Sempozyumu, Bursa, 2019<\/li>\n<li>20th Scientific Congress of APEC &amp; 14th International Congress of Turkish Endodontic Society, \u0130stanbul, 2019<\/li>\n<li>Estonian Endodontic Society&#8217;s Spring Meeting, Tallinn, 2019<\/li>\n<li>25. Uluslararas\u0131 Di\u015f Hekimli\u011fi Kongresi, \u0130stanbul, 2019<\/li>\n<\/ul>\n<p>&nbsp;<\/p>\n<div class=\"eight columns alpha\"><iframe loading=\"lazy\" src=\"https:\/\/www.youtube.com\/embed\/mFPapvLUBXY?rel=0\" width=\"390\" height=\"220\" frameborder=\"0\" allowfullscreen=\"allowfullscreen\" data-mce-fragment=\"1\"><\/iframe><\/div>\n<div class=\"eight columns alpha\"><iframe loading=\"lazy\" src=\"https:\/\/www.youtube.com\/embed\/4StvOPcHFCI?rel=0\" width=\"390\" height=\"220\" frameborder=\"0\" allowfullscreen=\"allowfullscreen\" data-mce-fragment=\"1\"><\/iframe><\/div>\n<p>&nbsp;<br \/>\n&nbsp;<\/p>\n<div class=\"eight columns alpha\"><iframe loading=\"lazy\" src=\"https:\/\/www.youtube.com\/embed\/TdbTJF1_xZs?rel=0\" width=\"390\" height=\"220\" frameborder=\"0\" allowfullscreen=\"allowfullscreen\" data-mce-fragment=\"1\"><\/iframe><\/div>\n<div class=\"eight columns alpha\"><iframe loading=\"lazy\" src=\"https:\/\/www.youtube.com\/embed\/XSbQ5A3lFeg?rel=0\" width=\"390\" height=\"220\" frameborder=\"0\" allowfullscreen=\"allowfullscreen\" data-mce-fragment=\"1\"><\/iframe><\/div>\n<p>&nbsp;<br \/>\n&nbsp;<\/p>\n<p>&nbsp;<\/p>\n<div class=\"sixteen columns alpha omega\"><iframe loading=\"lazy\" src=\"https:\/\/www.youtube.com\/embed\/1jabI1zewD8?rel=0\" width=\"390\" height=\"220\" frameborder=\"0\" allowfullscreen=\"allowfullscreen\" data-mce-fragment=\"1\"><\/iframe><\/div>\n<p>&nbsp;<\/p>\n<\/div>\n<p>\n<\/div><\/div><\/div><\/div><div class=\"btClear btSeparator topSmallSpaced bottomSmallSpaced border\" ><hr><\/div><\/div><\/div><\/div><\/div><\/div><\/div><\/div><\/section><\/p>\n","protected":false},"excerpt":{"rendered":"","protected":false},"author":1,"featured_media":0,"parent":0,"menu_order":0,"comment_status":"closed","ping_status":"closed","template":"","meta":{"ngg_post_thumbnail":0,"footnotes":""},"class_list":["post-3774","page","type-page","status-publish","hentry"],"_links":{"self":[{"href":"https:\/\/dentplus.com.tr\/V2\/wp-json\/wp\/v2\/pages\/3774","targetHints":{"allow":["GET"]}}],"collection":[{"href":"https:\/\/dentplus.com.tr\/V2\/wp-json\/wp\/v2\/pages"}],"about":[{"href":"https:\/\/dentplus.com.tr\/V2\/wp-json\/wp\/v2\/types\/page"}],"author":[{"embeddable":true,"href":"https:\/\/dentplus.com.tr\/V2\/wp-json\/wp\/v2\/users\/1"}],"replies":[{"embeddable":true,"href":"https:\/\/dentplus.com.tr\/V2\/wp-json\/wp\/v2\/comments?post=3774"}],"version-history":[{"count":38,"href":"https:\/\/dentplus.com.tr\/V2\/wp-json\/wp\/v2\/pages\/3774\/revisions"}],"predecessor-version":[{"id":4724,"href":"https:\/\/dentplus.com.tr\/V2\/wp-json\/wp\/v2\/pages\/3774\/revisions\/4724"}],"wp:attachment":[{"href":"https:\/\/dentplus.com.tr\/V2\/wp-json\/wp\/v2\/media?parent=3774"}],"curies":[{"name":"wp","href":"https:\/\/api.w.org\/{rel}","templated":true}]}}