{"id":2596,"date":"2013-11-07T20:32:53","date_gmt":"2013-11-07T18:32:53","guid":{"rendered":"https:\/\/dentplus.com.tr\/V2\/?page_id=2596"},"modified":"2018-10-30T10:27:53","modified_gmt":"2018-10-30T07:27:53","slug":"cene-eklemi-rahatsizliklari-tme","status":"publish","type":"page","link":"https:\/\/dentplus.com.tr\/V2\/cene-eklemi-rahatsizliklari-tme\/","title":{"rendered":"\u00c7ene Eklemi Rahats\u0131zl\u0131klar\u0131 (TME)"},"content":{"rendered":"<p><section id=\"bt_section69ebd15e62769\"  class=\"boldSection topSemiSpaced btDarkSkin gutter inherit wBackground cover btAccentColorBackground\" style=\"background-image:url('https:\/\/dentplus.com.tr\/V2\/wp-content\/uploads\/bllurred-background.jpg');\"><div class=\"port\"><div class=\"boldCell\"><div class=\"boldCellInner\"><div class=\"boldRow  \" ><div class=\"boldRowInner\"><div class=\"rowItem col-md-9 col-ms-12  btTextLeft animate animate-fadein animate-moveleft inherit\"  ><div class=\"rowItemContent\" ><div class=\"btClear btSeparator topExtraSpaced bottomSmallSpaced noBorder\" ><hr><\/div><header class=\"header btClear extralarge btDash topDash  btNormalDash\" ><div class=\"btSuperTitle\">Tedavi Se\u00e7enekleri<\/div><div class=\"dash\"><h1><span class=\"headline\">\u00c7ENE EKLEM\u0130 RAHATSIZLIKLARI (TME)<\/span><\/h1><\/div><\/header><div class=\"btClear btSeparator topSpaced noBorder\" ><hr><\/div><\/div><\/div><div class=\"rowItem col-md-3 col-sm-6 col-ms-12 btTextLeft\"  ><div class=\"rowItemContent\" ><\/div><\/div><\/div><\/div><\/div><\/div><\/div><\/section><section id=\"bt_section69ebd15e62a34\"  class=\"boldSection gutter inherit\" style=\"margin-top: -6px;\"><div class=\"port\"><div class=\"boldCell\"><div class=\"boldCellInner\"><div class=\"boldRow  \" ><div class=\"boldRowInner\"><div class=\"rowItem col-md-3 col-sm-6 col-ms-12 btTextLeft inherit\" style=\"background-color: rgba(0, 179, 204, 1);\" ><div class=\"rowItemContent\" ><div class=\"btClear btSeparator topExtraSmallSpaced noBorder\" ><hr><\/div><\/div><\/div><div class=\"rowItem col-md-3 col-sm-6 col-ms-12 btTextLeft inherit\" style=\"background-color: rgba(0, 161, 190, 1);\" ><div class=\"rowItemContent\" ><div class=\"btClear btSeparator topExtraSmallSpaced noBorder\" ><hr><\/div><\/div><\/div><div class=\"rowItem col-md-3 col-sm-6 col-ms-12 btTextLeft inherit\" style=\"background-color: rgba(0, 135, 170, 1);\" ><div class=\"rowItemContent\" ><div class=\"btClear btSeparator topExtraSmallSpaced noBorder\" ><hr><\/div><\/div><\/div><div class=\"rowItem col-md-3 col-sm-6 col-ms-12 btTextLeft inherit\" style=\"background-color: rgba(0, 109, 149, 1);\" ><div class=\"rowItemContent\" ><div class=\"btClear btSeparator topExtraSmallSpaced noBorder\" ><hr><\/div><\/div><\/div><\/div><\/div><\/div><\/div><\/div><\/section><section id=\"services\" data-parallax=\"0\" data-parallax-offset=\"0\" class=\"boldSection topSpaced bottomSemiSpaced gutter inherit btParallax\" ><div class=\"port\"><div class=\"boldCell\"><div class=\"boldCellInner\"><div class=\"boldRow  \" ><div class=\"boldRowInner\"><div class=\"rowItem col-md-4 col-ms-12 btTextLeft\"  ><div class=\"rowItemContent\" ><div class=\"bpgPhoto btTextCenter\" ><div class=\"btImage\"><img decoding=\"async\" src=\"https:\/\/dentplus.com.tr\/V2\/wp-content\/uploads\/\u00e7enehasla\u011f\u0131-1-320x200.png\" alt=\"\" title=\"\"><\/div><\/div><\/div><\/div><div class=\"rowItem col-md-8 col-ms-12 btTextLeft\"  ><div class=\"rowItemContent\" ><div class=\"btText\" ><\/p>\n<div class=\"sixteen columns\">\n<p style=\"text-align: justify;\"><b>\u00c7ene eklemi(TME) rahats\u0131zl\u0131klar\u0131, toplumda her ya\u015fta g\u00f6r\u00fclebilmekle beraber, daha \u00e7ok gen\u00e7 insanlar\u0131 etkileyebilen hastal\u0131klardand\u0131r. Kimi zaman uzun y\u0131llar, klinik bir belirti vermeden, sadece bir ses olarak ortaya \u00e7\u0131kabilse de, kimi zamanda insanlar\u0131 can\u0131ndan bezdiren a\u011fr\u0131larla karakterizedir. <\/b><\/p>\n<p style=\"text-align: justify;\">TME (\u00e7ene eklemi) rahats\u0131zl\u0131klar\u0131, kulak \u00e7\u0131nlamas\u0131ndan, ba\u015f a\u011fr\u0131s\u0131na, basit bir eklem sesinden \u00e7enede kilitlenmeye kadar de\u011fi\u015fik belirtiler ile karakterizedir. Bunun sonucu olarak, hastalar kulak burun bo\u011faz uzman\u0131ndan, n\u00f6roloji uzman\u0131na, \u00e7ene cerrah\u0131ndan, fizik tedavi uzman\u0131na kadar de\u011fi\u015fik hekimlerle ileti\u015fime ge\u00e7erek dertlerine \u00e7are aralar. Ancak; multidisipliner yakla\u015f\u0131mlar; bir protez uzman\u0131n\u0131n okl\u00fczyon (di\u015flerin kapan\u0131\u015f\u0131) ve dikey boyut de\u011ferlendirmesi olmadan eksik kalabilir.<\/p>\n<p style=\"text-align: justify;\">Temporomandibular eklem (TME); v\u00fccutta mente\u015fe hareketi ile birlikte, kayma hareketi yapabilen tek eklem tipidir. TME disfonksiyonlar\u0131na (\u00e7ene eklemi rahats\u0131zl\u0131klar\u0131na) rastlanan hastalarda, \u00e7o\u011funlukla eklem ve \u00e7evresinde a\u011fr\u0131, eklemde t\u0131k\u0131rt\u0131 sesi, kaslarda hassasiyet ve a\u011fr\u0131, ba\u015f a\u011fr\u0131s\u0131 ve \u00e7ene hareketlerinde k\u0131s\u0131tl\u0131l\u0131k gibi bulgulara rastlanmaktad\u0131r. Kaslarda ki rahats\u0131zl\u0131klar, \u00e7ene eklemini etkileyebildi\u011fi gibi, eklem ve di\u015fe ait bozukluklar da \u00e7evre dokular\u0131, \u00f6zellikle kaslar\u0131 fazlas\u0131yla etkilemektedir.<\/p>\n<p style=\"text-align: justify;\">TME hastal\u0131klar\u0131n\u0131n(\u00c7ene eklem hastal\u0131klar\u0131) tedavi se\u00e7enekleri;<\/p>\n<ol style=\"text-align: justify;\">\n<li>Okluzal Splint tedavisi<\/li>\n<li>Fizik tedavi<\/li>\n<li>Farmakolojik tedavi<\/li>\n<li>Psikiyatrik destek tedavisi se\u00e7eneklerinden biri veya bir ka\u00e7\u0131d\u0131r.<\/li>\n<\/ol>\n<p style=\"text-align: justify;\">Klini\u011fimizde; \u00e7ene y\u00fcz protez uzman\u0131m\u0131z taraf\u0131ndan, hastalar\u0131n endikasyonlar\u0131na ve ihtiya\u00e7lar\u0131na g\u00f6re bu tedaviler yap\u0131lmaktad\u0131r.<\/p>\n<\/div>\n<p>\n<\/div><\/div><\/div><\/div><\/div><div class=\"boldRow  \" ><div class=\"boldRowInner\"><div class=\"rowItem col-md-12 col-ms-12  btTextCenter animate animate-fadein btTextIndent inherit\"  ><div class=\"rowItemContent\" ><div class=\"btClear btSeparator topSemiSpaced noBorder\" ><hr><\/div><\/div><\/div><\/div><\/div><\/div><\/div><\/div><\/section><section id=\"bt_section69ebd15e63403\"  class=\"boldSection topSemiSpaced bottomSemiSpaced btDarkSkin gutter inherit btAccentColorBackground\" style=\"margin-top: -6px;\"><div class=\"port\"><div class=\"boldCell\"><div class=\"boldCellInner\"><div class=\"boldRow  \" ><div class=\"boldRowInner\"><div class=\"rowItem col-md-8 col-ms-12 btTextLeft animate animate-fadein animate-moveup btMiddleVertical\"  ><div class=\"rowItemContent\" ><header class=\"header btClear medium  btAccentDash\" ><div class=\"dash\"><h3><span class=\"headline\">B\u0130ZE ULA\u015eMAK VE RANDEVU ALMAK \u0130\u00c7\u0130N \u0130LET\u0130\u015e\u0130M GE\u00c7\u0130N<\/span><\/h3><\/div><\/header><\/div><\/div><div class=\"rowItem col-md-4 col-ms-12 btTextLeft animate animate-fadein animate-moveup btMiddleVertical\"  ><div class=\"rowItemContent\" ><a href=\"https:\/\/dentplus.com.tr\/V2\/online-randevu\/\" class=\"btBtn btBtn btnFilledStyle btnNormalColor btnSmall btnNormalWidth btnRightPosition btnNoIcon\" ><span class=\"btnInnerText\">Randevu Al<\/span><\/a><\/div><\/div><\/div><\/div><\/div><\/div><\/div><\/section><\/p>\n","protected":false},"excerpt":{"rendered":"","protected":false},"author":1,"featured_media":0,"parent":0,"menu_order":0,"comment_status":"closed","ping_status":"closed","template":"","meta":{"ngg_post_thumbnail":0,"footnotes":""},"class_list":["post-2596","page","type-page","status-publish","hentry"],"_links":{"self":[{"href":"https:\/\/dentplus.com.tr\/V2\/wp-json\/wp\/v2\/pages\/2596","targetHints":{"allow":["GET"]}}],"collection":[{"href":"https:\/\/dentplus.com.tr\/V2\/wp-json\/wp\/v2\/pages"}],"about":[{"href":"https:\/\/dentplus.com.tr\/V2\/wp-json\/wp\/v2\/types\/page"}],"author":[{"embeddable":true,"href":"https:\/\/dentplus.com.tr\/V2\/wp-json\/wp\/v2\/users\/1"}],"replies":[{"embeddable":true,"href":"https:\/\/dentplus.com.tr\/V2\/wp-json\/wp\/v2\/comments?post=2596"}],"version-history":[{"count":7,"href":"https:\/\/dentplus.com.tr\/V2\/wp-json\/wp\/v2\/pages\/2596\/revisions"}],"predecessor-version":[{"id":4144,"href":"https:\/\/dentplus.com.tr\/V2\/wp-json\/wp\/v2\/pages\/2596\/revisions\/4144"}],"wp:attachment":[{"href":"https:\/\/dentplus.com.tr\/V2\/wp-json\/wp\/v2\/media?parent=2596"}],"curies":[{"name":"wp","href":"https:\/\/api.w.org\/{rel}","templated":true}]}}