{"id":2341,"date":"2013-07-24T02:18:34","date_gmt":"2013-07-23T23:18:34","guid":{"rendered":"https:\/\/dentplus.com.tr\/V2\/?page_id=2341"},"modified":"2018-10-30T10:32:14","modified_gmt":"2018-10-30T07:32:14","slug":"estetik-dis-hekimligi","status":"publish","type":"page","link":"https:\/\/dentplus.com.tr\/V2\/estetik-dis-hekimligi\/","title":{"rendered":"Estetik Di\u015f Hekimli\u011fi"},"content":{"rendered":"<p><section id=\"bt_section69ec2d41d47a6\"  class=\"boldSection topSemiSpaced btDarkSkin gutter inherit wBackground cover btAccentColorBackground\" style=\"background-image:url('https:\/\/dentplus.com.tr\/V2\/wp-content\/uploads\/bllurred-background.jpg');\"><div class=\"port\"><div class=\"boldCell\"><div class=\"boldCellInner\"><div class=\"boldRow  \" ><div class=\"boldRowInner\"><div class=\"rowItem col-md-9 col-ms-12  btTextLeft animate animate-fadein animate-moveleft inherit\"  ><div class=\"rowItemContent\" ><div class=\"btClear btSeparator topExtraSpaced bottomSmallSpaced noBorder\" ><hr><\/div><header class=\"header btClear extralarge btDash topDash  btNormalDash\" ><div class=\"btSuperTitle\">Tedavi Se\u00e7enekleri<\/div><div class=\"dash\"><h1><span class=\"headline\">ESTET\u0130K Di\u015e HEKiMLi\u011ei<\/span><\/h1><\/div><\/header><div class=\"btClear btSeparator topSpaced noBorder\" ><hr><\/div><\/div><\/div><div class=\"rowItem col-md-3 col-sm-6 col-ms-12 btTextLeft\"  ><div class=\"rowItemContent\" ><\/div><\/div><\/div><\/div><\/div><\/div><\/div><\/section><section id=\"bt_section69ec2d41d4c2a\"  class=\"boldSection gutter inherit\" style=\"margin-top: -6px;\"><div class=\"port\"><div class=\"boldCell\"><div class=\"boldCellInner\"><div class=\"boldRow  \" ><div class=\"boldRowInner\"><div class=\"rowItem col-md-3 col-sm-6 col-ms-12 btTextLeft inherit\" style=\"background-color: rgba(0, 179, 204, 1);\" ><div class=\"rowItemContent\" ><div class=\"btClear btSeparator topExtraSmallSpaced noBorder\" ><hr><\/div><\/div><\/div><div class=\"rowItem col-md-3 col-sm-6 col-ms-12 btTextLeft inherit\" style=\"background-color: rgba(0, 161, 190, 1);\" ><div class=\"rowItemContent\" ><div class=\"btClear btSeparator topExtraSmallSpaced noBorder\" ><hr><\/div><\/div><\/div><div class=\"rowItem col-md-3 col-sm-6 col-ms-12 btTextLeft inherit\" style=\"background-color: rgba(0, 135, 170, 1);\" ><div class=\"rowItemContent\" ><div class=\"btClear btSeparator topExtraSmallSpaced noBorder\" ><hr><\/div><\/div><\/div><div class=\"rowItem col-md-3 col-sm-6 col-ms-12 btTextLeft inherit\" style=\"background-color: rgba(0, 109, 149, 1);\" ><div class=\"rowItemContent\" ><div class=\"btClear btSeparator topExtraSmallSpaced noBorder\" ><hr><\/div><\/div><\/div><\/div><\/div><\/div><\/div><\/div><\/section><section id=\"services\" data-parallax=\"0\" data-parallax-offset=\"0\" class=\"boldSection topSpaced bottomSemiSpaced gutter inherit btParallax\" ><div class=\"port\"><div class=\"boldCell\"><div class=\"boldCellInner\"><div class=\"boldRow  \" ><div class=\"boldRowInner\"><div class=\"rowItem col-md-4 col-ms-12 btTextLeft\"  ><div class=\"rowItemContent\" ><div class=\"bpgPhoto btTextCenter\" ><div class=\"btImage\"><img decoding=\"async\" src=\"https:\/\/dentplus.com.tr\/V2\/wp-content\/uploads\/estetikdi\u015fhekimli\u011f-1-320x200.png\" alt=\"\" title=\"\"><\/div><\/div><\/div><\/div><div class=\"rowItem col-md-8 col-ms-12 btTextLeft\"  ><div class=\"rowItemContent\" ><div class=\"btText\" ><\/p>\n<p style=\"text-align: justify;\"><strong>Estetik Di\u015fler..<\/strong><\/p>\n<p style=\"text-align: justify;\">Di\u015f ve di\u015f eti esteti\u011fi; g\u00fcn\u00fcm\u00fczde y\u00fcz esteti\u011finin \u00f6nemli \u00f6\u011felerinden biri olmu\u015ftur. Daha g\u00fczel bir g\u00fcl\u00fc\u015fe ve daha beyaz di\u015flere sahip olma iste\u011fi ki\u015filerin g\u00fcn be g\u00fcn daha fazla ilgisini \u00e7ekmekte ve bu sebeple di\u015f hekimli\u011fine ba\u015fvuran hasta say\u0131s\u0131 artmaktad\u0131r. Di\u015f hekimli\u011finde; estetik uygulamalar, farkl\u0131l\u0131klar g\u00f6stermektedir. Beyazlatma i\u015flemi bu uygulamalar i\u00e7erisinde en pop\u00fcleridir.&nbsp;Di\u015flerin formu y\u00fczey \u015fekli, dizilimi kadar renkleri de estetik bir g\u00fcl\u00fc\u015f\u00fcn ana \u00f6\u011felerinden biridir. \u015eekil ve form bozuklu\u011fu olmayan ama ki\u015fiyi rengi ile rahats\u0131z eden di\u015flerde estetik ama\u00e7l\u0131 di\u015flerin beyazlat\u0131lmas\u0131 yeni bir tedavi konsepti olmamakla beraber, son y\u0131llarda teknolojide ki geli\u015fmeler ve geli\u015fen tedavi teknikleriyle s\u0131k kullan\u0131lan ve aran\u0131lan bir tedavi haline gelmi\u015ftir.<\/p>\n<p><a href=\"http:\/\/localhost\/dentplus\/vakalar\/\">Estetik Di\u015f Hekimli\u011fi alan\u0131nda g\u00f6rd\u00fc\u011f\u00fcm\u00fcz vakalar\u0131n nas\u0131l problemerle kar\u015f\u0131la\u015f\u0131p nas\u0131l sonu\u00e7lar ald\u0131\u011f\u0131n\u0131 buraya t\u0131klayarak g\u00f6rebilirsiniz.<\/a><\/p>\n<p>\n<\/div><\/div><\/div><\/div><\/div><div class=\"boldRow  \" ><div class=\"boldRowInner\"><\/div><\/div><div class=\"boldRow  \" ><div class=\"boldRowInner\"><div class=\"rowItem col-md-12 col-ms-12  btTextCenter animate animate-fadein btTextIndent inherit\"  ><div class=\"rowItemContent\" ><div class=\"btClear btSeparator topSemiSpaced noBorder\" ><hr><\/div><\/div><\/div><\/div><\/div><\/div><\/div><\/div><\/section><section id=\"bt_section69ec2d41d5a8e\"  class=\"boldSection topSemiSpaced bottomSemiSpaced btDarkSkin gutter inherit btAccentColorBackground\" style=\"margin-top: -6px;\"><div class=\"port\"><div class=\"boldCell\"><div class=\"boldCellInner\"><div class=\"boldRow  \" ><div class=\"boldRowInner\"><div class=\"rowItem col-md-8 col-ms-12 btTextLeft animate animate-fadein animate-moveup btMiddleVertical\"  ><div class=\"rowItemContent\" ><header class=\"header btClear medium  btAccentDash\" ><div class=\"dash\"><h3><span class=\"headline\">B\u0130ZE ULA\u015eMAK VE RANDEVU ALMAK \u0130\u00c7\u0130N \u0130LET\u0130\u015e\u0130M GE\u00c7\u0130N<\/span><\/h3><\/div><\/header><\/div><\/div><div class=\"rowItem col-md-4 col-ms-12 btTextLeft animate animate-fadein animate-moveup btMiddleVertical\"  ><div class=\"rowItemContent\" ><a href=\"https:\/\/dentplus.com.tr\/V2\/online-randevu\/\" class=\"btBtn btBtn btnFilledStyle btnNormalColor btnSmall btnNormalWidth btnRightPosition btnNoIcon\" ><span class=\"btnInnerText\">Randevu Al<\/span><\/a><\/div><\/div><\/div><\/div><\/div><\/div><\/div><\/section><\/p>\n","protected":false},"excerpt":{"rendered":"","protected":false},"author":1,"featured_media":0,"parent":0,"menu_order":0,"comment_status":"closed","ping_status":"closed","template":"","meta":{"ngg_post_thumbnail":0,"footnotes":""},"class_list":["post-2341","page","type-page","status-publish","hentry"],"_links":{"self":[{"href":"https:\/\/dentplus.com.tr\/V2\/wp-json\/wp\/v2\/pages\/2341","targetHints":{"allow":["GET"]}}],"collection":[{"href":"https:\/\/dentplus.com.tr\/V2\/wp-json\/wp\/v2\/pages"}],"about":[{"href":"https:\/\/dentplus.com.tr\/V2\/wp-json\/wp\/v2\/types\/page"}],"author":[{"embeddable":true,"href":"https:\/\/dentplus.com.tr\/V2\/wp-json\/wp\/v2\/users\/1"}],"replies":[{"embeddable":true,"href":"https:\/\/dentplus.com.tr\/V2\/wp-json\/wp\/v2\/comments?post=2341"}],"version-history":[{"count":24,"href":"https:\/\/dentplus.com.tr\/V2\/wp-json\/wp\/v2\/pages\/2341\/revisions"}],"predecessor-version":[{"id":4147,"href":"https:\/\/dentplus.com.tr\/V2\/wp-json\/wp\/v2\/pages\/2341\/revisions\/4147"}],"wp:attachment":[{"href":"https:\/\/dentplus.com.tr\/V2\/wp-json\/wp\/v2\/media?parent=2341"}],"curies":[{"name":"wp","href":"https:\/\/api.w.org\/{rel}","templated":true}]}}