{"id":1995,"date":"2013-07-03T21:48:32","date_gmt":"2013-07-03T18:48:32","guid":{"rendered":"https:\/\/dentplus.com.tr\/V2\/?page_id=1995"},"modified":"2022-12-27T12:04:37","modified_gmt":"2022-12-27T09:04:37","slug":"dr-fuat-noyun","status":"publish","type":"page","link":"https:\/\/dentplus.com.tr\/V2\/dr-fuat-noyun\/","title":{"rendered":"Dr. Fuat Noyun"},"content":{"rendered":"<p><section id=\"bt_section69ec2cd8c1527\"  class=\"boldSection topSemiSpaced btDarkSkin gutter inherit wBackground cover btAccentColorBackground\" style=\"background-image:url('https:\/\/dentplus.com.tr\/V2\/wp-content\/uploads\/bllurred-background.jpg');padding-top: 150px !important;\"><div class=\"port\"><div class=\"boldCell\"><div class=\"boldCellInner\"><div class=\"boldRow  \" ><div class=\"boldRowInner\"><div class=\"rowItem col-md-4 col-ms-12 btTextLeft animate animate-fadein animate-moveright btBottomVertical btNoPadding\"  ><div class=\"rowItemContent\" ><div class=\"bpgPhoto btTextCenter\" ><div class=\"btImage\"><img decoding=\"async\" src=\"https:\/\/dentplus.com.tr\/V2\/wp-content\/uploads\/fuatnoyundecupe.png\" alt=\"\" title=\"\"><\/div><\/div><\/div><\/div><div class=\"rowItem col-md-8 col-ms-12 btTextLeft animate animate-fadein animate-moveleft inherit btDoublePadding\" style=\"padding-top:50px !important;\" ><div class=\"rowItemContent\" ><div class=\"btClear btSeparator topExtraSpaced bottomSmallSpaced noBorder\" ><hr><\/div><header class=\"header btClear extralarge btDash topDash  btNormalDash\" style=\"text-align:left !important;\"><div class=\"btSuperTitle\">Protez Uzman\u0131<\/div><div class=\"dash\"><h1><span class=\"headline\">Dr. Fuat Noyun<\/span><\/h1><\/div><\/header><div class=\"btClear btSeparator topExtraSmallSpaced noBorder\" ><hr><\/div><\/div><\/div><\/div><\/div><\/div><\/div><\/div><\/section><section id=\"bt_section69ec2cd8c1a6a\"  class=\"boldSection gutter inherit\" style=\"margin-top: -6px;\"><div class=\"port\"><div class=\"boldCell\"><div class=\"boldCellInner\"><div class=\"boldRow  \" ><div class=\"boldRowInner\"><div class=\"rowItem col-md-3 col-sm-6 col-ms-12 btTextLeft inherit\" style=\"background-color: rgba(0, 179, 204, 1);\" ><div class=\"rowItemContent\" ><div class=\"btClear btSeparator topExtraSmallSpaced noBorder\" ><hr><\/div><\/div><\/div><div class=\"rowItem col-md-3 col-sm-6 col-ms-12 btTextLeft inherit\" style=\"background-color: rgba(0, 161, 190, 1);\" ><div class=\"rowItemContent\" ><div class=\"btClear btSeparator topExtraSmallSpaced noBorder\" ><hr><\/div><\/div><\/div><div class=\"rowItem col-md-3 col-sm-6 col-ms-12 btTextLeft inherit\" style=\"background-color: rgba(0, 135, 170, 1);\" ><div class=\"rowItemContent\" ><div class=\"btClear btSeparator topExtraSmallSpaced noBorder\" ><hr><\/div><\/div><\/div><div class=\"rowItem col-md-3 col-sm-6 col-ms-12 btTextLeft inherit\" style=\"background-color: rgba(0, 109, 149, 1);\" ><div class=\"rowItemContent\" ><div class=\"btClear btSeparator topExtraSmallSpaced noBorder\" ><hr><\/div><\/div><\/div><\/div><\/div><\/div><\/div><\/div><\/section><section id=\"bt_section69ec2cd8c1cf9\"  class=\"boldSection topSemiSpaced bottomSpaced gutter inherit\" style=\"background-color:#f1f1f1;\"><div class=\"port\"><div class=\"boldCell\"><div class=\"boldCellInner\"><div class=\"boldRow  \" ><div class=\"boldRowInner\"><div class=\"rowItem col-md-12 col-ms-12  btTextLeft animate animate-fadein inherit btDoublePadding\"  ><div class=\"rowItemContent\" ><div class=\"boldRow boldInnerRow  \" ><div class=\"rowItem rowInnerItem col-md-12  btTextLeft\"  ><div class=\"rowItemContent\"><div class=\"btText\" ><\/p>\n<section class=\"page-section\">\n<div class=\"row\">\n<div id=\"post-1994\" class=\"post-1994 page type-page status-publish hentry\">\n<div class=\"sixteen columns\">\n<p>1971 y\u0131l\u0131nda Adana da dogdu. 1989 y\u0131l\u0131nda Tarsus Amerikan Lisesinden mezun oldu. 1990 y\u0131l\u0131nda girdi\u011fi \u0130stanbul \u00dcniversitesi Di\u015fhekimli\u011fi Fak\u00fcltesinden 1995 y\u0131l\u0131nda mezun oldu. 1996 y\u0131I\u0131nda girdi\u011fi \u0130stanbul \u00dcniversitesi Di\u015fhekimli\u011fi Fak\u00fcltesi \u00c7ene Y\u00fcz Protezleri Anabilim Dal\u0131nda ba\u015flad\u0131\u011f\u0131 doktora e\u011fitimini 2001 y\u0131l\u0131nda tamamlad\u0131. 2002 y\u0131l\u0131nda Yeditepe \u00dcniversitesi Di\u015fhekimli\u011fi Fak\u00fcltesinde TME hastal\u0131klar\u0131 ve \u00e7ene eklemi \u00fcnitesinde&nbsp; akademik hayata ba\u015flad\u0131. 2005 y\u0131l\u0131nda yard\u0131mc\u0131 do\u00e7ent oldu. 2009 y\u0131l\u0131nda kendi iste\u011fi ile \u00fcniversiteden ayr\u0131ld\u0131.<\/p>\n<\/div>\n<\/div>\n<\/div>\n<\/section>\n<section class=\"page-section\"><\/section>\n<p>\n<\/div><\/div><\/div><\/div><div class=\"btClear btSeparator topSmallSpaced bottomSmallSpaced border\" ><hr><\/div><\/div><\/div><\/div><\/div><\/div><\/div><\/div><\/section><\/p>\n","protected":false},"excerpt":{"rendered":"","protected":false},"author":1,"featured_media":0,"parent":0,"menu_order":0,"comment_status":"closed","ping_status":"closed","template":"","meta":{"ngg_post_thumbnail":0,"footnotes":""},"class_list":["post-1995","page","type-page","status-publish","hentry"],"_links":{"self":[{"href":"https:\/\/dentplus.com.tr\/V2\/wp-json\/wp\/v2\/pages\/1995","targetHints":{"allow":["GET"]}}],"collection":[{"href":"https:\/\/dentplus.com.tr\/V2\/wp-json\/wp\/v2\/pages"}],"about":[{"href":"https:\/\/dentplus.com.tr\/V2\/wp-json\/wp\/v2\/types\/page"}],"author":[{"embeddable":true,"href":"https:\/\/dentplus.com.tr\/V2\/wp-json\/wp\/v2\/users\/1"}],"replies":[{"embeddable":true,"href":"https:\/\/dentplus.com.tr\/V2\/wp-json\/wp\/v2\/comments?post=1995"}],"version-history":[{"count":16,"href":"https:\/\/dentplus.com.tr\/V2\/wp-json\/wp\/v2\/pages\/1995\/revisions"}],"predecessor-version":[{"id":4957,"href":"https:\/\/dentplus.com.tr\/V2\/wp-json\/wp\/v2\/pages\/1995\/revisions\/4957"}],"wp:attachment":[{"href":"https:\/\/dentplus.com.tr\/V2\/wp-json\/wp\/v2\/media?parent=1995"}],"curies":[{"name":"wp","href":"https:\/\/api.w.org\/{rel}","templated":true}]}}